{"id":7997,"date":"2022-06-28T18:00:47","date_gmt":"2022-06-28T10:00:47","guid":{"rendered":"https:\/\/sellersunionagent.com\/?post_type=product&#038;p=7997"},"modified":"2022-07-09T15:45:12","modified_gmt":"2022-07-09T07:45:12","slug":"podrozny-kuferek-na-kosmetyki-do-makijazu-przenosny-organizer-rozowy","status":"publish","type":"product","link":"https:\/\/www.sellersunionagent.com\/pl\/travel-makeup-train-case-makeup-cosmetic-case-organizer-portable-pink\/","title":{"rendered":"Podr\u00f3\u017cny kuferek na kosmetyki do makija\u017cu Przeno\u015bny r\u00f3\u017cowy kuferek na kosmetyki do makija\u017cu"},"content":{"rendered":"<h2>Podr\u00f3\u017cny kuferek na kosmetyki do makija\u017cu Przeno\u015bny r\u00f3\u017cowy kuferek na kosmetyki do makija\u017cu<\/h2>\n<p>&nbsp;<\/p>\n<p>&nbsp;<\/p>\n<p>Ta kosmetyczka jest wykonana z wysokiej jako\u015bci poliestru. Jest trwa\u0142a i \u0142atwa w czyszczeniu, wystarczy przetrze\u0107 j\u0105 wilgotn\u0105 szmatk\u0105.<\/p>\n<p>&nbsp;<\/p>\n<p>Dost\u0119pne s\u0105 dwa rozmiary: 28X11X18CM i 23x8X16CM. R\u00f3\u017cne rozmiary dla r\u00f3\u017cnych wymaga\u0144. Waga wynosi odpowiednio 240 g i 200 g, co jest bardzo lekkie do przenoszenia.<\/p>\n<p>&nbsp;<\/p>\n<p>&nbsp;<\/p>\n<p>Ta torba jest odpowiednia dla student\u00f3w, nastolatk\u00f3w, dziewcz\u0105t i kobiet. Mo\u017ce by\u0107 stosowana w \u017cyciu codziennym, podr\u00f3\u017cy s\u0142u\u017cbowej, podr\u00f3\u017cy i weekendzie.<\/p>\n<p>&nbsp;<\/p>\n<p>&nbsp;<\/p>\n<p><img fetchpriority=\"high\" decoding=\"async\" class=\"aligncenter wp-image-8009\" src=\"https:\/\/www.sellersunionagent.com\/wp-content\/uploads\/2022\/06\/travel-makeup-train-case-makeup-2.jpg\" alt=\"\" width=\"600\" height=\"600\" \/><img decoding=\"async\" class=\"aligncenter wp-image-8872\" src=\"https:\/\/www.sellersunionagent.com\/wp-content\/uploads\/2022\/06\/makeup-bags-supplier-2.png\" alt=\"Produkcja w Chinach\" width=\"600\" height=\"323\" \/> <img decoding=\"async\" class=\"aligncenter wp-image-8873\" src=\"https:\/\/www.sellersunionagent.com\/wp-content\/uploads\/2022\/06\/makeup-bags-supplier-1.png\" alt=\"\" width=\"600\" height=\"416\" \/> <img loading=\"lazy\" decoding=\"async\" class=\"aligncenter wp-image-8874\" src=\"https:\/\/www.sellersunionagent.com\/wp-content\/uploads\/2022\/06\/makeup-bags-supplier.png\" alt=\"\" width=\"600\" height=\"442\" \/><\/p>","protected":false},"excerpt":{"rendered":"<p><strong>Typ<\/strong>: Kosmetyczka<\/p>\n<p><strong>Numer pozycji:<\/strong>\u00a0MYXS-007<\/p>\n<p><strong>Rozmiar i waga przedmiotu<\/strong>:<\/p>\n<p>26x9X18CM-80G<\/p>","protected":false},"featured_media":8007,"comment_status":"open","ping_status":"closed","template":"","meta":{"_acf_changed":false},"product_brand":[],"product_cat":[30],"product_tag":[78,93,64,67],"class_list":{"0":"post-7997","1":"product","2":"type-product","3":"status-publish","4":"has-post-thumbnail","6":"product_cat-makeup-bag","7":"product_tag-makeup-bag","8":"product_tag-storage","9":"product_tag-travel","10":"product_tag-travel-organizer","12":"first","13":"instock","14":"shipping-taxable","15":"product-type-simple","16":"swiper-slide"},"acf":[],"_links":{"self":[{"href":"https:\/\/www.sellersunionagent.com\/pl\/wp-json\/wp\/v2\/product\/7997","targetHints":{"allow":["GET"]}}],"collection":[{"href":"https:\/\/www.sellersunionagent.com\/pl\/wp-json\/wp\/v2\/product"}],"about":[{"href":"https:\/\/www.sellersunionagent.com\/pl\/wp-json\/wp\/v2\/types\/product"}],"replies":[{"embeddable":true,"href":"https:\/\/www.sellersunionagent.com\/pl\/wp-json\/wp\/v2\/comments?post=7997"}],"wp:featuredmedia":[{"embeddable":true,"href":"https:\/\/www.sellersunionagent.com\/pl\/wp-json\/wp\/v2\/media\/8007"}],"wp:attachment":[{"href":"https:\/\/www.sellersunionagent.com\/pl\/wp-json\/wp\/v2\/media?parent=7997"}],"wp:term":[{"taxonomy":"product_brand","embeddable":true,"href":"https:\/\/www.sellersunionagent.com\/pl\/wp-json\/wp\/v2\/product_brand?post=7997"},{"taxonomy":"product_cat","embeddable":true,"href":"https:\/\/www.sellersunionagent.com\/pl\/wp-json\/wp\/v2\/product_cat?post=7997"},{"taxonomy":"product_tag","embeddable":true,"href":"https:\/\/www.sellersunionagent.com\/pl\/wp-json\/wp\/v2\/product_tag?post=7997"}],"curies":[{"name":"wp","href":"https:\/\/api.w.org\/{rel}","templated":true}]}}