{"id":7981,"date":"2022-06-28T17:50:29","date_gmt":"2022-06-28T09:50:29","guid":{"rendered":"https:\/\/sellersunionagent.com\/?post_type=product&#038;p=7981"},"modified":"2026-01-06T14:29:25","modified_gmt":"2026-01-06T06:29:25","slug":"travel-makeup-bag-toiletry-bag-for-women-and-girls","status":"publish","type":"product","link":"https:\/\/www.sellersunionagent.com\/pl\/travel-makeup-bag-toiletry-bag-for-women-and-girls\/","title":{"rendered":"Podr\u00f3\u017cna kosmetyczka dla kobiet i dziewcz\u0105t"},"content":{"rendered":"<h2>Podr\u00f3\u017cna kosmetyczka dla kobiet i dziewcz\u0105t<\/h2>\n<p>&nbsp;<\/p>\n<p>Ta kosmetyczka jest wykonana z wysokiej jako\u015bci poliestru. Jest trwa\u0142a i \u0142atwa w czyszczeniu, wystarczy przetrze\u0107 j\u0105 wilgotn\u0105 szmatk\u0105.<\/p>\n<p>Dost\u0119pne s\u0105 dwa rozmiary: 28X11X18CM i 23x8X16CM. R\u00f3\u017cne rozmiary dla r\u00f3\u017cnych wymaga\u0144. Waga wynosi odpowiednio 240 g i 200 g, co jest bardzo lekkie do przenoszenia.<\/p>\n<p>Ta torba jest odpowiednia dla student\u00f3w, nastolatk\u00f3w, dziewcz\u0105t i kobiet. Mo\u017ce by\u0107 stosowana w \u017cyciu codziennym, podr\u00f3\u017cy s\u0142u\u017cbowej, podr\u00f3\u017cy i weekendzie.<\/p>\n<p style=\"text-align: center\">\n<p style=\"text-align: center\"><strong>Typ<\/strong>: Kosmetyczka<\/p>\n<p style=\"text-align: center\"><strong>Numer pozycji:<\/strong>\u00a0MYNBA2<\/p>\n<p style=\"text-align: center\"><strong>Rozmiar i waga przedmiotu<\/strong>:<\/p>\n<p style=\"text-align: center\">24*15*15cm&#8211;450g<\/p>\n<p><img fetchpriority=\"high\" decoding=\"async\" class=\"aligncenter wp-image-7992\" src=\"https:\/\/www.sellersunionagent.com\/wp-content\/uploads\/2022\/06\/travel-makeup-bag-toiletry-bag-2.jpg\" alt=\"\" width=\"600\" height=\"600\" \/><\/p>\n<p><img decoding=\"async\" class=\"aligncenter wp-image-7995\" src=\"https:\/\/www.sellersunionagent.com\/wp-content\/uploads\/2022\/06\/travel-makeup-bag-toiletry-bag-5.jpg\" alt=\"\" width=\"600\" height=\"600\" \/><\/p>\n<p><img decoding=\"async\" class=\"aligncenter wp-image-7996\" src=\"https:\/\/www.sellersunionagent.com\/wp-content\/uploads\/2022\/06\/travel-makeup-bag-toiletry-bag-7.jpg\" alt=\"\" width=\"600\" height=\"600\" \/><\/p>","protected":false},"excerpt":{"rendered":"<p><strong>MOQ<\/strong>:  100 szt.<br \/>\n<strong>Bezp\u0142atna pr\u00f3bka<\/strong>:  Obs\u0142ugiwane<br \/>\n<strong>Personalizacja<\/strong>logo \/ kolor \/ materia\u0142y \/ opakowanie itp.<br \/>\n<strong>Zni\u017cka<\/strong>:  Pierwsze zam\u00f3wienia ju\u017c od 10% taniej.<br \/>\n<strong>Wska\u017anik terminowo\u015bci dostaw<\/strong>:\u00a0 100%<br \/>\n<strong>Przesy\u0142ki og\u00f3\u0142em<\/strong>75500 sztuk<br \/>\n<strong>Wysy\u0142ka<\/strong>: Fracht morski Fracht l\u0105dowy<\/p>","protected":false},"featured_media":7994,"comment_status":"open","ping_status":"closed","template":"","meta":{"_acf_changed":false},"product_brand":[],"product_cat":[30],"product_tag":[171,78,115,93],"class_list":{"0":"post-7981","1":"product","2":"type-product","3":"status-publish","4":"has-post-thumbnail","6":"product_cat-makeup-bag","7":"product_tag-make-up-hot","8":"product_tag-makeup-bag","9":"product_tag-retailer","10":"product_tag-storage","12":"first","13":"instock","14":"shipping-taxable","15":"purchasable","16":"product-type-simple","17":"swiper-slide"},"acf":[],"_links":{"self":[{"href":"https:\/\/www.sellersunionagent.com\/pl\/wp-json\/wp\/v2\/product\/7981","targetHints":{"allow":["GET"]}}],"collection":[{"href":"https:\/\/www.sellersunionagent.com\/pl\/wp-json\/wp\/v2\/product"}],"about":[{"href":"https:\/\/www.sellersunionagent.com\/pl\/wp-json\/wp\/v2\/types\/product"}],"replies":[{"embeddable":true,"href":"https:\/\/www.sellersunionagent.com\/pl\/wp-json\/wp\/v2\/comments?post=7981"}],"wp:featuredmedia":[{"embeddable":true,"href":"https:\/\/www.sellersunionagent.com\/pl\/wp-json\/wp\/v2\/media\/7994"}],"wp:attachment":[{"href":"https:\/\/www.sellersunionagent.com\/pl\/wp-json\/wp\/v2\/media?parent=7981"}],"wp:term":[{"taxonomy":"product_brand","embeddable":true,"href":"https:\/\/www.sellersunionagent.com\/pl\/wp-json\/wp\/v2\/product_brand?post=7981"},{"taxonomy":"product_cat","embeddable":true,"href":"https:\/\/www.sellersunionagent.com\/pl\/wp-json\/wp\/v2\/product_cat?post=7981"},{"taxonomy":"product_tag","embeddable":true,"href":"https:\/\/www.sellersunionagent.com\/pl\/wp-json\/wp\/v2\/product_tag?post=7981"}],"curies":[{"name":"wp","href":"https:\/\/api.w.org\/{rel}","templated":true}]}}