{"id":7980,"date":"2022-06-28T17:49:42","date_gmt":"2022-06-28T09:49:42","guid":{"rendered":"https:\/\/sellersunionagent.com\/?post_type=product&#038;p=7980"},"modified":"2026-01-06T14:29:26","modified_gmt":"2026-01-06T06:29:26","slug":"wholesale-new-stylr-cosmetic-bag-makeup-bag-for-travel","status":"publish","type":"product","link":"https:\/\/www.sellersunionagent.com\/pl\/wholesale-new-stylr-cosmetic-bag-makeup-bag-for-travel\/","title":{"rendered":"Hurtowa kosmetyczka w nowym stylu do makija\u017cu w podr\u00f3\u017cy"},"content":{"rendered":"<h2 id=\"title\" class=\"a-size-large a-spacing-none\"><span id=\"productTitle\" class=\"a-size-large product-title-word-break\">Portable Travel Cosmetic Bag Waterproof Organizer Case with Zipper Bags<\/span><\/h2>\n<p>&nbsp;<\/p>\n<p>&nbsp;<\/p>\n<ul>\n<li>\u3010PERFECT TRAVEL BAGS FOR WOMEN\u3011&#8212; These make up bags are portable and lightweight with sturdy handle. Waterproof, shockproof and durable fabric protects your gear from spills, easy to wipe down.Reliable double zippers make the cosmetic bag super easy to put in or take out stuff.<\/li>\n<\/ul>\n<p>&nbsp;<\/p>\n<p>&nbsp;<\/p>\n<ul>\n<li>\u3010 GREAT GIFT\u3011&#8212; It is a good ideal gift for Daily Holiday, Birthday, Valentine&#8217;s Day, Christmas and more. You can use it as a cosmetic bag, make up pouch or toiletry bag, even a purse for teens or girls. It convenient to store and carry your personal care products and cosmetic accessories.Three sizes are available for different occasions: office, school, travel, gym, camping, home use and more.<\/li>\n<\/ul>\n<p>&nbsp;<\/p>\n<p>&nbsp;<\/p>\n<p style=\"text-align: center\"><strong>Typ<\/strong>: kosmetyczka<\/p>\n<p style=\"text-align: center\"><strong>Numer pozycji:<\/strong> QY307<\/p>\n<p style=\"text-align: center\"><strong>Rozmiar elementu<\/strong>: 25.5*9*16cm<\/p>\n<p style=\"text-align: center\"><strong>Waga przedmiotu<\/strong>: 196g<\/p>\n<p style=\"text-align: center\"><strong>Materia\u0142:<\/strong>Polyester fabrics<\/p>\n<p><img fetchpriority=\"high\" decoding=\"async\" class=\"aligncenter wp-image-7983\" src=\"https:\/\/www.sellersunionagent.com\/wp-content\/uploads\/2022\/06\/wholesale-new-style-cosmetic-bag-1.jpg\" alt=\"\" width=\"500\" height=\"500\" \/><\/p>\n<p><img decoding=\"async\" class=\"aligncenter wp-image-7985\" src=\"https:\/\/www.sellersunionagent.com\/wp-content\/uploads\/2022\/06\/wholesale-new-style-cosmetic-bag-3.jpg\" alt=\"\" width=\"500\" height=\"500\" \/><\/p>\n<p><img decoding=\"async\" class=\"aligncenter wp-image-7986\" src=\"https:\/\/www.sellersunionagent.com\/wp-content\/uploads\/2022\/06\/wholesale-new-style-cosmetic-bag-4.jpg\" alt=\"\" width=\"500\" height=\"500\" \/><\/p>","protected":false},"excerpt":{"rendered":"<p><strong>MOQ<\/strong>:  100 szt.<br \/>\n<strong>Bezp\u0142atna pr\u00f3bka<\/strong>:  Obs\u0142ugiwane<br \/>\n<strong>Personalizacja<\/strong>logo \/ kolor \/ materia\u0142y \/ opakowanie itp.<br \/>\n<strong>Zni\u017cka<\/strong>:  Pierwsze zam\u00f3wienia ju\u017c od 10% taniej.<br \/>\n<strong>Wska\u017anik terminowo\u015bci dostaw<\/strong>:\u00a0 100%<br \/>\n<strong>Przesy\u0142ki og\u00f3\u0142em<\/strong>75500 sztuk<br \/>\n<strong>Wysy\u0142ka<\/strong>: Fracht morski Fracht l\u0105dowy<\/p>","protected":false},"featured_media":7982,"comment_status":"open","ping_status":"closed","template":"","meta":{"_acf_changed":false},"product_brand":[],"product_cat":[30],"product_tag":[171,78,94,60,53],"class_list":{"0":"post-7980","1":"product","2":"type-product","3":"status-publish","4":"has-post-thumbnail","6":"product_cat-makeup-bag","7":"product_tag-make-up-hot","8":"product_tag-makeup-bag","9":"product_tag-organizer","10":"product_tag-portable","11":"product_tag-professional-supplier","13":"first","14":"instock","15":"shipping-taxable","16":"purchasable","17":"product-type-simple","18":"swiper-slide"},"acf":[],"_links":{"self":[{"href":"https:\/\/www.sellersunionagent.com\/pl\/wp-json\/wp\/v2\/product\/7980","targetHints":{"allow":["GET"]}}],"collection":[{"href":"https:\/\/www.sellersunionagent.com\/pl\/wp-json\/wp\/v2\/product"}],"about":[{"href":"https:\/\/www.sellersunionagent.com\/pl\/wp-json\/wp\/v2\/types\/product"}],"replies":[{"embeddable":true,"href":"https:\/\/www.sellersunionagent.com\/pl\/wp-json\/wp\/v2\/comments?post=7980"}],"wp:featuredmedia":[{"embeddable":true,"href":"https:\/\/www.sellersunionagent.com\/pl\/wp-json\/wp\/v2\/media\/7982"}],"wp:attachment":[{"href":"https:\/\/www.sellersunionagent.com\/pl\/wp-json\/wp\/v2\/media?parent=7980"}],"wp:term":[{"taxonomy":"product_brand","embeddable":true,"href":"https:\/\/www.sellersunionagent.com\/pl\/wp-json\/wp\/v2\/product_brand?post=7980"},{"taxonomy":"product_cat","embeddable":true,"href":"https:\/\/www.sellersunionagent.com\/pl\/wp-json\/wp\/v2\/product_cat?post=7980"},{"taxonomy":"product_tag","embeddable":true,"href":"https:\/\/www.sellersunionagent.com\/pl\/wp-json\/wp\/v2\/product_tag?post=7980"}],"curies":[{"name":"wp","href":"https:\/\/api.w.org\/{rel}","templated":true}]}}