{"id":7962,"date":"2022-06-28T17:44:37","date_gmt":"2022-06-28T09:44:37","guid":{"rendered":"https:\/\/sellersunionagent.com\/?post_type=product&#038;p=7962"},"modified":"2022-07-11T13:42:17","modified_gmt":"2022-07-11T05:42:17","slug":"przenosna-torba-do-makijazu-dla-studentow-uniwersytetow-od-producenta-z-chin","status":"publish","type":"product","link":"https:\/\/www.sellersunionagent.com\/pl\/portable-makeup-bag-for-university-students-from-china-manufacturer\/","title":{"rendered":"Przeno\u015bna torba do makija\u017cu dla student\u00f3w uniwersytet\u00f3w od chi\u0144skiego producenta"},"content":{"rendered":"<h2>Przeno\u015bna torba do makija\u017cu dla student\u00f3w uniwersytet\u00f3w od chi\u0144skiego producenta<\/h2>\n<p>&nbsp;<\/p>\n<p>&nbsp;<\/p>\n<p>Ta kosmetyczka jest wykonana z wysokiej jako\u015bci poliestru. Jest trwa\u0142a i \u0142atwa w czyszczeniu, wystarczy przetrze\u0107 j\u0105 wilgotn\u0105 szmatk\u0105.<\/p>\n<p>&nbsp;<\/p>\n<p>&nbsp;<\/p>\n<p>Dost\u0119pne s\u0105 dwa rozmiary: 28X11X18CM i 23x8X16CM. R\u00f3\u017cne rozmiary dla r\u00f3\u017cnych wymaga\u0144. Waga wynosi odpowiednio 240 g i 200 g, co jest bardzo lekkie do przenoszenia.<\/p>\n<p>&nbsp;<\/p>\n<p>&nbsp;<\/p>\n<p>Ta torba jest odpowiednia dla student\u00f3w, nastolatk\u00f3w, dziewcz\u0105t i kobiet. Mo\u017ce by\u0107 stosowana w \u017cyciu codziennym, podr\u00f3\u017cy s\u0142u\u017cbowej, podr\u00f3\u017cy i weekendzie.<\/p>\n<p>&nbsp;<\/p>\n<p><img fetchpriority=\"high\" decoding=\"async\" class=\"aligncenter wp-image-7979\" src=\"https:\/\/www.sellersunionagent.com\/wp-content\/uploads\/2022\/06\/portable-makeup-bag-for-university-students-3.jpg\" alt=\"\" width=\"600\" height=\"600\" \/><img decoding=\"async\" class=\"aligncenter wp-image-8857\" src=\"https:\/\/www.sellersunionagent.com\/wp-content\/uploads\/2022\/06\/makeup-bags-supplier-9.jpg\" alt=\"\" width=\"600\" height=\"600\" \/> <img decoding=\"async\" class=\"aligncenter wp-image-8858\" src=\"https:\/\/www.sellersunionagent.com\/wp-content\/uploads\/2022\/06\/makeup-bags-supplier-8.jpg\" alt=\"\" width=\"600\" height=\"600\" \/><img loading=\"lazy\" decoding=\"async\" class=\"aligncenter wp-image-8862\" src=\"https:\/\/www.sellersunionagent.com\/wp-content\/uploads\/2022\/06\/makeup-bags-supplier-4.png\" alt=\"\" width=\"600\" height=\"697\" \/><\/p>","protected":false},"excerpt":{"rendered":"<p><strong>Typ<\/strong>: Kosmetyczka<\/p>\n<p><strong>Numer pozycji:<\/strong>\u00a0MYHZB03<\/p>\n<p><strong>Rozmiar i waga przedmiotu<\/strong>:<\/p>\n<p>Medium-23x8X16CM-200g<\/p>\n<p>Large-28X11X18CM-240g<\/p>","protected":false},"featured_media":8856,"comment_status":"open","ping_status":"closed","template":"","meta":{"_acf_changed":false},"product_brand":[],"product_cat":[30],"product_tag":[78,93,64],"class_list":{"0":"post-7962","1":"product","2":"type-product","3":"status-publish","4":"has-post-thumbnail","6":"product_cat-makeup-bag","7":"product_tag-makeup-bag","8":"product_tag-storage","9":"product_tag-travel","11":"first","12":"instock","13":"shipping-taxable","14":"product-type-simple","15":"swiper-slide"},"acf":[],"_links":{"self":[{"href":"https:\/\/www.sellersunionagent.com\/pl\/wp-json\/wp\/v2\/product\/7962","targetHints":{"allow":["GET"]}}],"collection":[{"href":"https:\/\/www.sellersunionagent.com\/pl\/wp-json\/wp\/v2\/product"}],"about":[{"href":"https:\/\/www.sellersunionagent.com\/pl\/wp-json\/wp\/v2\/types\/product"}],"replies":[{"embeddable":true,"href":"https:\/\/www.sellersunionagent.com\/pl\/wp-json\/wp\/v2\/comments?post=7962"}],"wp:featuredmedia":[{"embeddable":true,"href":"https:\/\/www.sellersunionagent.com\/pl\/wp-json\/wp\/v2\/media\/8856"}],"wp:attachment":[{"href":"https:\/\/www.sellersunionagent.com\/pl\/wp-json\/wp\/v2\/media?parent=7962"}],"wp:term":[{"taxonomy":"product_brand","embeddable":true,"href":"https:\/\/www.sellersunionagent.com\/pl\/wp-json\/wp\/v2\/product_brand?post=7962"},{"taxonomy":"product_cat","embeddable":true,"href":"https:\/\/www.sellersunionagent.com\/pl\/wp-json\/wp\/v2\/product_cat?post=7962"},{"taxonomy":"product_tag","embeddable":true,"href":"https:\/\/www.sellersunionagent.com\/pl\/wp-json\/wp\/v2\/product_tag?post=7962"}],"curies":[{"name":"wp","href":"https:\/\/api.w.org\/{rel}","templated":true}]}}