{"id":7961,"date":"2022-06-28T17:33:55","date_gmt":"2022-06-28T09:33:55","guid":{"rendered":"https:\/\/sellersunionagent.com\/?post_type=product&#038;p=7961"},"modified":"2022-08-31T14:15:04","modified_gmt":"2022-08-31T06:15:04","slug":"large-under-bed-shoe-storage-organizer-for-home-storage","status":"publish","type":"product","link":"https:\/\/www.sellersunionagent.com\/pl\/large-under-bed-shoe-storage-organizer-for-home-storage\/","title":{"rendered":"Du\u017cy organizer na buty pod \u0142\u00f3\u017ckiem do przechowywania w domu"},"content":{"rendered":"<h2>Large Under Bed Shoe Storage Organizer &#8211; Underbed Storage Solution Fits Men&#8217;s and Women&#8217;s Clothes<\/h2>\n<p>&nbsp;<\/p>\n<p>&nbsp;<\/p>\n<ul>\n<li><strong>Thoughtful Handle Design:<\/strong> The handle is easy to pull out, can be placed horizontally or linear, making it suitable for most underbed spaces.<\/li>\n<\/ul>\n<p>&nbsp;<\/p>\n<p>&nbsp;<\/p>\n<ul>\n<li><strong>Clear Window Design:<\/strong> The see-through clear PVC window lets you pick your clothes before taking them out, keeping them clean all the time. These seasonal storage boxes are great for storage.<\/li>\n<\/ul>\n<p>&nbsp;<\/p>\n<p><img fetchpriority=\"high\" decoding=\"async\" class=\"aligncenter wp-image-9090\" src=\"https:\/\/www.sellersunionagent.com\/wp-content\/uploads\/2022\/06\/\u5fae\u4fe1\u56fe\u7247_202207091442401.png\" alt=\"dostawca hurtowy\" width=\"500\" height=\"401\" \/> <img decoding=\"async\" class=\"aligncenter wp-image-9088\" src=\"https:\/\/www.sellersunionagent.com\/wp-content\/uploads\/2022\/06\/\u5fae\u4fe1\u56fe\u7247_20220709144240.png\" alt=\"dostawca hurtowy\" width=\"500\" height=\"417\" \/><\/p>\n<p><img decoding=\"async\" class=\"aligncenter wp-image-7965\" src=\"https:\/\/www.sellersunionagent.com\/wp-content\/uploads\/2022\/06\/large-under-bed-shoe-storage-organizer-2.jpg\" alt=\"\" width=\"500\" height=\"500\" \/><\/p>","protected":false},"excerpt":{"rendered":"<p><strong>Typ<\/strong>: Organizacja domu<\/p>\n<p><strong>Numer pozycji:<\/strong> QYSNB09<\/p>\n<p><strong>Rozmiar elementu<\/strong>: 97x15x33cm<\/p>\n<p><strong>Waga przedmiotu<\/strong>: 200g<\/p>\n<p><strong>Materia\u0142:<\/strong>W\u0142\u00f3kniny<\/p>","protected":false},"featured_media":7967,"comment_status":"open","ping_status":"closed","template":"","meta":{"_acf_changed":false},"product_brand":[],"product_cat":[31,187],"product_tag":[121,73],"class_list":{"0":"post-7961","1":"product","2":"type-product","3":"status-publish","4":"has-post-thumbnail","6":"product_cat-home-storage","7":"product_cat-bedroom","8":"product_tag-custom","9":"product_tag-home-storagewholesaledurable","11":"first","12":"instock","13":"shipping-taxable","14":"product-type-simple","15":"swiper-slide"},"acf":[],"_links":{"self":[{"href":"https:\/\/www.sellersunionagent.com\/pl\/wp-json\/wp\/v2\/product\/7961","targetHints":{"allow":["GET"]}}],"collection":[{"href":"https:\/\/www.sellersunionagent.com\/pl\/wp-json\/wp\/v2\/product"}],"about":[{"href":"https:\/\/www.sellersunionagent.com\/pl\/wp-json\/wp\/v2\/types\/product"}],"replies":[{"embeddable":true,"href":"https:\/\/www.sellersunionagent.com\/pl\/wp-json\/wp\/v2\/comments?post=7961"}],"wp:featuredmedia":[{"embeddable":true,"href":"https:\/\/www.sellersunionagent.com\/pl\/wp-json\/wp\/v2\/media\/7967"}],"wp:attachment":[{"href":"https:\/\/www.sellersunionagent.com\/pl\/wp-json\/wp\/v2\/media?parent=7961"}],"wp:term":[{"taxonomy":"product_brand","embeddable":true,"href":"https:\/\/www.sellersunionagent.com\/pl\/wp-json\/wp\/v2\/product_brand?post=7961"},{"taxonomy":"product_cat","embeddable":true,"href":"https:\/\/www.sellersunionagent.com\/pl\/wp-json\/wp\/v2\/product_cat?post=7961"},{"taxonomy":"product_tag","embeddable":true,"href":"https:\/\/www.sellersunionagent.com\/pl\/wp-json\/wp\/v2\/product_tag?post=7961"}],"curies":[{"name":"wp","href":"https:\/\/api.w.org\/{rel}","templated":true}]}}