{"id":7960,"date":"2022-06-28T18:15:00","date_gmt":"2022-06-28T10:15:00","guid":{"rendered":"https:\/\/sellersunionagent.com\/?post_type=product&#038;p=7960"},"modified":"2022-08-31T14:14:48","modified_gmt":"2022-08-31T06:14:48","slug":"hot-selling-hanging-handbag-organizer-bags-storage-holder-for-closet-with-6-large-pockets","status":"publish","type":"product","link":"https:\/\/www.sellersunionagent.com\/pl\/hot-selling-hanging-handbag-organizer-bags-storage-holder-for-closet-with-6-large-pockets\/","title":{"rendered":"Gor\u0105co sprzedaj\u0105cy si\u0119 wisz\u0105cy organizer na torebki do przechowywania w szafie z 6 du\u017cymi kieszeniami"},"content":{"rendered":"<h2>Gor\u0105co sprzedaj\u0105cy si\u0119 wisz\u0105cy organizer na torebki do przechowywania w szafie z 6 du\u017cymi kieszeniami<\/h2>\n<p><strong>Typ<\/strong>: Hanging handbag organizer bags<\/p>\n<p><strong>Numer pozycji:<\/strong> GJ006<\/p>\n<p><strong>Rozmiar elementu<\/strong>: 35*90cm<\/p>\n<p><strong>Kolory<\/strong>: Grey\/ black\/ blue\/ pink<\/p>\n<p><strong>Materia\u0142:<\/strong> PVC+<a class=\"color_pc_blue_text\" data-keyword=\"non-woven fabrics\">W\u0142\u00f3kniny<\/a><\/p>\n<p>&nbsp;<\/p>\n<p>&nbsp;<\/p>\n<ul>\n<li>Easy storing reception<\/li>\n<li>Stereotyped and sorted<\/li>\n<li>Transparent window, portable for finding things<\/li>\n<li>Quality PVC, durable and unbreakable<\/li>\n<li>High-density non-woven fabric, dirt-resistant, tough, washable<\/li>\n<li>High quality hook which is strong weighing<img fetchpriority=\"high\" decoding=\"async\" class=\"aligncenter wp-image-7998\" src=\"https:\/\/www.sellersunionagent.com\/wp-content\/uploads\/2022\/06\/hot-selling-hanging-handbag-organizer-bags.jpg\" alt=\"\" width=\"600\" height=\"600\" \/><img decoding=\"async\" class=\"aligncenter wp-image-7999\" src=\"https:\/\/www.sellersunionagent.com\/wp-content\/uploads\/2022\/06\/hot-selling-hanging-handbag-organizer-bags-1.jpg\" alt=\"\" width=\"600\" height=\"600\" \/><img decoding=\"async\" class=\"aligncenter wp-image-8005\" src=\"https:\/\/www.sellersunionagent.com\/wp-content\/uploads\/2022\/06\/hot-selling-hanging-handbag-organizer-bags-7.jpg\" alt=\"\" width=\"600\" height=\"600\" \/><\/li>\n<li><img loading=\"lazy\" decoding=\"async\" class=\"aligncenter wp-image-8000\" src=\"https:\/\/www.sellersunionagent.com\/wp-content\/uploads\/2022\/06\/hot-selling-hanging-handbag-organizer-bags-2.jpg\" alt=\"\" width=\"600\" height=\"600\" \/><img loading=\"lazy\" decoding=\"async\" class=\"aligncenter wp-image-8003\" src=\"https:\/\/www.sellersunionagent.com\/wp-content\/uploads\/2022\/06\/hot-selling-hanging-handbag-organizer-bags-5.jpg\" alt=\"\" width=\"600\" height=\"600\" \/> <img loading=\"lazy\" decoding=\"async\" class=\"aligncenter wp-image-8004\" src=\"https:\/\/www.sellersunionagent.com\/wp-content\/uploads\/2022\/06\/hot-selling-hanging-handbag-organizer-bags-6.jpg\" alt=\"\" width=\"600\" height=\"435\" \/><br \/>\n<img loading=\"lazy\" decoding=\"async\" class=\"aligncenter wp-image-8006\" src=\"https:\/\/www.sellersunionagent.com\/wp-content\/uploads\/2022\/06\/hot-selling-hanging-handbag-organizer-bags-8.jpg\" alt=\"\" width=\"600\" height=\"600\" \/><\/li>\n<\/ul>","protected":false},"excerpt":{"rendered":"<p><strong>MOQ: <\/strong>50 (elastyczny)<br \/>\n<strong>Bezp\u0142atna pr\u00f3bka:<\/strong> Obs\u0142ugiwane<br \/>\n<strong>Personalizacja:<\/strong> logo \/ kolor \/ materia\u0142y \/ opakowanie itp.<br \/>\n<strong>Zni\u017cka:<\/strong> Pierwsze zam\u00f3wienia ju\u017c od 10% taniej.<br \/>\n<strong>Terminowo\u015b\u0107 dostaw:<\/strong> 100%<br \/>\n<strong>\u0141\u0105czna liczba przesy\u0142ek:<\/strong> 100000 SZTUK<br \/>\n<strong>Wysy\u0142ka:<\/strong> Wsparcie dla transportu ekspresowego - fracht morski - fracht l\u0105dowy<\/p>\n<p>&nbsp;<\/p>\n<p>&nbsp;<\/p>\n<p>As a hot selling duffel bag supplier in China,\u00a0 we select multifunctional storage products to meet your different needs.<\/p>","protected":false},"featured_media":8002,"comment_status":"open","ping_status":"closed","template":"","meta":{"_acf_changed":false},"product_brand":[],"product_cat":[31,187],"product_tag":[127,174,44],"class_list":{"0":"post-7960","1":"product","2":"type-product","3":"status-publish","4":"has-post-thumbnail","6":"product_cat-home-storage","7":"product_cat-bedroom","8":"product_tag-hanging","9":"product_tag-home-storage-hot","10":"product_tag-hot-selling","12":"first","13":"instock","14":"shipping-taxable","15":"product-type-simple","16":"swiper-slide"},"acf":[],"_links":{"self":[{"href":"https:\/\/www.sellersunionagent.com\/pl\/wp-json\/wp\/v2\/product\/7960","targetHints":{"allow":["GET"]}}],"collection":[{"href":"https:\/\/www.sellersunionagent.com\/pl\/wp-json\/wp\/v2\/product"}],"about":[{"href":"https:\/\/www.sellersunionagent.com\/pl\/wp-json\/wp\/v2\/types\/product"}],"replies":[{"embeddable":true,"href":"https:\/\/www.sellersunionagent.com\/pl\/wp-json\/wp\/v2\/comments?post=7960"}],"wp:featuredmedia":[{"embeddable":true,"href":"https:\/\/www.sellersunionagent.com\/pl\/wp-json\/wp\/v2\/media\/8002"}],"wp:attachment":[{"href":"https:\/\/www.sellersunionagent.com\/pl\/wp-json\/wp\/v2\/media?parent=7960"}],"wp:term":[{"taxonomy":"product_brand","embeddable":true,"href":"https:\/\/www.sellersunionagent.com\/pl\/wp-json\/wp\/v2\/product_brand?post=7960"},{"taxonomy":"product_cat","embeddable":true,"href":"https:\/\/www.sellersunionagent.com\/pl\/wp-json\/wp\/v2\/product_cat?post=7960"},{"taxonomy":"product_tag","embeddable":true,"href":"https:\/\/www.sellersunionagent.com\/pl\/wp-json\/wp\/v2\/product_tag?post=7960"}],"curies":[{"name":"wp","href":"https:\/\/api.w.org\/{rel}","templated":true}]}}