{"id":7946,"date":"2022-06-28T17:18:50","date_gmt":"2022-06-28T09:18:50","guid":{"rendered":"https:\/\/sellersunionagent.com\/?post_type=product&#038;p=7946"},"modified":"2022-08-31T14:15:44","modified_gmt":"2022-08-31T06:15:44","slug":"pudelka-na-bielizne-do-przechowywania-w-domu","status":"publish","type":"product","link":"https:\/\/www.sellersunionagent.com\/pl\/underwear-storage-divider-boxes-for-home-storage\/","title":{"rendered":"Pude\u0142ka na bielizn\u0119 do przechowywania w domu"},"content":{"rendered":"<h2 id=\"title\" class=\"a-size-large a-spacing-none\"><span id=\"productTitle\" class=\"a-size-large product-title-word-break\">Zestaw organizer\u00f3w do szuflad na bielizn\u0119 - sk\u0142adane pude\u0142ka na bielizn\u0119 do przechowywania w domu<\/span><\/h2>\n<p>&nbsp;<\/p>\n<p>&nbsp;<\/p>\n<ul>\n<li><strong>Nylon Materia\u0142:<\/strong> Nasz zestaw przegr\u00f3dek do szuflad na bielizn\u0119 jest wykonany z wysokiej jako\u015bci materia\u0142u, kt\u00f3ry jest trwa\u0142y i nie\u0142atwy do odkszta\u0142cenia, mo\u017cna go z\u0142o\u017cy\u0107 i wypra\u0107, jak chcesz, i b\u0119dzie dost\u0119pny do u\u017cytku przez d\u0142ugi czas.<\/li>\n<\/ul>\n<p>&nbsp;<\/p>\n<p>&nbsp;<\/p>\n<ul>\n<li><strong>Delikatny design:<\/strong> Z bia\u0142\u0105 matow\u0105 powierzchni\u0105 i czarnymi kraw\u0119dziami, nasze produkty s\u0105 proste w wygl\u0105dzie i emituj\u0105 poczucie luksusu. A dzi\u0119ki r\u00f3\u017cnej liczbie przegr\u00f3dek w trzech r\u00f3\u017cnych rozmiarach pude\u0142ek, mo\u017cna znale\u017a\u0107 rzeczy szybciej ni\u017c wcze\u015bniej, w zale\u017cno\u015bci od rozmiaru produktu.<\/li>\n<\/ul>\n<p>&nbsp;<\/p>\n<p>&nbsp;<\/p>\n<ul>\n<li><strong>Szerokie zastosowanie:<\/strong> Dzi\u0119ki indywidualnym przegr\u00f3dkom nasze sk\u0142adane pude\u0142ka do przechowywania s\u0105 wygodne do przechowywania bielizny, majtek, biustonoszy, skarpet, krawat\u00f3w, szalik\u00f3w itp. Poza tym, mo\u017cna w nich r\u00f3wnie\u017c umie\u015bci\u0107 drobiazgi na biurko, przybory \u0142azienkowe i kuchenne, co zapewni bardziej czysty i zorganizowany dom!<\/li>\n<\/ul>\n<p>&nbsp;<\/p>\n<p><img fetchpriority=\"high\" decoding=\"async\" class=\"aligncenter wp-image-7947\" src=\"https:\/\/www.sellersunionagent.com\/wp-content\/uploads\/2022\/06\/underwear-storage-divider-boxes.jpg\" alt=\"\" width=\"600\" height=\"600\" \/><\/p>\n<p><img decoding=\"async\" class=\"aligncenter wp-image-7948\" src=\"https:\/\/www.sellersunionagent.com\/wp-content\/uploads\/2022\/06\/underwear-storage-divider-boxes-1.jpg\" alt=\"\" width=\"600\" height=\"600\" \/> <img decoding=\"async\" class=\"aligncenter wp-image-9206\" src=\"https:\/\/www.sellersunionagent.com\/wp-content\/uploads\/2022\/06\/O1CN011cbD9M1smZSmNmNoK_2153205809-0-cib-1-1024x859.jpg\" alt=\"Organizer na bielizn\u0119 w szufladzie\" width=\"600\" height=\"504\" \/> <img loading=\"lazy\" decoding=\"async\" class=\"aligncenter wp-image-9205\" src=\"https:\/\/www.sellersunionagent.com\/wp-content\/uploads\/2022\/06\/O1CN01qAEXEF1smZTMKexbq_2153205809-0-cib-1.jpg\" alt=\"Organizer na bielizn\u0119 w szufladzie\" width=\"600\" height=\"600\" \/><\/p>\n<p>&nbsp;<\/p>","protected":false},"excerpt":{"rendered":"<p><strong>Typ<\/strong>: Organizacja domu<\/p>\n<p><strong>Numer pozycji:<\/strong> QYSNH06<\/p>\n<p><strong>Rozmiar i waga przedmiotu<\/strong>:<\/p>\n<p>6 przegr\u00f3dek: 32*32*12CM\/68G<br \/>\n7 przedzia\u0142\u00f3w: 32*12*12CM\/65G<br \/>\n11 przegr\u00f3dek: 32*12*12CM\/50G<\/p>\n<p>&nbsp;<\/p>","protected":false},"featured_media":9206,"comment_status":"open","ping_status":"closed","template":"","meta":{"_acf_changed":false},"product_brand":[],"product_cat":[31,187],"product_tag":[70,48,94,50],"class_list":{"0":"post-7946","1":"product","2":"type-product","3":"status-publish","4":"has-post-thumbnail","6":"product_cat-home-storage","7":"product_cat-bedroom","8":"product_tag-home-storage","9":"product_tag-large-capacity","10":"product_tag-organizer","11":"product_tag-wholesale","13":"first","14":"instock","15":"shipping-taxable","16":"product-type-simple","17":"swiper-slide"},"acf":[],"_links":{"self":[{"href":"https:\/\/www.sellersunionagent.com\/pl\/wp-json\/wp\/v2\/product\/7946","targetHints":{"allow":["GET"]}}],"collection":[{"href":"https:\/\/www.sellersunionagent.com\/pl\/wp-json\/wp\/v2\/product"}],"about":[{"href":"https:\/\/www.sellersunionagent.com\/pl\/wp-json\/wp\/v2\/types\/product"}],"replies":[{"embeddable":true,"href":"https:\/\/www.sellersunionagent.com\/pl\/wp-json\/wp\/v2\/comments?post=7946"}],"wp:featuredmedia":[{"embeddable":true,"href":"https:\/\/www.sellersunionagent.com\/pl\/wp-json\/wp\/v2\/media\/9206"}],"wp:attachment":[{"href":"https:\/\/www.sellersunionagent.com\/pl\/wp-json\/wp\/v2\/media?parent=7946"}],"wp:term":[{"taxonomy":"product_brand","embeddable":true,"href":"https:\/\/www.sellersunionagent.com\/pl\/wp-json\/wp\/v2\/product_brand?post=7946"},{"taxonomy":"product_cat","embeddable":true,"href":"https:\/\/www.sellersunionagent.com\/pl\/wp-json\/wp\/v2\/product_cat?post=7946"},{"taxonomy":"product_tag","embeddable":true,"href":"https:\/\/www.sellersunionagent.com\/pl\/wp-json\/wp\/v2\/product_tag?post=7946"}],"curies":[{"name":"wp","href":"https:\/\/api.w.org\/{rel}","templated":true}]}}