{"id":7928,"date":"2022-06-28T17:11:41","date_gmt":"2022-06-28T09:11:41","guid":{"rendered":"https:\/\/sellersunionagent.com\/?post_type=product&#038;p=7928"},"modified":"2022-08-31T14:15:59","modified_gmt":"2022-08-31T06:15:59","slug":"hurtowe-kosze-z-wlokniny-do-przechowywania-w-domu-z-uchwytami-linowymi","status":"publish","type":"product","link":"https:\/\/www.sellersunionagent.com\/pl\/wholesale-home-storage-non-woven-fabrics-baskets-with-rope-handles\/","title":{"rendered":"Hurtowe przechowywanie w domu Kosze z w\u0142\u00f3kniny z uchwytami linowymi"},"content":{"rendered":"<h2 id=\"title\" class=\"a-size-large a-spacing-none\"><span id=\"productTitle\" class=\"a-size-large product-title-word-break\">Dekoracyjne pude\u0142ka na kosze do organizacji domu, sk\u0142adane prostok\u0105tne kosze z w\u0142\u00f3kniny z uchwytami linowymi<\/span><\/h2>\n<p>&nbsp;<\/p>\n<p>&nbsp;<\/p>\n<ul>\n<li><strong>Bezpieczny w u\u017cyciu -<\/strong> Brak ostrych kraw\u0119dzi i naro\u017cnik\u00f3w, brak zadrapa\u0144 na sk\u00f3rze. G\u0142adkie kraw\u0119dzie zapobiegaj\u0105 zadrapaniom palc\u00f3w podczas przenoszenia lub u\u017cywania tych pojemnik\u00f3w. Zapewniaj\u0105c jednocze\u015bnie bezpieczne \u015brodowisko \u017cycia dla dzieci i niemowl\u0105t.<\/li>\n<\/ul>\n<p>&nbsp;<\/p>\n<p>&nbsp;<\/p>\n<ul>\n<li>\u00a0\u015awietne kosze do przechowywania zapewniaj\u0105 oszcz\u0119dno\u015b\u0107 miejsca. Wytrzyma\u0142e prostok\u0105tne kosze mog\u0105 by\u0107 u\u017cywane do przechowywania p\u0142yt DVD, czasopism, ksi\u0105\u017cek, but\u00f3w, ubra\u0144, r\u0119cznik\u00f3w, koc\u00f3w, przechowywania zabawek dla zwierz\u0105t \/ ps\u00f3w, kosza pocztowego, organizera do przechowywania materia\u0142\u00f3w biurowych, prezent\u00f3w, kosza dla niemowl\u0105t. Dekoracyjny kosz do przechowywania jest idealny do salonu, \u0142azienki, pomieszcze\u0144 gospodarczych, przedszkola, rzemios\u0142a, pokoju zabaw, akademik\u00f3w, mieszka\u0144, pralni, korytarza. Neutralny kolor pasuje do ka\u017cdego wystroju, zapewniaj\u0105c jednocze\u015bnie porz\u0105dek w domu.<\/li>\n<\/ul>\n<p>&nbsp;<\/p>\n<p>&nbsp;<\/p>\n<p><img fetchpriority=\"high\" decoding=\"async\" class=\"aligncenter wp-image-9222\" src=\"https:\/\/www.sellersunionagent.com\/wp-content\/uploads\/2022\/06\/O1CN01VXBfCd1smZRCfvPXr_2153205809-0-cib-1.jpg\" alt=\"\" width=\"600\" height=\"608\" \/><img decoding=\"async\" class=\"aligncenter wp-image-9221\" src=\"https:\/\/www.sellersunionagent.com\/wp-content\/uploads\/2022\/06\/O1CN01D3KnMx1smZROwvoQA_2153205809-0-cib-1.jpg\" alt=\"\" width=\"600\" height=\"600\" \/><img decoding=\"async\" class=\"aligncenter wp-image-7940\" src=\"https:\/\/www.sellersunionagent.com\/wp-content\/uploads\/2022\/06\/wholesale-home-storage-non-woven-fabrics-baskets.jpg\" alt=\"\" width=\"600\" height=\"607\" \/><img loading=\"lazy\" decoding=\"async\" class=\"aligncenter wp-image-7942\" src=\"https:\/\/www.sellersunionagent.com\/wp-content\/uploads\/2022\/06\/wholesale-home-storage-non-woven-fabrics-baskets-2.jpg\" alt=\"\" width=\"600\" height=\"600\" \/><\/p>\n<p>&nbsp;<\/p>\n<p>&nbsp;<\/p>\n<p>&nbsp;<\/p>","protected":false},"excerpt":{"rendered":"<p><strong>Typ<\/strong>: Organizacja domu<\/p>\n<p><strong>Numer pozycji:<\/strong> QYSNH03<\/p>\n<p><strong>Rozmiar elementu<\/strong>: 50X31X15CM<\/p>\n<p><strong>Materia\u0142:<\/strong> W\u0142\u00f3kniny<\/p>","protected":false},"featured_media":7941,"comment_status":"open","ping_status":"closed","template":"","meta":{"_acf_changed":false},"product_brand":[],"product_cat":[31,186],"product_tag":[71,49,70,53,50],"class_list":{"0":"post-7928","1":"product","2":"type-product","3":"status-publish","4":"has-post-thumbnail","6":"product_cat-home-storage","7":"product_cat-living-room","8":"product_tag-durable","9":"product_tag-good-quality","10":"product_tag-home-storage","11":"product_tag-professional-supplier","12":"product_tag-wholesale","14":"first","15":"instock","16":"shipping-taxable","17":"product-type-simple","18":"swiper-slide"},"acf":[],"_links":{"self":[{"href":"https:\/\/www.sellersunionagent.com\/pl\/wp-json\/wp\/v2\/product\/7928","targetHints":{"allow":["GET"]}}],"collection":[{"href":"https:\/\/www.sellersunionagent.com\/pl\/wp-json\/wp\/v2\/product"}],"about":[{"href":"https:\/\/www.sellersunionagent.com\/pl\/wp-json\/wp\/v2\/types\/product"}],"replies":[{"embeddable":true,"href":"https:\/\/www.sellersunionagent.com\/pl\/wp-json\/wp\/v2\/comments?post=7928"}],"wp:featuredmedia":[{"embeddable":true,"href":"https:\/\/www.sellersunionagent.com\/pl\/wp-json\/wp\/v2\/media\/7941"}],"wp:attachment":[{"href":"https:\/\/www.sellersunionagent.com\/pl\/wp-json\/wp\/v2\/media?parent=7928"}],"wp:term":[{"taxonomy":"product_brand","embeddable":true,"href":"https:\/\/www.sellersunionagent.com\/pl\/wp-json\/wp\/v2\/product_brand?post=7928"},{"taxonomy":"product_cat","embeddable":true,"href":"https:\/\/www.sellersunionagent.com\/pl\/wp-json\/wp\/v2\/product_cat?post=7928"},{"taxonomy":"product_tag","embeddable":true,"href":"https:\/\/www.sellersunionagent.com\/pl\/wp-json\/wp\/v2\/product_tag?post=7928"}],"curies":[{"name":"wp","href":"https:\/\/api.w.org\/{rel}","templated":true}]}}