{"id":7922,"date":"2022-06-28T16:15:59","date_gmt":"2022-06-28T08:15:59","guid":{"rendered":"https:\/\/sellersunionagent.com\/?post_type=product&#038;p=7922"},"modified":"2022-08-31T14:16:09","modified_gmt":"2022-08-31T06:16:09","slug":"duzy-kosz-do-przechowywania-w-domu","status":"publish","type":"product","link":"https:\/\/www.sellersunionagent.com\/pl\/home-storage-large-storage-basket-for-organizing\/","title":{"rendered":"Przechowywanie w domu Du\u017cy kosz do przechowywania"},"content":{"rendered":"<h2>Home Storage Du\u017cy kosz do przechowywania do organizacji, sk\u0142adany kosz z tkaniny na p\u00f3\u0142ki, prostok\u0105tny kosz do przechowywania w szafie, pralnia<\/h2>\n<p>&nbsp;<\/p>\n<p>&nbsp;<\/p>\n<ul>\n<li>\u3010Wielofunkcyjne organizery\u3011 - \u015awietny lniany kosz do organizowania, ubra\u0144, but\u00f3w, przechowywania zabawek, r\u0119cznik\u00f3w, koc\u00f3w, prezent\u00f3w, czasopism, materia\u0142\u00f3w biurowych itp. Dekoracyjny kosz idealny do sypialni, salonu, pokoju z zabawkami, szafy, szafek, p\u00f3\u0142ek, \u0142azienki, pralni, pokoju dzieci\u0119cego itp.<\/li>\n<\/ul>\n<p>&nbsp;<\/p>\n<p>&nbsp;<\/p>\n<ul>\n<li>\u3010\u0141atwa konserwacja\u3011 - Kosze z tkaniny s\u0105 \u0142atwe do czyszczenia, wn\u0119trze mo\u017cna \u0142atwo wyczy\u015bci\u0107 r\u0119cznie lub przetrze\u0107 mokr\u0105 g\u0105bk\u0105. Nie zaleca si\u0119 prania w pralce.<\/li>\n<\/ul>\n<p>&nbsp;<\/p>\n<p>&nbsp;<\/p>\n<ul>\n<li>\u3010 Doskona\u0142a obs\u0142uga posprzeda\u017cna\u3011 - Wszelkie kwestie zwi\u0105zane z jako\u015bci\u0105 produktu lub us\u0142ug\u0105, prosimy o kontakt, odpowiemy w ci\u0105gu 24 godzin.<\/li>\n<\/ul>\n<p><img fetchpriority=\"high\" decoding=\"async\" class=\"aligncenter wp-image-7923\" src=\"https:\/\/www.sellersunionagent.com\/wp-content\/uploads\/2022\/06\/high-quality-storage-bins-for-home-storage-5.jpg\" alt=\"\" width=\"600\" height=\"600\" \/><\/p>\n<p><img decoding=\"async\" class=\"aligncenter wp-image-7926\" src=\"https:\/\/www.sellersunionagent.com\/wp-content\/uploads\/2022\/06\/high-quality-storage-bins-for-home-storage-8.jpg\" alt=\"\" width=\"600\" height=\"600\" \/><\/p>\n<p><img decoding=\"async\" class=\"aligncenter wp-image-9351\" src=\"https:\/\/www.sellersunionagent.com\/wp-content\/uploads\/2022\/06\/\u5fae\u4fe1\u56fe\u7247_20220711182506.jpg\" alt=\"Przechowywanie w domu\" width=\"600\" height=\"433\" \/><\/p>\n<p><img loading=\"lazy\" decoding=\"async\" class=\"aligncenter wp-image-9353\" src=\"https:\/\/www.sellersunionagent.com\/wp-content\/uploads\/2022\/06\/\u5fae\u4fe1\u56fe\u7247_20220711182517.jpg\" alt=\"Przechowywanie w domu\" width=\"600\" height=\"380\" \/><img loading=\"lazy\" decoding=\"async\" class=\"aligncenter wp-image-9352\" src=\"https:\/\/www.sellersunionagent.com\/wp-content\/uploads\/2022\/06\/\u5fae\u4fe1\u56fe\u7247_20220711182512.jpg\" alt=\"Przechowywanie w domu\" width=\"600\" height=\"379\" \/><\/p>\n<p>&nbsp;<\/p>","protected":false},"excerpt":{"rendered":"<p><strong>Typ<\/strong>: Organizacja domu<\/p>\n<p><strong>Numer pozycji:<\/strong> QYSNH07<\/p>\n<p><strong>Rozmiar i waga przedmiotu<\/strong>:<br \/>\nDu\u017cy: 36*23*24CM\/430G<br \/>\nMa\u0142y: 25*19*16CM\/200G<\/p>\n<p><strong>Materia\u0142: <\/strong>W\u0142\u00f3kniny<\/p>","protected":false},"featured_media":7927,"comment_status":"open","ping_status":"closed","template":"","meta":{"_acf_changed":false},"product_brand":[],"product_cat":[31,186],"product_tag":[122,120,70,53],"class_list":{"0":"post-7922","1":"product","2":"type-product","3":"status-publish","4":"has-post-thumbnail","6":"product_cat-home-storage","7":"product_cat-living-room","8":"product_tag-collapsible","9":"product_tag-dirty-clothes-hamper","10":"product_tag-home-storage","11":"product_tag-professional-supplier","13":"first","14":"instock","15":"shipping-taxable","16":"product-type-simple","17":"swiper-slide"},"acf":[],"_links":{"self":[{"href":"https:\/\/www.sellersunionagent.com\/pl\/wp-json\/wp\/v2\/product\/7922","targetHints":{"allow":["GET"]}}],"collection":[{"href":"https:\/\/www.sellersunionagent.com\/pl\/wp-json\/wp\/v2\/product"}],"about":[{"href":"https:\/\/www.sellersunionagent.com\/pl\/wp-json\/wp\/v2\/types\/product"}],"replies":[{"embeddable":true,"href":"https:\/\/www.sellersunionagent.com\/pl\/wp-json\/wp\/v2\/comments?post=7922"}],"wp:featuredmedia":[{"embeddable":true,"href":"https:\/\/www.sellersunionagent.com\/pl\/wp-json\/wp\/v2\/media\/7927"}],"wp:attachment":[{"href":"https:\/\/www.sellersunionagent.com\/pl\/wp-json\/wp\/v2\/media?parent=7922"}],"wp:term":[{"taxonomy":"product_brand","embeddable":true,"href":"https:\/\/www.sellersunionagent.com\/pl\/wp-json\/wp\/v2\/product_brand?post=7922"},{"taxonomy":"product_cat","embeddable":true,"href":"https:\/\/www.sellersunionagent.com\/pl\/wp-json\/wp\/v2\/product_cat?post=7922"},{"taxonomy":"product_tag","embeddable":true,"href":"https:\/\/www.sellersunionagent.com\/pl\/wp-json\/wp\/v2\/product_tag?post=7922"}],"curies":[{"name":"wp","href":"https:\/\/api.w.org\/{rel}","templated":true}]}}