{"id":7908,"date":"2022-06-28T17:17:42","date_gmt":"2022-06-28T09:17:42","guid":{"rendered":"https:\/\/sellersunionagent.com\/?post_type=product&#038;p=7908"},"modified":"2022-08-31T14:15:52","modified_gmt":"2022-08-31T06:15:52","slug":"torby-do-przechowywania-odziezy-z-tkaniny-oxford-z-uchwytem-i-zamkiem-blyskawicznym","status":"publish","type":"product","link":"https:\/\/www.sellersunionagent.com\/pl\/cartoon-oxford-fabric-clothing-storage-bags-with-handle-and-zipper\/","title":{"rendered":"Torby na ubrania z tkaniny Cartoon Oxford z uchwytem i zamkiem b\u0142yskawicznym"},"content":{"rendered":"<h2>Torby na ubrania z tkaniny Cartoon Oxford z uchwytem i zamkiem b\u0142yskawicznym<\/h2>\n<p>Praktyczna torba: Doskonale nadaje si\u0119 do przechowywania ko\u0142der, koc\u00f3w, ko\u0142der, ubra\u0144 dzieci\u0119cych, zabawek dla niemowl\u0105t lub innych ubra\u0144 sezonowych.<\/p>\n<p>&nbsp;<\/p>\n<p>Wzmocniony uchwyt i solidny zamek b\u0142yskawiczny: Ta standardowa torba do przechowywania wyposa\u017cona w dwa solidne uchwyty i mocne dwukierunkowe zamki b\u0142yskawiczne, limit wagi do 88 funt\u00f3w, \u0142atwo przesuwa si\u0119 wzd\u0142u\u017c zamkni\u0119cia, gdy jest u\u017cywana, bardzo wygodna do przenoszenia ci\u0119\u017ckich \u0142adunk\u00f3w podczas przenoszenia.<\/p>\n<p>&nbsp;<\/p>\n<p>Odporno\u015b\u0107 na wilgo\u0107 i trwa\u0142o\u015b\u0107: Wykonany jest z wytrzyma\u0142ej dwuwarstwowej tkaniny oxford, ma dobry efekt odporno\u015bci na wilgo\u0107, jest odporny na kurz, a powierzchnia nie ulega \u0142atwemu uszkodzeniu podczas u\u017cytkowania.<\/p>\n<p>&nbsp;<\/p>\n<p>Sk\u0142adany i nadaj\u0105cy si\u0119 do prania w pralce: Mo\u017cna go \u0142atwo z\u0142o\u017cy\u0107 do kompaktowych rozmiar\u00f3w i przechowywa\u0107 w szufladzie, szafie, samochodzie lub baga\u017cu bez zajmowania du\u017cej ilo\u015bci miejsca, a tak\u017ce pra\u0107 bezpo\u015brednio w pralce.<\/p>\n<p>&nbsp;<\/p>\n<p>R\u00f3\u017cnorodno\u015b\u0107 styl\u00f3w: Pimple print design, zawsze znajdzie si\u0119 odpowiedni dla Ciebie.<\/p>\n<p><img fetchpriority=\"high\" decoding=\"async\" class=\"aligncenter wp-image-7936\" src=\"https:\/\/www.sellersunionagent.com\/wp-content\/uploads\/2022\/06\/cartoon-oxford-fabric-clothing-storage-bags-7.jpg\" alt=\"Torby do przechowywania odzie\u017cy\" width=\"600\" height=\"639\" \/><\/p>\n<p><img decoding=\"async\" class=\"aligncenter wp-image-7929\" src=\"https:\/\/www.sellersunionagent.com\/wp-content\/uploads\/2022\/06\/cartoon-oxford-fabric-clothing-storage-bags.jpg\" alt=\"Torby do przechowywania odzie\u017cy\" width=\"600\" height=\"600\" \/><\/p>\n<p><img decoding=\"async\" class=\"aligncenter wp-image-7932\" src=\"https:\/\/www.sellersunionagent.com\/wp-content\/uploads\/2022\/06\/cartoon-oxford-fabric-clothing-storage-bags-3.jpg\" alt=\"Torby do przechowywania odzie\u017cy\" width=\"600\" height=\"600\" \/><\/p>\n<p><img loading=\"lazy\" decoding=\"async\" class=\"aligncenter wp-image-7930\" src=\"https:\/\/www.sellersunionagent.com\/wp-content\/uploads\/2022\/06\/cartoon-oxford-fabric-clothing-storage-bags-1.jpg\" alt=\"Torby do przechowywania odzie\u017cy\" width=\"600\" height=\"600\" \/> <img loading=\"lazy\" decoding=\"async\" class=\"aligncenter wp-image-7938\" src=\"https:\/\/www.sellersunionagent.com\/wp-content\/uploads\/2022\/06\/cartoon-oxford-fabric-clothing-storage-bags-9.jpg\" alt=\"Torby do przechowywania odzie\u017cy\" width=\"600\" height=\"600\" \/> <img loading=\"lazy\" decoding=\"async\" class=\"aligncenter wp-image-7937\" src=\"https:\/\/www.sellersunionagent.com\/wp-content\/uploads\/2022\/06\/cartoon-oxford-fabric-clothing-storage-bags-8.jpg\" alt=\"Torby do przechowywania odzie\u017cy\" width=\"600\" height=\"600\" \/> <img loading=\"lazy\" decoding=\"async\" class=\"aligncenter wp-image-7935\" src=\"https:\/\/www.sellersunionagent.com\/wp-content\/uploads\/2022\/06\/cartoon-oxford-fabric-clothing-storage-bags-6.jpg\" alt=\"Torby do przechowywania odzie\u017cy\" width=\"600\" height=\"828\" \/> \u00a0<img loading=\"lazy\" decoding=\"async\" class=\"aligncenter wp-image-7933\" src=\"https:\/\/www.sellersunionagent.com\/wp-content\/uploads\/2022\/06\/cartoon-oxford-fabric-clothing-storage-bags-4.jpg\" alt=\"Torby do przechowywania odzie\u017cy\" width=\"600\" height=\"804\" \/><\/p>","protected":false},"excerpt":{"rendered":"<p><strong>Typ<\/strong>: Torba podr\u00f3\u017cna<\/p>\n<p><strong>Numer pozycji:<\/strong> GJ005<\/p>\n<p><strong>Rozmiar elementu<\/strong>: XXL: 72*32*52cm\/ XL: 62*28*52cm\/ L: 60*25*40cm\/ M: 55*20*33cm<\/p>\n<p><strong>Kolory<\/strong>: Szary\/ granatowy\/ b\u0142\u0119kitny\/ r\u00f3\u017cowy\/ personalizacja<\/p>\n<p><strong>Materia\u0142:<\/strong>Tkanina Oxford<\/p>\n<p>&nbsp;<\/p>\n<p>Jako gor\u0105cy dostawca toreb marynarskich w Chinach, mamy ponad 20-letnie do\u015bwiadczenie, jeste\u015bmy zobowi\u0105zani do dostarczania wysokiej jako\u015bci produkt\u00f3w do przechowywania w konkurencyjnych cenach. Eksportujemy modne, wysokiej jako\u015bci towary w dobrej cenie, wspieramy dostosowywanie OEM i ODM oraz zapewniamy profesjonaln\u0105 kompleksow\u0105 obs\u0142ug\u0119.<\/p>","protected":false},"featured_media":7945,"comment_status":"open","ping_status":"closed","template":"","meta":{"_acf_changed":false},"product_brand":[],"product_cat":[31,187],"product_tag":[132,131],"class_list":{"0":"post-7908","1":"product","2":"type-product","3":"status-publish","4":"has-post-thumbnail","6":"product_cat-home-storage","7":"product_cat-bedroom","8":"product_tag-clothing-storage-bags","9":"product_tag-oxford-fabric","11":"first","12":"instock","13":"shipping-taxable","14":"product-type-simple","15":"swiper-slide"},"acf":[],"_links":{"self":[{"href":"https:\/\/www.sellersunionagent.com\/pl\/wp-json\/wp\/v2\/product\/7908","targetHints":{"allow":["GET"]}}],"collection":[{"href":"https:\/\/www.sellersunionagent.com\/pl\/wp-json\/wp\/v2\/product"}],"about":[{"href":"https:\/\/www.sellersunionagent.com\/pl\/wp-json\/wp\/v2\/types\/product"}],"replies":[{"embeddable":true,"href":"https:\/\/www.sellersunionagent.com\/pl\/wp-json\/wp\/v2\/comments?post=7908"}],"wp:featuredmedia":[{"embeddable":true,"href":"https:\/\/www.sellersunionagent.com\/pl\/wp-json\/wp\/v2\/media\/7945"}],"wp:attachment":[{"href":"https:\/\/www.sellersunionagent.com\/pl\/wp-json\/wp\/v2\/media?parent=7908"}],"wp:term":[{"taxonomy":"product_brand","embeddable":true,"href":"https:\/\/www.sellersunionagent.com\/pl\/wp-json\/wp\/v2\/product_brand?post=7908"},{"taxonomy":"product_cat","embeddable":true,"href":"https:\/\/www.sellersunionagent.com\/pl\/wp-json\/wp\/v2\/product_cat?post=7908"},{"taxonomy":"product_tag","embeddable":true,"href":"https:\/\/www.sellersunionagent.com\/pl\/wp-json\/wp\/v2\/product_tag?post=7908"}],"curies":[{"name":"wp","href":"https:\/\/api.w.org\/{rel}","templated":true}]}}