{"id":7907,"date":"2022-06-28T15:48:32","date_gmt":"2022-06-28T07:48:32","guid":{"rendered":"https:\/\/sellersunionagent.com\/?post_type=product&#038;p=7907"},"modified":"2022-08-31T14:16:45","modified_gmt":"2022-08-31T06:16:45","slug":"nowa-ulepszona-torba-do-przechowywania-w-domu-na-szafe","status":"publish","type":"product","link":"https:\/\/www.sellersunionagent.com\/pl\/new-upgrade-home-szippered-storage-bag-for-closet\/","title":{"rendered":"Nowa torba do przechowywania w domu z zamkiem b\u0142yskawicznym do szafy\u00a0"},"content":{"rendered":"<h2 id=\"title\" class=\"a-size-large a-spacing-none\">Torba do przechowywania w domu, gruba i wodoodporna w\u0142\u00f3knina, organizer na ubrania, ko\u0142dry, koce, po\u015bciel, z przezroczystym okienkiem<\/h2>\n<p><strong>Typ<\/strong>: Organizacja domu<\/p>\n<p><strong>Numer pozycji:<\/strong> QYSNB06<\/p>\n<p><strong>Rozmiar elementu<\/strong>60*40*35CM\/ 47*28*50CM<\/p>\n<p><strong>Materia\u0142: <\/strong>W\u0142\u00f3kniny<\/p>\n<p>&nbsp;<\/p>\n<p>&nbsp;<\/p>\n<ul>\n<li><strong>MATERIA\u0141 PREMIUM<\/strong> - Oddychaj\u0105ca i nietkana tkanina zapewnia doskona\u0142\u0105 wentylacj\u0119, dzi\u0119ki czemu przechowywane przedmioty d\u0142u\u017cej zachowuj\u0105 \u015bwie\u017co\u015b\u0107.<\/li>\n<\/ul>\n<p>&nbsp;<\/p>\n<p>&nbsp;<\/p>\n<ul>\n<li><strong>OSZCZ\u0118DNO\u015a\u0106 MIEJSCA<\/strong> - Idealny do odzie\u017cy, swetr\u00f3w, p\u0142aszczy, kurtek, but\u00f3w, zabawek, ko\u0142der, koc\u00f3w, poszewek na poduszki, dodatkowych zestaw\u00f3w prze\u015bcierade\u0142 i po\u015bcieli.<\/li>\n<\/ul>\n<p>&nbsp;<\/p>\n<p>&nbsp;<\/p>\n<ul>\n<li><strong>WIELOKROTNEGO U\u017bYTKU<\/strong> - Idealny jako prezent na parapet\u00f3wk\u0119 lub dla student\u00f3w, kt\u00f3rzy przeprowadzaj\u0105 si\u0119 do akademika, gara\u017cu do przechowywania dodatkowych artyku\u0142\u00f3w gospodarstwa domowego, dekoracji sezonowych lub pami\u0105tek rodzinnych, a nawet wi\u0119cej!<\/li>\n<\/ul>\n<p>&nbsp;<\/p>\n<p><img fetchpriority=\"high\" decoding=\"async\" class=\"aligncenter wp-image-9362\" src=\"https:\/\/www.sellersunionagent.com\/wp-content\/uploads\/2022\/06\/\u5fae\u4fe1\u56fe\u7247_20220712171951.jpg\" alt=\"Przechowywanie w domu\" width=\"600\" height=\"611\" \/><\/p>\n<p><img decoding=\"async\" class=\"aligncenter wp-image-9361\" src=\"https:\/\/www.sellersunionagent.com\/wp-content\/uploads\/2022\/06\/\u5fae\u4fe1\u56fe\u7247_20220712171948.jpg\" alt=\"Przechowywanie w domu\" width=\"600\" height=\"417\" \/><\/p>\n<p><img decoding=\"async\" class=\"aligncenter wp-image-9360\" src=\"https:\/\/www.sellersunionagent.com\/wp-content\/uploads\/2022\/06\/\u5fae\u4fe1\u56fe\u7247_20220712171945.jpg\" alt=\"Przechowywanie w domu\" width=\"600\" height=\"376\" \/><\/p>\n<p><img loading=\"lazy\" decoding=\"async\" class=\"aligncenter wp-image-9359\" src=\"https:\/\/www.sellersunionagent.com\/wp-content\/uploads\/2022\/06\/\u5fae\u4fe1\u56fe\u7247_20220712171941.jpg\" alt=\"Przechowywanie w domu\" width=\"600\" height=\"294\" \/><\/p>","protected":false},"excerpt":{"rendered":"<p><strong>MOQ: <\/strong>100 (elastyczny)<br \/>\n<strong>Bezp\u0142atna pr\u00f3bka:<\/strong> Obs\u0142ugiwane<br \/>\n<strong>Personalizacja:<\/strong> logo \/ kolor \/ materia\u0142y \/ opakowanie itp.<br \/>\n<strong>Zni\u017cka:<\/strong> Pierwsze zam\u00f3wienia ju\u017c od 10% taniej.<br \/>\n<strong>Terminowo\u015b\u0107 dostaw:<\/strong> 100%<br \/>\n<strong>\u0141\u0105czna liczba przesy\u0142ek:<\/strong> 100000 SZTUK<br \/>\n<strong>Wysy\u0142ka:<\/strong> Wsparcie dla transportu ekspresowego - fracht morski - fracht l\u0105dowy<\/p>","protected":false},"featured_media":7914,"comment_status":"open","ping_status":"closed","template":"","meta":{"_acf_changed":false},"product_brand":[],"product_cat":[31,187],"product_tag":[174,73,99,91],"class_list":{"0":"post-7907","1":"product","2":"type-product","3":"status-publish","4":"has-post-thumbnail","6":"product_cat-home-storage","7":"product_cat-bedroom","8":"product_tag-home-storage-hot","9":"product_tag-home-storagewholesaledurable","10":"product_tag-wholesale-maker-from-china","11":"product_tag-wholesaler","13":"first","14":"instock","15":"shipping-taxable","16":"product-type-simple","17":"swiper-slide"},"acf":[],"_links":{"self":[{"href":"https:\/\/www.sellersunionagent.com\/pl\/wp-json\/wp\/v2\/product\/7907","targetHints":{"allow":["GET"]}}],"collection":[{"href":"https:\/\/www.sellersunionagent.com\/pl\/wp-json\/wp\/v2\/product"}],"about":[{"href":"https:\/\/www.sellersunionagent.com\/pl\/wp-json\/wp\/v2\/types\/product"}],"replies":[{"embeddable":true,"href":"https:\/\/www.sellersunionagent.com\/pl\/wp-json\/wp\/v2\/comments?post=7907"}],"wp:featuredmedia":[{"embeddable":true,"href":"https:\/\/www.sellersunionagent.com\/pl\/wp-json\/wp\/v2\/media\/7914"}],"wp:attachment":[{"href":"https:\/\/www.sellersunionagent.com\/pl\/wp-json\/wp\/v2\/media?parent=7907"}],"wp:term":[{"taxonomy":"product_brand","embeddable":true,"href":"https:\/\/www.sellersunionagent.com\/pl\/wp-json\/wp\/v2\/product_brand?post=7907"},{"taxonomy":"product_cat","embeddable":true,"href":"https:\/\/www.sellersunionagent.com\/pl\/wp-json\/wp\/v2\/product_cat?post=7907"},{"taxonomy":"product_tag","embeddable":true,"href":"https:\/\/www.sellersunionagent.com\/pl\/wp-json\/wp\/v2\/product_tag?post=7907"}],"curies":[{"name":"wp","href":"https:\/\/api.w.org\/{rel}","templated":true}]}}