{"id":7901,"date":"2022-06-28T15:38:37","date_gmt":"2022-06-28T07:38:37","guid":{"rendered":"https:\/\/sellersunionagent.com\/?post_type=product&#038;p=7901"},"modified":"2022-08-31T14:17:03","modified_gmt":"2022-08-31T06:17:03","slug":"hurtowy-domowy-organizer-wiszacy-do-szafy","status":"publish","type":"product","link":"https:\/\/www.sellersunionagent.com\/pl\/wholesale-home-storage-hanging-organizer-closet\/","title":{"rendered":"Hurtownia do przechowywania w domu Wisz\u0105cy organizer do szafy"},"content":{"rendered":"<h2 id=\"title\" class=\"a-size-large a-spacing-none\">Przezroczysta torba do przechowywania z w\u0142\u00f3kniny Wisz\u0105ca szafa organizacyjna do przechowywania w domu<\/h2>\n<p>&nbsp;<\/p>\n<p>&nbsp;<\/p>\n<ul>\n<li>Ta konstrukcja naprawd\u0119 oszcz\u0119dza miejsce i pozwala przechowywa\u0107 wi\u0119cej rzeczy. Na\u015bcienny schowek mo\u017cna zawiesi\u0107 za drzwiami, odpowiedni do sypialni, salon\u00f3w, przedpokoju lub szafek na bielizn\u0119, garderoby, pozostawiaj\u0105c przestrze\u0144 mniej zagracon\u0105.<\/li>\n<\/ul>\n<p>&nbsp;<\/p>\n<p>&nbsp;<\/p>\n<ul>\n<li>Haczyk u\u0142atwia zawieszenie na zwyk\u0142ym dr\u0105\u017cku, utrzymuj\u0105c szaf\u0119 lub garderob\u0119 w czysto\u015bci i porz\u0105dku. Przechowuj r\u00f3\u017cne przedmioty oddzielnie, takie jak torebki, portmonetki, buty, a nawet ubrania.<\/li>\n<\/ul>\n<p>&nbsp;<\/p>\n<p><img fetchpriority=\"high\" decoding=\"async\" class=\"wp-image-9365 aligncenter\" src=\"https:\/\/www.sellersunionagent.com\/wp-content\/uploads\/2022\/06\/\u5fae\u4fe1\u56fe\u7247_20220712173335.png\" alt=\"Przechowywanie w domu\" width=\"200\" height=\"432\" \/> \u00a0<img decoding=\"async\" class=\"aligncenter wp-image-9367\" src=\"https:\/\/www.sellersunionagent.com\/wp-content\/uploads\/2022\/06\/\u5fae\u4fe1\u56fe\u7247_202207121733351.png\" alt=\"Przechowywanie w domu\" width=\"200\" height=\"423\" \/><\/p>\n<p><img decoding=\"async\" class=\"aligncenter wp-image-9366\" src=\"https:\/\/www.sellersunionagent.com\/wp-content\/uploads\/2022\/06\/\u5fae\u4fe1\u56fe\u7247_20220712173336.png\" alt=\"Przechowywanie w domu\" width=\"200\" height=\"271\" \/><\/p>\n<p><img loading=\"lazy\" decoding=\"async\" class=\"aligncenter wp-image-9368\" src=\"https:\/\/www.sellersunionagent.com\/wp-content\/uploads\/2022\/06\/\u5fae\u4fe1\u56fe\u7247_202207121733352.png\" alt=\"Przechowywanie w domu\" width=\"200\" height=\"266\" \/><\/p>\n<p><img loading=\"lazy\" decoding=\"async\" class=\"aligncenter wp-image-9369\" src=\"https:\/\/www.sellersunionagent.com\/wp-content\/uploads\/2022\/06\/\u5fae\u4fe1\u56fe\u7247_202207121733361.png\" alt=\"Przechowywanie w domu\" width=\"200\" height=\"367\" \/><\/p>\n<p><img loading=\"lazy\" decoding=\"async\" class=\"aligncenter wp-image-9370\" src=\"https:\/\/www.sellersunionagent.com\/wp-content\/uploads\/2022\/06\/\u5fae\u4fe1\u56fe\u7247_202207121733362.png\" alt=\"Przechowywanie w domu\" width=\"200\" height=\"355\" \/><\/p>\n<p>&nbsp;<\/p>\n<p>&nbsp;<\/p>\n<p>&nbsp;<\/p>","protected":false},"excerpt":{"rendered":"<p><strong>Typ<\/strong>: Organizacja domu<\/p>\n<p><strong>Numer pozycji:<\/strong> QYGD09<\/p>\n<p><strong>Rozmiar i waga przedmiotu<\/strong>:<\/p>\n<p>Druga warstwa: 68*38*16CM\/287G<br \/>\nTrzecia warstwa\uff1a94*38*16CM\/377G<br \/>\nCztery warstwy: 121*15*38CM\/454G<\/p>\n<p><strong>Materia\u0142: <\/strong>W\u0142\u00f3kniny<\/p>","protected":false},"featured_media":7903,"comment_status":"open","ping_status":"closed","template":"","meta":{"_acf_changed":false},"product_brand":[],"product_cat":[31,186],"product_tag":[121,71,49,70,47,94],"class_list":{"0":"post-7901","1":"product","2":"type-product","3":"status-publish","4":"has-post-thumbnail","6":"product_cat-home-storage","7":"product_cat-living-room","8":"product_tag-custom","9":"product_tag-durable","10":"product_tag-good-quality","11":"product_tag-home-storage","12":"product_tag-hot-sale","13":"product_tag-organizer","15":"first","16":"instock","17":"shipping-taxable","18":"product-type-simple","19":"swiper-slide"},"acf":[],"_links":{"self":[{"href":"https:\/\/www.sellersunionagent.com\/pl\/wp-json\/wp\/v2\/product\/7901","targetHints":{"allow":["GET"]}}],"collection":[{"href":"https:\/\/www.sellersunionagent.com\/pl\/wp-json\/wp\/v2\/product"}],"about":[{"href":"https:\/\/www.sellersunionagent.com\/pl\/wp-json\/wp\/v2\/types\/product"}],"replies":[{"embeddable":true,"href":"https:\/\/www.sellersunionagent.com\/pl\/wp-json\/wp\/v2\/comments?post=7901"}],"wp:featuredmedia":[{"embeddable":true,"href":"https:\/\/www.sellersunionagent.com\/pl\/wp-json\/wp\/v2\/media\/7903"}],"wp:attachment":[{"href":"https:\/\/www.sellersunionagent.com\/pl\/wp-json\/wp\/v2\/media?parent=7901"}],"wp:term":[{"taxonomy":"product_brand","embeddable":true,"href":"https:\/\/www.sellersunionagent.com\/pl\/wp-json\/wp\/v2\/product_brand?post=7901"},{"taxonomy":"product_cat","embeddable":true,"href":"https:\/\/www.sellersunionagent.com\/pl\/wp-json\/wp\/v2\/product_cat?post=7901"},{"taxonomy":"product_tag","embeddable":true,"href":"https:\/\/www.sellersunionagent.com\/pl\/wp-json\/wp\/v2\/product_tag?post=7901"}],"curies":[{"name":"wp","href":"https:\/\/api.w.org\/{rel}","templated":true}]}}