{"id":7885,"date":"2022-06-28T15:25:55","date_gmt":"2022-06-28T07:25:55","guid":{"rendered":"https:\/\/sellersunionagent.com\/?post_type=product&#038;p=7885"},"modified":"2022-08-31T14:17:13","modified_gmt":"2022-08-31T06:17:13","slug":"hurtowy-przezroczysty-organizer-do-przechowywania-torebek","status":"publish","type":"product","link":"https:\/\/www.sellersunionagent.com\/pl\/wholesale-clear-handbag-storage-organizer-dust-cover-bags\/","title":{"rendered":"Hurtownia przezroczystych torebek Organizer do przechowywania Torebki na kurz"},"content":{"rendered":"<h2>Przezroczysta torba do przechowywania produkt\u00f3w z hakiem do przechowywania w domu<\/h2>\n<p>&nbsp;<\/p>\n<p>&nbsp;<\/p>\n<ul>\n<li>\u3010Oddychaj\u0105cy i przezroczysty materia\u0142\u3011 Wykonany z w\u0142\u00f3kniny i przezroczystego plastiku PVC, zapewnia oddychalno\u015b\u0107 i py\u0142oszczelno\u015b\u0107 torebek, poprawiaj\u0105c efektywno\u015b\u0107 wyszukiwania torebek.<\/li>\n<\/ul>\n<p>&nbsp;<\/p>\n<p>&nbsp;<\/p>\n<ul>\n<li>\u3010\u0141atwy w u\u017cyciu i przechowywaniu\u3011 Zamek b\u0142yskawiczny i uchwyt dla lepszej ochrony toreb przed kurzem, przeno\u015bny i \u0142atwy do zawieszenia torby, aby zaoszcz\u0119dzi\u0107 miejsce. Torebk\u0119 mo\u017cna z\u0142o\u017cy\u0107 bezpo\u015brednio, gdy nie jest u\u017cywana.<\/li>\n<\/ul>\n<p>&nbsp;<\/p>\n<p>&nbsp;<\/p>\n<ul>\n<li>\u3010Wielofunkcyjna torba przeciwpy\u0142owa\u3011 Idealna do przechowywania torebek, portfeli, szalik\u00f3w, ubra\u0144, plecak\u00f3w, koc\u00f3w itp. Mo\u017cna j\u0105 przechowywa\u0107 w szafie, \u0142azience, na drzwiach, p\u00f3\u0142kach itp.<\/li>\n<\/ul>\n<p>&nbsp;<\/p>\n<p><img fetchpriority=\"high\" decoding=\"async\" class=\"aligncenter wp-image-7899\" src=\"https:\/\/www.sellersunionagent.com\/wp-content\/uploads\/2022\/06\/wholesale-clear-handbag-storage-organizer-dust-cover-bags-3.jpg\" alt=\"\" width=\"600\" height=\"600\" \/><\/p>\n<p><img decoding=\"async\" class=\"aligncenter wp-image-9375\" src=\"https:\/\/www.sellersunionagent.com\/wp-content\/uploads\/2022\/06\/\u5fae\u4fe1\u56fe\u7247_202207121741053.png\" alt=\"Przechowywanie w domu\" width=\"600\" height=\"531\" \/> <img decoding=\"async\" class=\"aligncenter wp-image-9373\" src=\"https:\/\/www.sellersunionagent.com\/wp-content\/uploads\/2022\/06\/\u5fae\u4fe1\u56fe\u7247_202207121741051.png\" alt=\"Przechowywanie w domu\" width=\"600\" height=\"548\" \/> <img loading=\"lazy\" decoding=\"async\" class=\"aligncenter wp-image-9377\" src=\"https:\/\/www.sellersunionagent.com\/wp-content\/uploads\/2022\/06\/\u5fae\u4fe1\u56fe\u7247_202207121741055.png\" alt=\"Przechowywanie w domu\" width=\"600\" height=\"560\" \/> <img loading=\"lazy\" decoding=\"async\" class=\"aligncenter wp-image-9376\" src=\"https:\/\/www.sellersunionagent.com\/wp-content\/uploads\/2022\/06\/\u5fae\u4fe1\u56fe\u7247_202207121741054.png\" alt=\"Przechowywanie w domu\" width=\"600\" height=\"534\" \/> <img loading=\"lazy\" decoding=\"async\" class=\"aligncenter wp-image-9374\" src=\"https:\/\/www.sellersunionagent.com\/wp-content\/uploads\/2022\/06\/\u5fae\u4fe1\u56fe\u7247_202207121741052.png\" alt=\"Przechowywanie w domu\" width=\"600\" height=\"553\" \/> <img loading=\"lazy\" decoding=\"async\" class=\"aligncenter wp-image-9378\" src=\"https:\/\/www.sellersunionagent.com\/wp-content\/uploads\/2022\/06\/\u5fae\u4fe1\u56fe\u7247_202207121741056.png\" alt=\"Przechowywanie w domu\" width=\"600\" height=\"537\" \/><\/p>","protected":false},"excerpt":{"rendered":"<p><strong>Typ<\/strong>: Organizacja domu<\/p>\n<p><strong>Numer pozycji:<\/strong> QYGD08<\/p>\n<p><strong>Rozmiar elementu<\/strong>: 37*14*38CM<\/p>\n<p><strong>Waga przedmiotu<\/strong>: 276g<\/p>\n<p><strong>Materia\u0142: <\/strong>PVC<\/p>","protected":false},"featured_media":7900,"comment_status":"open","ping_status":"closed","template":"","meta":{"_acf_changed":false},"product_brand":[],"product_cat":[31,189],"product_tag":[73,47],"class_list":{"0":"post-7885","1":"product","2":"type-product","3":"status-publish","4":"has-post-thumbnail","6":"product_cat-home-storage","7":"product_cat-bathroom","8":"product_tag-home-storagewholesaledurable","9":"product_tag-hot-sale","11":"first","12":"instock","13":"shipping-taxable","14":"product-type-simple","15":"swiper-slide"},"acf":[],"_links":{"self":[{"href":"https:\/\/www.sellersunionagent.com\/pl\/wp-json\/wp\/v2\/product\/7885","targetHints":{"allow":["GET"]}}],"collection":[{"href":"https:\/\/www.sellersunionagent.com\/pl\/wp-json\/wp\/v2\/product"}],"about":[{"href":"https:\/\/www.sellersunionagent.com\/pl\/wp-json\/wp\/v2\/types\/product"}],"replies":[{"embeddable":true,"href":"https:\/\/www.sellersunionagent.com\/pl\/wp-json\/wp\/v2\/comments?post=7885"}],"wp:featuredmedia":[{"embeddable":true,"href":"https:\/\/www.sellersunionagent.com\/pl\/wp-json\/wp\/v2\/media\/7900"}],"wp:attachment":[{"href":"https:\/\/www.sellersunionagent.com\/pl\/wp-json\/wp\/v2\/media?parent=7885"}],"wp:term":[{"taxonomy":"product_brand","embeddable":true,"href":"https:\/\/www.sellersunionagent.com\/pl\/wp-json\/wp\/v2\/product_brand?post=7885"},{"taxonomy":"product_cat","embeddable":true,"href":"https:\/\/www.sellersunionagent.com\/pl\/wp-json\/wp\/v2\/product_cat?post=7885"},{"taxonomy":"product_tag","embeddable":true,"href":"https:\/\/www.sellersunionagent.com\/pl\/wp-json\/wp\/v2\/product_tag?post=7885"}],"curies":[{"name":"wp","href":"https:\/\/api.w.org\/{rel}","templated":true}]}}