{"id":7875,"date":"2022-06-28T15:12:44","date_gmt":"2022-06-28T07:12:44","guid":{"rendered":"https:\/\/sellersunionagent.com\/?post_type=product&#038;p=7875"},"modified":"2022-08-31T14:17:22","modified_gmt":"2022-08-31T06:17:22","slug":"wiszace-pyloszczelne-torby-do-przechowywania-w-domu","status":"publish","type":"product","link":"https:\/\/www.sellersunionagent.com\/pl\/hanging-dustproof-bags-for-home-storage\/","title":{"rendered":"Wisz\u0105ce worki przeciwpy\u0142owe do przechowywania w domu"},"content":{"rendered":"<h2 id=\"title\" class=\"a-size-large a-spacing-none\"><span id=\"productTitle\" class=\"a-size-large product-title-word-break\">Worki na kurz Worki na kurz Pokrowce, w\u0142\u00f3knina Tkanina Torby do przechowywania Torebki na kurz do przechowywania w domu<\/span><\/h2>\n<p>&nbsp;<\/p>\n<p>&nbsp;<\/p>\n<ul>\n<li><strong>Odmiana do utrzymania:<\/strong> Nasze torby mog\u0105 organizowa\u0107 i przechowywa\u0107 szerok\u0105 gam\u0119 przedmiot\u00f3w, takich jak torebki, torby crossbody, plecaki, tootsies, torebki, szaliki, ubrania, koce, buty, przedmioty kolekcjonerskie, kosmetyki, przybory toaletowe i inne, aby utrzyma\u0107 porz\u0105dek.<\/li>\n<\/ul>\n<p>&nbsp;<\/p>\n<p>&nbsp;<\/p>\n<ul>\n<li><strong>D\u0142ugotrwa\u0142e u\u017cytkowanie:<\/strong> Torba wielokrotnego u\u017cytku wykonana jest z w\u0142\u00f3kniny i PVC, wysokiej jako\u015bci wykonania, wyj\u0105tkowego wygl\u0105du, niezawodno\u015bci i lekko\u015bci, mo\u017ce by\u0107 stosowana jako organizer podr\u00f3\u017cny, sk\u0142adana, lekka i przeno\u015bna, \u0142atwa w u\u017cyciu, mo\u017ce s\u0142u\u017cy\u0107 przez d\u0142ugi czas.<\/li>\n<\/ul>\n<p>&nbsp;<\/p>\n<p>&nbsp;<\/p>\n<ul>\n<li><strong>Szybka identyfikacja zawarto\u015bci torby:<\/strong> Nasze nietkane torby do przechowywania maj\u0105 przezroczyste dno, kt\u00f3re pozwala \u0142atwo zidentyfikowa\u0107, co si\u0119 w nich znajduje, oszcz\u0119dzaj\u0105c czas i u\u0142atwiaj\u0105c podr\u00f3\u017cowanie i \u017cycie.<\/li>\n<\/ul>\n<p>&nbsp;<\/p>\n<p>&nbsp;<\/p>\n<ul>\n<li><strong>\u0141atwe przechowywanie:<\/strong> Te torby ochronne na torebki s\u0105 zaprojektowane z zamkiem b\u0142yskawicznym, \u0142atwym do otwierania i zamykania, dzi\u0119ki czemu wbudowane przedmioty w torbie zapewniaj\u0105 dobr\u0105 ochron\u0119 i kurz, aby wyd\u0142u\u017cy\u0107 czas u\u017cytkowania przedmiotu.<\/li>\n<\/ul>\n<p>&nbsp;<\/p>\n<p><img fetchpriority=\"high\" decoding=\"async\" class=\"aligncenter wp-image-9380\" src=\"https:\/\/www.sellersunionagent.com\/wp-content\/uploads\/2022\/06\/O1CN01AFqe1h1smZPMiIc8M_2153205809-0-cib-1.jpg\" alt=\"Przechowywanie w domu\" width=\"600\" height=\"600\" \/><\/p>\n<p><img decoding=\"async\" class=\"aligncenter wp-image-9381\" src=\"https:\/\/www.sellersunionagent.com\/wp-content\/uploads\/2022\/06\/O1CN01BjEHnn1smZPMyn4bH_2153205809-0-cib-1.jpg\" alt=\"Dostawca hurtowy\" width=\"600\" height=\"596\" \/><\/p>\n<p><img decoding=\"async\" class=\"aligncenter wp-image-9382\" src=\"https:\/\/www.sellersunionagent.com\/wp-content\/uploads\/2022\/06\/O1CN01HceejK1smZPDAGX98_2153205809-0-cib-1.jpg\" alt=\"Dostawca hurtowy\" width=\"600\" height=\"600\" \/><\/p>\n<p><img loading=\"lazy\" decoding=\"async\" class=\"aligncenter wp-image-9383\" src=\"https:\/\/www.sellersunionagent.com\/wp-content\/uploads\/2022\/06\/O1CN01TGlujd1smZPJmHuoc_2153205809-0-cib-1.jpg\" alt=\"Dostawca hurtowy\" width=\"600\" height=\"600\" \/><\/p>\n<p><img loading=\"lazy\" decoding=\"async\" class=\"aligncenter wp-image-9384\" src=\"https:\/\/www.sellersunionagent.com\/wp-content\/uploads\/2022\/06\/O1CN017g4vgV1smZPM3CzeE_2153205809-0-cib-2.jpg\" alt=\"Dostawca hurtowy\" width=\"600\" height=\"600\" \/><\/p>\n<p>&nbsp;<\/p>","protected":false},"excerpt":{"rendered":"<p><strong>Typ<\/strong>: Organizacja domu<\/p>\n<p><strong>Numer pozycji:<\/strong> QYGD05<\/p>\n<p><strong>Rozmiar i waga przedmiotu<\/strong>:<\/p>\n<p>34x15X2CM\uff08S)\/95G<br \/>\n41x19x2CM(M)\/160G<br \/>\n41x19x2CM(L)\/150G<br \/>\n48x22x2CM(XL)\/215G<br \/>\n52x23x2CM\uff08XXL)\/195G<\/p>\n<p><strong>Materia\u0142:<\/strong> PVC + w\u0142\u00f3knina<\/p>","protected":false},"featured_media":7884,"comment_status":"open","ping_status":"closed","template":"","meta":{"_acf_changed":false},"product_brand":[],"product_cat":[31,187],"product_tag":[70,47,68,50],"class_list":{"0":"post-7875","1":"product","2":"type-product","3":"status-publish","4":"has-post-thumbnail","6":"product_cat-home-storage","7":"product_cat-bedroom","8":"product_tag-home-storage","9":"product_tag-hot-sale","10":"product_tag-large","11":"product_tag-wholesale","13":"first","14":"instock","15":"shipping-taxable","16":"product-type-simple","17":"swiper-slide"},"acf":[],"_links":{"self":[{"href":"https:\/\/www.sellersunionagent.com\/pl\/wp-json\/wp\/v2\/product\/7875","targetHints":{"allow":["GET"]}}],"collection":[{"href":"https:\/\/www.sellersunionagent.com\/pl\/wp-json\/wp\/v2\/product"}],"about":[{"href":"https:\/\/www.sellersunionagent.com\/pl\/wp-json\/wp\/v2\/types\/product"}],"replies":[{"embeddable":true,"href":"https:\/\/www.sellersunionagent.com\/pl\/wp-json\/wp\/v2\/comments?post=7875"}],"wp:featuredmedia":[{"embeddable":true,"href":"https:\/\/www.sellersunionagent.com\/pl\/wp-json\/wp\/v2\/media\/7884"}],"wp:attachment":[{"href":"https:\/\/www.sellersunionagent.com\/pl\/wp-json\/wp\/v2\/media?parent=7875"}],"wp:term":[{"taxonomy":"product_brand","embeddable":true,"href":"https:\/\/www.sellersunionagent.com\/pl\/wp-json\/wp\/v2\/product_brand?post=7875"},{"taxonomy":"product_cat","embeddable":true,"href":"https:\/\/www.sellersunionagent.com\/pl\/wp-json\/wp\/v2\/product_cat?post=7875"},{"taxonomy":"product_tag","embeddable":true,"href":"https:\/\/www.sellersunionagent.com\/pl\/wp-json\/wp\/v2\/product_tag?post=7875"}],"curies":[{"name":"wp","href":"https:\/\/api.w.org\/{rel}","templated":true}]}}