{"id":7868,"date":"2022-06-28T15:44:43","date_gmt":"2022-06-28T07:44:43","guid":{"rendered":"https:\/\/sellersunionagent.com\/?post_type=product&#038;p=7868"},"modified":"2022-08-31T14:16:51","modified_gmt":"2022-08-31T06:16:51","slug":"powiekszona-szafa-siatkowe-kieszenie-wiszaca-torba-na-biustonosz-skarpetki-bielizna-majtki","status":"publish","type":"product","link":"https:\/\/www.sellersunionagent.com\/pl\/enlarged-closet-mesh-pockets-hanging-storage-bag-for-bra-socks-underwear-underpants\/","title":{"rendered":"Wisz\u0105ca torba na biustonosz, skarpetki, bielizn\u0119 i majtki z powi\u0119kszonymi kieszeniami z siatki"},"content":{"rendered":"<h2>Wisz\u0105ca torba na biustonosz, skarpetki, bielizn\u0119 i majtki z powi\u0119kszonymi kieszeniami z siatki<\/h2>\n<ul>\n<li>Powi\u0119kszone kieszenie z dw\u00f3ch stron: Zwi\u0119kszona pojemno\u015b\u0107, spe\u0142nia wi\u0119cej potrzeb w zakresie przechowywania. Mo\u017cesz uporz\u0105dkowa\u0107 biustonosz, skarpetki, bielizn\u0119, majtki.<\/li>\n<li>Trwa\u0142y materia\u0142: Wisz\u0105cy organizer do szafy wykonany jest z oddychaj\u0105cej tkaniny 600D Oxford, a nylonowe kieszenie z siatki pomagaj\u0105 szybko zidentyfikowa\u0107 rzeczy, oszcz\u0119dzaj\u0105c czas na szukanie w ciemno.<\/li>\n<li>Oszcz\u0119dno\u015b\u0107 miejsca: wisz\u0105cy schowek na ubrania mo\u017cna zawiesi\u0107 na dr\u0105\u017cku szafy, dr\u0105\u017cku na ubrania, wieszaku na pranie, sypialni, magazynie, akademiku, kamperze itp.<\/li>\n<li>\u0141atwe czyszczenie: pranie r\u0119czne lub w pralce i szybkie suszenie bez blakni\u0119cia.<img fetchpriority=\"high\" decoding=\"async\" class=\"aligncenter wp-image-7895 size-full\" src=\"https:\/\/www.sellersunionagent.com\/wp-content\/uploads\/2022\/06\/enlarged-closet-mesh-pockets-hanging-storage-bag-9.png\" alt=\"Wisz\u0105ca torba do przechowywania\" width=\"671\" height=\"414\" \/><img decoding=\"async\" class=\"aligncenter wp-image-7894 size-full\" src=\"https:\/\/www.sellersunionagent.com\/wp-content\/uploads\/2022\/06\/enlarged-closet-mesh-pockets-hanging-storage-bag-8.png\" alt=\"Wisz\u0105ca torba do przechowywania\" width=\"631\" height=\"420\" \/> <img decoding=\"async\" class=\"aligncenter wp-image-7887 size-full\" src=\"https:\/\/www.sellersunionagent.com\/wp-content\/uploads\/2022\/06\/enlarged-closet-mesh-pockets-hanging-storage-bag-1.jpg\" alt=\"Wisz\u0105ca torba do przechowywania\" width=\"468\" height=\"412\" \/>\u00a0<img loading=\"lazy\" decoding=\"async\" class=\"aligncenter wp-image-7886 size-full\" src=\"https:\/\/www.sellersunionagent.com\/wp-content\/uploads\/2022\/06\/enlarged-closet-mesh-pockets-hanging-storage-bag.jpg\" alt=\"Wisz\u0105ca torba do przechowywania\" width=\"473\" height=\"416\" \/> \u00a0<img loading=\"lazy\" decoding=\"async\" class=\"aligncenter wp-image-7888\" src=\"https:\/\/www.sellersunionagent.com\/wp-content\/uploads\/2022\/06\/enlarged-closet-mesh-pockets-hanging-storage-bag-2.jpg\" alt=\"Wisz\u0105ca torba do przechowywania\" width=\"473\" height=\"473\" \/> <img loading=\"lazy\" decoding=\"async\" class=\"aligncenter wp-image-7889\" src=\"https:\/\/www.sellersunionagent.com\/wp-content\/uploads\/2022\/06\/enlarged-closet-mesh-pockets-hanging-storage-bag-3.jpg\" alt=\"Wisz\u0105ca torba do przechowywania\" width=\"473\" height=\"473\" \/> \u00a0<img loading=\"lazy\" decoding=\"async\" class=\"aligncenter wp-image-7891\" src=\"https:\/\/www.sellersunionagent.com\/wp-content\/uploads\/2022\/06\/enlarged-closet-mesh-pockets-hanging-storage-bag-5.jpg\" alt=\"Wisz\u0105ca torba do przechowywania\" width=\"473\" height=\"473\" \/> <img loading=\"lazy\" decoding=\"async\" class=\"aligncenter wp-image-7892\" src=\"https:\/\/www.sellersunionagent.com\/wp-content\/uploads\/2022\/06\/enlarged-closet-mesh-pockets-hanging-storage-bag-6.jpg\" alt=\"Wisz\u0105ca torba do przechowywania\" width=\"473\" height=\"473\" \/><\/li>\n<\/ul>","protected":false},"excerpt":{"rendered":"<p><strong>Typ<\/strong>: Wisz\u0105ca torba do przechowywania<\/p>\n<p><strong>Numer pozycji:<\/strong> GJ004<\/p>\n<p><strong>Rozmiar elementu<\/strong>: 40*80cm<\/p>\n<p><strong>Kolory<\/strong>: Czarny\/bia\u0142y<\/p>\n<p><strong>Materia\u0142: <\/strong><a class=\"color_pc_blue_text\" data-keyword=\"non-woven fabrics\">W\u0142\u00f3kniny<\/a><\/p>\n<p>&nbsp;<\/p>\n<p>&nbsp;<\/p>\n<div class=\"elementor-element elementor-element-c17fac7 elementor-widget elementor-widget-woocommerce-product-short-description\" data-id=\"c17fac7\" data-element_type=\"widget\" data-widget_type=\"woocommerce-product-short-description.default\">\n<div class=\"elementor-widget-container\">\n<div class=\"woocommerce-product-details__short-description\">\n<div class=\"elementor-element elementor-element-c17fac7 elementor-widget elementor-widget-woocommerce-product-short-description\" data-id=\"c17fac7\" data-element_type=\"widget\" data-widget_type=\"woocommerce-product-short-description.default\">\n<div class=\"elementor-widget-container\">\n<div class=\"woocommerce-product-details__short-description\">\n<p>Eksportujemy modne towary o wysokiej jako\u015bci i dobrej cenie, wspieramy dostosowywanie OEM i ODM oraz zapewniamy profesjonaln\u0105 kompleksow\u0105 obs\u0142ug\u0119.<\/p>\n<\/div>\n<\/div>\n<\/div>\n<\/div>\n<\/div>\n<\/div>","protected":false},"featured_media":7890,"comment_status":"open","ping_status":"closed","template":"","meta":{"_acf_changed":false},"product_brand":[],"product_cat":[31,187],"product_tag":[129,130],"class_list":{"0":"post-7868","1":"product","2":"type-product","3":"status-publish","4":"has-post-thumbnail","6":"product_cat-home-storage","7":"product_cat-bedroom","8":"product_tag-enlarged","9":"product_tag-hanging-storage-bag","11":"first","12":"instock","13":"shipping-taxable","14":"product-type-simple","15":"swiper-slide"},"acf":[],"_links":{"self":[{"href":"https:\/\/www.sellersunionagent.com\/pl\/wp-json\/wp\/v2\/product\/7868","targetHints":{"allow":["GET"]}}],"collection":[{"href":"https:\/\/www.sellersunionagent.com\/pl\/wp-json\/wp\/v2\/product"}],"about":[{"href":"https:\/\/www.sellersunionagent.com\/pl\/wp-json\/wp\/v2\/types\/product"}],"replies":[{"embeddable":true,"href":"https:\/\/www.sellersunionagent.com\/pl\/wp-json\/wp\/v2\/comments?post=7868"}],"wp:featuredmedia":[{"embeddable":true,"href":"https:\/\/www.sellersunionagent.com\/pl\/wp-json\/wp\/v2\/media\/7890"}],"wp:attachment":[{"href":"https:\/\/www.sellersunionagent.com\/pl\/wp-json\/wp\/v2\/media?parent=7868"}],"wp:term":[{"taxonomy":"product_brand","embeddable":true,"href":"https:\/\/www.sellersunionagent.com\/pl\/wp-json\/wp\/v2\/product_brand?post=7868"},{"taxonomy":"product_cat","embeddable":true,"href":"https:\/\/www.sellersunionagent.com\/pl\/wp-json\/wp\/v2\/product_cat?post=7868"},{"taxonomy":"product_tag","embeddable":true,"href":"https:\/\/www.sellersunionagent.com\/pl\/wp-json\/wp\/v2\/product_tag?post=7868"}],"curies":[{"name":"wp","href":"https:\/\/api.w.org\/{rel}","templated":true}]}}