{"id":7867,"date":"2022-06-28T14:59:05","date_gmt":"2022-06-28T06:59:05","guid":{"rendered":"https:\/\/sellersunionagent.com\/?post_type=product&#038;p=7867"},"modified":"2022-08-31T14:17:38","modified_gmt":"2022-08-31T06:17:38","slug":"hurtowy-wiszacy-organizer-do-przechowywania-w-domu","status":"publish","type":"product","link":"https:\/\/www.sellersunionagent.com\/pl\/wholesale-hanging-home-storage-closet-organizer\/","title":{"rendered":"Hurtowy wisz\u0105cy domowy organizer do szafy"},"content":{"rendered":"<h2 id=\"title\" class=\"a-size-large a-spacing-none\"><span id=\"productTitle\" class=\"a-size-large product-title-word-break\">Wielowarstwowy wisz\u0105cy organizer do szafy, organizacja dla domu<\/span><\/h2>\n<p>&nbsp;<\/p>\n<ul>\n<li>\u3010Sk\u0142adane i przeno\u015bne\u3011 Organizery do szaf i przechowywania ubra\u0144 wykonane s\u0105 z wysokiej jako\u015bci zmywalnej w\u0142\u00f3kniny, mi\u0119kkiej i oddychaj\u0105cej, nieodkszta\u0142calnej i plastycznej. \u0141atwy do przenoszenia, do samochodu, podr\u00f3\u017cy, pikniku, przyczepy jest bardzo praktyczny.<\/li>\n<\/ul>\n<p>&nbsp;<\/p>\n<p>&nbsp;<\/p>\n<ul>\n<li>\u3010Zwi\u0119ksz wykorzystanie przestrzeni\u3011 Organizer do szafy mo\u017ce przechowywa\u0107 ubrania, bielizn\u0119, czapki, skarpetki, buty, r\u0119czniki, po\u015bciel i pokrowce, zabawki itp. \u015awietnie sprawdza si\u0119 w szafach, p\u00f3\u0142kach.<\/li>\n<\/ul>\n<p>&nbsp;<\/p>\n<p>&nbsp;<\/p>\n<ul>\n<li>\u3010Us\u0142uga Premium\u3011Przed zakupem prosimy o sprawdzenie koloru i rozmiaru zakupionego produktu. Je\u015bli napotkasz jakikolwiek problem podczas procesu zakupu, mo\u017cesz mie\u0107 pewno\u015b\u0107, \u017ce rozwi\u0105\u017cemy go tak szybko, jak to mo\u017cliwe.<\/li>\n<\/ul>\n<p>&nbsp;<\/p>\n<p><img fetchpriority=\"high\" decoding=\"async\" class=\"aligncenter wp-image-7871\" src=\"https:\/\/www.sellersunionagent.com\/wp-content\/uploads\/2022\/06\/wholesale-hanging-home-storage-closet-organizer-2.jpg\" alt=\"\" width=\"600\" height=\"600\" \/><\/p>\n<p><img decoding=\"async\" class=\"aligncenter wp-image-7873\" src=\"https:\/\/www.sellersunionagent.com\/wp-content\/uploads\/2022\/06\/wholesale-hanging-home-storage-closet-organizer-4.jpg\" alt=\"\" width=\"600\" height=\"600\" \/><\/p>\n<p><img decoding=\"async\" class=\"aligncenter wp-image-7874\" src=\"https:\/\/www.sellersunionagent.com\/wp-content\/uploads\/2022\/06\/wholesale-hanging-home-storage-closet-organizer-5.jpg\" alt=\"\" width=\"600\" height=\"600\" \/><\/p>","protected":false},"excerpt":{"rendered":"<p><strong>Typ<\/strong>: Organizacja domu<\/p>\n<p><strong>Numer pozycji:<\/strong> QYGD04<\/p>\n<p><strong>Rozmiar i waga przedmiotu<\/strong>: Trzy warstwy 27*27*60cm\/330g<br \/>\nCztery warstwy 27*27*80cm\/440g<br \/>\nPi\u0119\u0107 warstw 27*27*100cm\/500g<\/p>\n<p><strong>Materia\u0142: <\/strong><span class=\"skip\"><a class=\"color_pc_blue_text\" data-keyword=\"non-woven fabrics\">W\u0142\u00f3kniny<\/a><\/span><\/p>\n<p>&nbsp;<\/p>","protected":false},"featured_media":7870,"comment_status":"open","ping_status":"closed","template":"","meta":{"_acf_changed":false},"product_brand":[],"product_cat":[31,187],"product_tag":[73,47,89],"class_list":{"0":"post-7867","1":"product","2":"type-product","3":"status-publish","4":"has-post-thumbnail","6":"product_cat-home-storage","7":"product_cat-bedroom","8":"product_tag-home-storagewholesaledurable","9":"product_tag-hot-sale","10":"product_tag-multi-function","12":"first","13":"instock","14":"shipping-taxable","15":"product-type-simple","16":"swiper-slide"},"acf":[],"_links":{"self":[{"href":"https:\/\/www.sellersunionagent.com\/pl\/wp-json\/wp\/v2\/product\/7867","targetHints":{"allow":["GET"]}}],"collection":[{"href":"https:\/\/www.sellersunionagent.com\/pl\/wp-json\/wp\/v2\/product"}],"about":[{"href":"https:\/\/www.sellersunionagent.com\/pl\/wp-json\/wp\/v2\/types\/product"}],"replies":[{"embeddable":true,"href":"https:\/\/www.sellersunionagent.com\/pl\/wp-json\/wp\/v2\/comments?post=7867"}],"wp:featuredmedia":[{"embeddable":true,"href":"https:\/\/www.sellersunionagent.com\/pl\/wp-json\/wp\/v2\/media\/7870"}],"wp:attachment":[{"href":"https:\/\/www.sellersunionagent.com\/pl\/wp-json\/wp\/v2\/media?parent=7867"}],"wp:term":[{"taxonomy":"product_brand","embeddable":true,"href":"https:\/\/www.sellersunionagent.com\/pl\/wp-json\/wp\/v2\/product_brand?post=7867"},{"taxonomy":"product_cat","embeddable":true,"href":"https:\/\/www.sellersunionagent.com\/pl\/wp-json\/wp\/v2\/product_cat?post=7867"},{"taxonomy":"product_tag","embeddable":true,"href":"https:\/\/www.sellersunionagent.com\/pl\/wp-json\/wp\/v2\/product_tag?post=7867"}],"curies":[{"name":"wp","href":"https:\/\/api.w.org\/{rel}","templated":true}]}}