{"id":7851,"date":"2022-06-28T14:43:06","date_gmt":"2022-06-28T06:43:06","guid":{"rendered":"https:\/\/sellersunionagent.com\/?post_type=product&#038;p=7851"},"modified":"2022-08-31T14:18:00","modified_gmt":"2022-08-31T06:18:00","slug":"duza-pojemnosc-do-przechowywania-w-domu-oszczednosc-miejsca-regal-do-przechowywania-wisi","status":"publish","type":"product","link":"https:\/\/www.sellersunionagent.com\/pl\/large-capacity-home-storage-space-saving-storage-rack-hangs\/","title":{"rendered":"Oszcz\u0119dzaj\u0105cy miejsce stojak do przechowywania o du\u017cej pojemno\u015bci"},"content":{"rendered":"<h2 id=\"title\" class=\"a-size-large a-spacing-none\"><span id=\"productTitle\" class=\"a-size-large product-title-word-break\">Stojak na buty, trampki, akcesoria domowe i akcesoria do przechowywania w szafie<\/span><\/h2>\n<p><strong>Typ<\/strong>: Organizacja domu<\/p>\n<p><strong>Numer pozycji:<\/strong> QYGD03<\/p>\n<p><strong>Rozmiar elementu<\/strong>96*33*11cm<\/p>\n<p><strong>Waga przedmiotu<\/strong>: 540g<\/p>\n<p><strong>Kolory<\/strong>: Szary, ciemna kawa, be\u017cowy, czarny<\/p>\n<p><strong>Materia\u0142:<\/strong>W\u0142\u00f3knina<\/p>\n<p>&nbsp;<\/p>\n<p><strong>MOQ: <\/strong>500 (elastyczny)<br \/>\n<strong>Bezp\u0142atna pr\u00f3bka:<\/strong> Obs\u0142ugiwane<br \/>\n<strong>Personalizacja:<\/strong> logo \/ kolor \/ materia\u0142y \/ opakowanie itp.<br \/>\n<strong>Zni\u017cka:<\/strong> Pierwsze zam\u00f3wienia ju\u017c od 10% taniej.<br \/>\n<strong>Terminowo\u015b\u0107 dostaw:<\/strong> 100%<br \/>\n<strong>\u0141\u0105czna liczba przesy\u0142ek:<\/strong> 100000 SZTUK<br \/>\n<strong>Wysy\u0142ka:<\/strong> Wsparcie dla transportu ekspresowego - fracht morski - fracht l\u0105dowy<\/p>\n<ul>\n<li>Wysokiej jako\u015bci konstrukcja: Wykonany z wysokiej jako\u015bci w\u0142\u00f3kniny poliestrowej organizer zawiera 4 antypo\u015blizgowe, mocne i solidne haczyki, kt\u00f3re idealnie pasuj\u0105 do wi\u0119kszo\u015bci drzwi.<\/li>\n<\/ul>\n<p>&nbsp;<\/p>\n<p>&nbsp;<\/p>\n<ul>\n<li>Wszechstronny: doskona\u0142y wyb\u00f3r do przechowywania niemal wszystkiego; \u0142atwe przechowywanie materia\u0142\u00f3w rzemie\u015blniczych, spi\u017carni, artyku\u0142\u00f3w kosmetycznych lub domowych \u015brodk\u00f3w czyszcz\u0105cych w wysoce zorganizowany i wydajny spos\u00f3b; organizer mo\u017cna dopasowa\u0107 do wi\u0119kszo\u015bci drzwi, dzi\u0119ki czemu mo\u017cna go \u0142atwo umie\u015bci\u0107 nie tylko w szafach, ale tak\u017ce w b\u0142otnikach, \u0142azienkach, gara\u017cach i nie tylko.<\/li>\n<\/ul>\n<p>&nbsp;<\/p>\n<p>&nbsp;<\/p>\n<ul>\n<li>Nie wymaga sprz\u0119tu: Lekki i \u0142atwy do powieszenia niemal wsz\u0119dzie, poniewa\u017c nie wymaga sprz\u0119tu do konfiguracji; koniec z du\u017cymi pojemnikami do przechowywania, kt\u00f3re zajmuj\u0105 wi\u0119cej miejsca; s\u0105 r\u00f3wnie\u017c sk\u0142adane i \u0142atwe do z\u0142o\u017cenia, dzi\u0119ki czemu mo\u017cna je przechowywa\u0107, gdy nie s\u0105 u\u017cywane, a nawet zabra\u0107 ze sob\u0105 na wakacje poza domem, aby pom\u00f3c utrzyma\u0107 porz\u0105dek; aby wyczy\u015bci\u0107 organizer, umyj go r\u0119cznie i pozostaw do wyschni\u0119cia.<\/li>\n<\/ul>\n<p>&nbsp;<\/p>\n<p><img fetchpriority=\"high\" decoding=\"async\" class=\"aligncenter wp-image-7863\" src=\"https:\/\/www.sellersunionagent.com\/wp-content\/uploads\/2022\/06\/large-capacity-home-storage-space-saving-storage-rack-hangs-1.jpg\" alt=\"\" width=\"600\" height=\"600\" \/> <img decoding=\"async\" class=\"aligncenter wp-image-7864\" src=\"https:\/\/www.sellersunionagent.com\/wp-content\/uploads\/2022\/06\/large-capacity-home-storage-space-saving-storage-rack-hangs-2.jpg\" alt=\"\" width=\"600\" height=\"600\" \/><\/p>\n<p><img decoding=\"async\" class=\"aligncenter wp-image-9385\" src=\"https:\/\/www.sellersunionagent.com\/wp-content\/uploads\/2022\/06\/\u5fae\u4fe1\u56fe\u7247_20220712181803.png\" alt=\"Dostawca hurtowy\" width=\"600\" height=\"535\" \/><\/p>\n<p><img loading=\"lazy\" decoding=\"async\" class=\"aligncenter wp-image-9386\" src=\"https:\/\/www.sellersunionagent.com\/wp-content\/uploads\/2022\/06\/\u5fae\u4fe1\u56fe\u7247_202207121818031.png\" alt=\"Produkcja w Chinach\" width=\"600\" height=\"543\" \/><\/p>","protected":false},"excerpt":{"rendered":"<p><strong>MOQ: <\/strong>50 (elastyczny)<br \/>\n<strong>Bezp\u0142atna pr\u00f3bka:<\/strong> Obs\u0142ugiwane<br \/>\n<strong>Personalizacja:<\/strong> logo \/ kolor \/ materia\u0142y \/ opakowanie itp.<br \/>\n<strong>Zni\u017cka:<\/strong> Pierwsze zam\u00f3wienia ju\u017c od 10% taniej.<br \/>\n<strong>Terminowo\u015b\u0107 dostaw:<\/strong> 100%<br \/>\n<strong>\u0141\u0105czna liczba przesy\u0142ek:<\/strong> 100000 SZTUK<br \/>\n<strong>Wysy\u0142ka:<\/strong> Wsparcie dla transportu ekspresowego - fracht morski - fracht l\u0105dowy<\/p>","protected":false},"featured_media":7865,"comment_status":"open","ping_status":"closed","template":"","meta":{"_acf_changed":false},"product_brand":[],"product_cat":[31,186],"product_tag":[174,73,48,93],"class_list":{"0":"post-7851","1":"product","2":"type-product","3":"status-publish","4":"has-post-thumbnail","6":"product_cat-home-storage","7":"product_cat-living-room","8":"product_tag-home-storage-hot","9":"product_tag-home-storagewholesaledurable","10":"product_tag-large-capacity","11":"product_tag-storage","13":"first","14":"instock","15":"shipping-taxable","16":"product-type-simple","17":"swiper-slide"},"acf":[],"_links":{"self":[{"href":"https:\/\/www.sellersunionagent.com\/pl\/wp-json\/wp\/v2\/product\/7851","targetHints":{"allow":["GET"]}}],"collection":[{"href":"https:\/\/www.sellersunionagent.com\/pl\/wp-json\/wp\/v2\/product"}],"about":[{"href":"https:\/\/www.sellersunionagent.com\/pl\/wp-json\/wp\/v2\/types\/product"}],"replies":[{"embeddable":true,"href":"https:\/\/www.sellersunionagent.com\/pl\/wp-json\/wp\/v2\/comments?post=7851"}],"wp:featuredmedia":[{"embeddable":true,"href":"https:\/\/www.sellersunionagent.com\/pl\/wp-json\/wp\/v2\/media\/7865"}],"wp:attachment":[{"href":"https:\/\/www.sellersunionagent.com\/pl\/wp-json\/wp\/v2\/media?parent=7851"}],"wp:term":[{"taxonomy":"product_brand","embeddable":true,"href":"https:\/\/www.sellersunionagent.com\/pl\/wp-json\/wp\/v2\/product_brand?post=7851"},{"taxonomy":"product_cat","embeddable":true,"href":"https:\/\/www.sellersunionagent.com\/pl\/wp-json\/wp\/v2\/product_cat?post=7851"},{"taxonomy":"product_tag","embeddable":true,"href":"https:\/\/www.sellersunionagent.com\/pl\/wp-json\/wp\/v2\/product_tag?post=7851"}],"curies":[{"name":"wp","href":"https:\/\/api.w.org\/{rel}","templated":true}]}}