{"id":7842,"date":"2022-06-28T14:51:12","date_gmt":"2022-06-28T06:51:12","guid":{"rendered":"https:\/\/sellersunionagent.com\/?post_type=product&#038;p=7842"},"modified":"2022-08-31T14:17:53","modified_gmt":"2022-08-31T06:17:53","slug":"siatkowe-wiszace-pojemniki-na-worki-na-smieci-do-przechowywania-w-kuchni","status":"publish","type":"product","link":"https:\/\/www.sellersunionagent.com\/pl\/mesh-hanging-garbage-bag-holder-storage-dispensers-for-kitchen\/","title":{"rendered":"Siatkowe, wisz\u0105ce pojemniki na worki na \u015bmieci do kuchni"},"content":{"rendered":"<h2>Siatkowe, wisz\u0105ce pojemniki na worki na \u015bmieci do kuchni<\/h2>\n<p>Trwa\u0142y materia\u0142: Wykonane z poliestrowej tkaniny siatkowej, wytrzyma\u0142e, nadaj\u0105ce si\u0119 do noszenia i trwa\u0142e. Siatka wenlacyjna, bez wiercenia, bez kleju.<\/p>\n<p>&nbsp;<\/p>\n<p>Konstrukcja wisz\u0105ca: Dzi\u0119ki cylindrycznej sylwetce mo\u017cna w pe\u0142ni wykorzysta\u0107 pionow\u0105 przestrze\u0144, wk\u0142adaj\u0105c plastikow\u0105 torb\u0119 do dozownika na g\u00f3rze i wyci\u0105gaj\u0105c od do\u0142u.<\/p>\n<p>&nbsp;<\/p>\n<p>Uniwersalny: \u015bwietny do recyklingu i porz\u0105dkowania. Mo\u017ce nawet pomie\u015bci\u0107 warzywa, takie jak pomidory lub ziemniaki na zakupy i do innych cel\u00f3w.<\/p>\n<p><img fetchpriority=\"high\" decoding=\"async\" class=\"aligncenter wp-image-7858 size-full\" src=\"https:\/\/www.sellersunionagent.com\/wp-content\/uploads\/2022\/06\/mesh-hanging-garbage-bag-holder-storage-dispensers-6.png\" alt=\"Wisz\u0105cy uchwyt na worek na \u015bmieci\" width=\"592\" height=\"598\" \/><\/p>\n<p><img decoding=\"async\" class=\"aligncenter wp-image-7859\" src=\"https:\/\/www.sellersunionagent.com\/wp-content\/uploads\/2022\/06\/mesh-hanging-garbage-bag-holder-storage-dispensers-7.png\" alt=\"Wisz\u0105cy uchwyt na worek na \u015bmieci\" width=\"609\" height=\"389\" \/><\/p>\n<p><img decoding=\"async\" class=\"aligncenter wp-image-7854\" src=\"https:\/\/www.sellersunionagent.com\/wp-content\/uploads\/2022\/06\/mesh-hanging-garbage-bag-holder-storage-dispensers-2.jpg\" alt=\"Wisz\u0105cy uchwyt na worek na \u015bmieci\" width=\"600\" height=\"600\" \/> \u00a0<img loading=\"lazy\" decoding=\"async\" class=\"aligncenter wp-image-7856\" src=\"https:\/\/www.sellersunionagent.com\/wp-content\/uploads\/2022\/06\/mesh-hanging-garbage-bag-holder-storage-dispensers-4.jpg\" alt=\"Wisz\u0105cy uchwyt na worek na \u015bmieci\" width=\"600\" height=\"600\" \/> \u00a0<img loading=\"lazy\" decoding=\"async\" class=\"aligncenter wp-image-7860\" src=\"https:\/\/www.sellersunionagent.com\/wp-content\/uploads\/2022\/06\/mesh-hanging-garbage-bag-holder-storage-dispensers-8.jpg\" alt=\"Wisz\u0105cy uchwyt na worek na \u015bmieci\" width=\"600\" height=\"600\" \/><\/p>","protected":false},"excerpt":{"rendered":"<p><strong>Typ<\/strong>: Wisz\u0105cy uchwyt na worek na \u015bmieci<\/p>\n<p><strong>Numer pozycji:<\/strong> GJ003<\/p>\n<p><strong>Rozmiar elementu<\/strong>: 36*11cm<\/p>\n<p><strong>Kolory<\/strong>: Czarny\/bia\u0142y\/\u017c\u00f3\u0142ty<\/p>\n<p><strong>Materia\u0142:\u00a0<\/strong><a class=\"color_pc_blue_text\" data-keyword=\"oxford cloth\">Nylon<\/a><\/p>\n<p>&nbsp;<\/p>\n<div class=\"elementor-element elementor-element-c17fac7 elementor-widget elementor-widget-woocommerce-product-short-description\" data-id=\"c17fac7\" data-element_type=\"widget\" data-widget_type=\"woocommerce-product-short-description.default\">\n<div class=\"elementor-widget-container\">\n<div class=\"woocommerce-product-details__short-description\">\n<p><span id=\"w_61\" class=\"\">Wszystkie\u00a0<\/span><span id=\"w_62\" class=\"\">nasze produkty\u00a0<\/span><span id=\"w_64\" class=\"\">mo\u017ce by\u0107\u00a0<\/span><span id=\"w_65\" class=\"high-light\">spersonalizowany\u00a0<\/span><span id=\"w_66\">do\u00a0<\/span><span id=\"w_67\">w\u00a0<\/span><span id=\"w_68\">potrzeby\u00a0<\/span><span id=\"w_69\" class=\"\">z\u00a0<\/span><span id=\"w_70\" class=\"\">w\u00a0<\/span><span id=\"w_71\" class=\"\">indywidualny<\/span><span id=\"w_72\" class=\"\">.<\/span> Powa\u017cnie podchodzimy do ka\u017cdego kroku, aby dostarczy\u0107 lepszy produkt.<\/p>\n<\/div>\n<\/div>\n<\/div>","protected":false},"featured_media":7862,"comment_status":"open","ping_status":"closed","template":"","meta":{"_acf_changed":false},"product_brand":[],"product_cat":[31,188],"product_tag":[128,127],"class_list":{"0":"post-7842","1":"product","2":"type-product","3":"status-publish","4":"has-post-thumbnail","6":"product_cat-home-storage","7":"product_cat-kitchen","8":"product_tag-garbage-bag-holder","9":"product_tag-hanging","11":"first","12":"instock","13":"shipping-taxable","14":"product-type-simple","15":"swiper-slide"},"acf":[],"_links":{"self":[{"href":"https:\/\/www.sellersunionagent.com\/pl\/wp-json\/wp\/v2\/product\/7842","targetHints":{"allow":["GET"]}}],"collection":[{"href":"https:\/\/www.sellersunionagent.com\/pl\/wp-json\/wp\/v2\/product"}],"about":[{"href":"https:\/\/www.sellersunionagent.com\/pl\/wp-json\/wp\/v2\/types\/product"}],"replies":[{"embeddable":true,"href":"https:\/\/www.sellersunionagent.com\/pl\/wp-json\/wp\/v2\/comments?post=7842"}],"wp:featuredmedia":[{"embeddable":true,"href":"https:\/\/www.sellersunionagent.com\/pl\/wp-json\/wp\/v2\/media\/7862"}],"wp:attachment":[{"href":"https:\/\/www.sellersunionagent.com\/pl\/wp-json\/wp\/v2\/media?parent=7842"}],"wp:term":[{"taxonomy":"product_brand","embeddable":true,"href":"https:\/\/www.sellersunionagent.com\/pl\/wp-json\/wp\/v2\/product_brand?post=7842"},{"taxonomy":"product_cat","embeddable":true,"href":"https:\/\/www.sellersunionagent.com\/pl\/wp-json\/wp\/v2\/product_cat?post=7842"},{"taxonomy":"product_tag","embeddable":true,"href":"https:\/\/www.sellersunionagent.com\/pl\/wp-json\/wp\/v2\/product_tag?post=7842"}],"curies":[{"name":"wp","href":"https:\/\/api.w.org\/{rel}","templated":true}]}}