{"id":7835,"date":"2022-06-28T14:08:16","date_gmt":"2022-06-28T06:08:16","guid":{"rendered":"https:\/\/sellersunionagent.com\/?post_type=product&#038;p=7835"},"modified":"2022-08-31T14:18:20","modified_gmt":"2022-08-31T06:18:20","slug":"spersonalizowany-okragly-skladany-kosz-na-pranie","status":"publish","type":"product","link":"https:\/\/www.sellersunionagent.com\/pl\/personalized-round-collapsible-laundry-basket\/","title":{"rendered":"Spersonalizowany okr\u0105g\u0142y sk\u0142adany kosz na pranie"},"content":{"rendered":"<h2>Spersonalizowany okr\u0105g\u0142y sk\u0142adany kosz na pranie<\/h2>\n<p>Bardzo du\u017ca pojemno\u015b\u0107: Bawe\u0142na i konopie. Sk\u0142adany kosz na \u015bmieci zajmuje niewiele miejsca, a mie\u015bci naprawd\u0119 du\u017co. Ubrania i zabawki mo\u017cna \u0142atwo przechowywa\u0107 z dala od pod\u0142ogi.<\/p>\n<p>&nbsp;<\/p>\n<p>&nbsp;<\/p>\n<p>Minimalistyczny design: Idealny do sypialni, garderoby i salonu. Ten du\u017cy kosz jest wyko\u0144czony w czystej, niskoprofilowej, minimalistycznej estetyce. Oferujemy spersonalizowan\u0105 obs\u0142ug\u0119!<\/p>\n<p>&nbsp;<\/p>\n<p>&nbsp;<\/p>\n<p>Mi\u0119kki uchwyt: Mi\u0119kkie uchwyty tworz\u0105 przyjemny dotyk wyrafinowania, gdy s\u0105 chwytane i przenoszone. Mo\u017cna je \u0142atwo przenosi\u0107 w inne miejsca w domu.<\/p>\n<p><img fetchpriority=\"high\" decoding=\"async\" class=\"aligncenter wp-image-7836\" src=\"https:\/\/www.sellersunionagent.com\/wp-content\/uploads\/2022\/06\/personalized-round-collapsible-laundry-basket.jpg\" alt=\"Spersonalizowane\" width=\"600\" height=\"600\" \/> <img decoding=\"async\" class=\"aligncenter wp-image-7838\" src=\"https:\/\/www.sellersunionagent.com\/wp-content\/uploads\/2022\/06\/personalized-round-collapsible-laundry-basket-2.jpg\" alt=\"Spersonalizowane\" width=\"600\" height=\"600\" \/><img decoding=\"async\" class=\"aligncenter wp-image-7841\" src=\"https:\/\/www.sellersunionagent.com\/wp-content\/uploads\/2022\/06\/personalized-round-collapsible-laundry-basket-6.png\" alt=\"Spersonalizowane\" width=\"600\" height=\"600\" \/> <img loading=\"lazy\" decoding=\"async\" class=\"aligncenter wp-image-7839\" src=\"https:\/\/www.sellersunionagent.com\/wp-content\/uploads\/2022\/06\/personalized-round-collapsible-laundry-basket-4.jpg\" alt=\"Spersonalizowane\" width=\"600\" height=\"600\" \/><\/p>\n<p>&nbsp;<\/p>","protected":false},"excerpt":{"rendered":"<p><strong>Typ<\/strong>: Kosz na pranie<\/p>\n<p><strong>Numer pozycji:<\/strong> GJ002<\/p>\n<p><strong>Rozmiar elementu<\/strong>: 35*43cm<\/p>\n<p><strong>Kolory<\/strong>: Szary\/czarny\/bia\u0142y<\/p>\n<p><strong>Materia\u0142:\u00a0<\/strong>Bawe\u0142na<\/p>\n<p>&nbsp;<\/p>\n<p><span id=\"w_61\" class=\"\">Wszystkie <\/span><span id=\"w_62\" class=\"\">nasze produkty <\/span><span id=\"w_64\" class=\"\">mo\u017ce by\u0107 <\/span><span id=\"w_65\" class=\"high-light\">spersonalizowany <\/span><span id=\"w_66\">do <\/span><span id=\"w_67\">w <\/span><span id=\"w_68\">potrzeby <\/span><span id=\"w_69\" class=\"\">z <\/span><span id=\"w_70\" class=\"\">w <\/span><span id=\"w_71\" class=\"\">indywidualny<\/span><span id=\"w_72\" class=\"\">.<\/span> Powa\u017cnie podchodzimy do ka\u017cdego kroku, aby dostarczy\u0107 lepszy produkt.<\/p>","protected":false},"featured_media":7840,"comment_status":"open","ping_status":"closed","template":"","meta":{"_acf_changed":false},"product_brand":[],"product_cat":[31,186],"product_tag":[122,126,125],"class_list":{"0":"post-7835","1":"product","2":"type-product","3":"status-publish","4":"has-post-thumbnail","6":"product_cat-home-storage","7":"product_cat-living-room","8":"product_tag-collapsible","9":"product_tag-laundry-basket","10":"product_tag-personalized","12":"first","13":"instock","14":"shipping-taxable","15":"product-type-simple","16":"swiper-slide"},"acf":[],"_links":{"self":[{"href":"https:\/\/www.sellersunionagent.com\/pl\/wp-json\/wp\/v2\/product\/7835","targetHints":{"allow":["GET"]}}],"collection":[{"href":"https:\/\/www.sellersunionagent.com\/pl\/wp-json\/wp\/v2\/product"}],"about":[{"href":"https:\/\/www.sellersunionagent.com\/pl\/wp-json\/wp\/v2\/types\/product"}],"replies":[{"embeddable":true,"href":"https:\/\/www.sellersunionagent.com\/pl\/wp-json\/wp\/v2\/comments?post=7835"}],"wp:featuredmedia":[{"embeddable":true,"href":"https:\/\/www.sellersunionagent.com\/pl\/wp-json\/wp\/v2\/media\/7840"}],"wp:attachment":[{"href":"https:\/\/www.sellersunionagent.com\/pl\/wp-json\/wp\/v2\/media?parent=7835"}],"wp:term":[{"taxonomy":"product_brand","embeddable":true,"href":"https:\/\/www.sellersunionagent.com\/pl\/wp-json\/wp\/v2\/product_brand?post=7835"},{"taxonomy":"product_cat","embeddable":true,"href":"https:\/\/www.sellersunionagent.com\/pl\/wp-json\/wp\/v2\/product_cat?post=7835"},{"taxonomy":"product_tag","embeddable":true,"href":"https:\/\/www.sellersunionagent.com\/pl\/wp-json\/wp\/v2\/product_tag?post=7835"}],"curies":[{"name":"wp","href":"https:\/\/api.w.org\/{rel}","templated":true}]}}