{"id":7787,"date":"2022-06-27T18:35:13","date_gmt":"2022-06-27T10:35:13","guid":{"rendered":"https:\/\/sellersunionagent.com\/?post_type=product&#038;p=7787"},"modified":"2022-08-31T14:18:54","modified_gmt":"2022-08-31T06:18:54","slug":"large-oxford-cloth-dirty-clothes-hamper-with-handle","status":"publish","type":"product","link":"https:\/\/www.sellersunionagent.com\/pl\/large-oxford-cloth-dirty-clothes-hamper-with-handle\/","title":{"rendered":"Du\u017cy kosz na brudne ubrania z tkaniny Oxford z uchwytem"},"content":{"rendered":"<h2>Du\u017cy kosz na brudne ubrania z tkaniny Oxford z uchwytem<\/h2>\n<p>Ex-large capacity: The collapsable hamper takes up little space while holding a lot. You can keep clothes and toys contained and off the floor easily.<\/p>\n<p>&nbsp;<\/p>\n<p>Minimalist Design: Perfect for bedrooms, closets, and living room use. This large hamper is finished with a clean, low-profile, minimalist aesthetic.<\/p>\n<p>&nbsp;<\/p>\n<p>Mi\u0119kki uchwyt: Mi\u0119kkie uchwyty tworz\u0105 przyjemny dotyk wyrafinowania, gdy s\u0105 chwytane i przenoszone. Mo\u017cna je \u0142atwo przenosi\u0107 w inne miejsca w domu.<\/p>\n<p><img fetchpriority=\"high\" decoding=\"async\" class=\"aligncenter wp-image-7790\" src=\"https:\/\/www.sellersunionagent.com\/wp-content\/uploads\/2022\/06\/large-oxford-cloth-dirty-clothes-hamper-with-handle-4.jpg\" alt=\"Kosz na brudne ubrania\" width=\"600\" height=\"600\" \/> \u00a0<img decoding=\"async\" class=\"aligncenter wp-image-7788\" src=\"https:\/\/www.sellersunionagent.com\/wp-content\/uploads\/2022\/06\/large-oxford-cloth-dirty-clothes-hamper-with-handle-6.jpg\" alt=\"\" width=\"600\" height=\"600\" \/><\/p>\n<p><img decoding=\"async\" class=\"aligncenter wp-image-7794\" src=\"https:\/\/www.sellersunionagent.com\/wp-content\/uploads\/2022\/06\/large-oxford-cloth-dirty-clothes-hamper-with-handle.jpg\" alt=\"Kosz na brudne ubrania\" width=\"600\" height=\"599\" \/><\/p>","protected":false},"excerpt":{"rendered":"<p><strong>Typ<\/strong>: Dirty Clothes Hamper<\/p>\n<p><strong>Numer pozycji:<\/strong> QYZYL06<\/p>\n<p><strong>Rozmiar elementu<\/strong>: 37.5x43cm<\/p>\n<p><strong>Kolory<\/strong>: Black\/ white\/ grey<\/p>\n<p><strong>Materia\u0142: <\/strong><a class=\"color_pc_blue_text\" data-keyword=\"oxford cloth\">tkanina oxford<\/a><\/p>\n<p>&nbsp;<\/p>\n<p>Hot selling dirty clothes hamper! Welcome to purchase. Reasons for choosing us:<br \/>\nProdukty certyfikowane przez profesjonalne instytucje, z wystarczaj\u0105c\u0105 i stabiln\u0105 poda\u017c\u0105<br \/>\nPonad dwadzie\u015bcia lat do\u015bwiadczenia, z technologi\u0105 i depozytami jako\u015bci.<br \/>\nMile widziana personalizacja spe\u0142niaj\u0105ca r\u00f3\u017cne potrzeby<br \/>\nProdukcja i wysy\u0142ka w najszybszym tempie<br \/>\nPrzemy\u015blana kompleksowa obs\u0142uga, w tym przedsprzeda\u017c, sprzeda\u017c i obs\u0142uga posprzeda\u017cna<\/p>\n<p>&nbsp;<\/p>","protected":false},"featured_media":7793,"comment_status":"open","ping_status":"closed","template":"","meta":{"_acf_changed":false},"product_brand":[],"product_cat":[31,186],"product_tag":[120,68],"class_list":{"0":"post-7787","1":"product","2":"type-product","3":"status-publish","4":"has-post-thumbnail","6":"product_cat-home-storage","7":"product_cat-living-room","8":"product_tag-dirty-clothes-hamper","9":"product_tag-large","11":"first","12":"instock","13":"shipping-taxable","14":"product-type-simple","15":"swiper-slide"},"acf":[],"_links":{"self":[{"href":"https:\/\/www.sellersunionagent.com\/pl\/wp-json\/wp\/v2\/product\/7787","targetHints":{"allow":["GET"]}}],"collection":[{"href":"https:\/\/www.sellersunionagent.com\/pl\/wp-json\/wp\/v2\/product"}],"about":[{"href":"https:\/\/www.sellersunionagent.com\/pl\/wp-json\/wp\/v2\/types\/product"}],"replies":[{"embeddable":true,"href":"https:\/\/www.sellersunionagent.com\/pl\/wp-json\/wp\/v2\/comments?post=7787"}],"wp:featuredmedia":[{"embeddable":true,"href":"https:\/\/www.sellersunionagent.com\/pl\/wp-json\/wp\/v2\/media\/7793"}],"wp:attachment":[{"href":"https:\/\/www.sellersunionagent.com\/pl\/wp-json\/wp\/v2\/media?parent=7787"}],"wp:term":[{"taxonomy":"product_brand","embeddable":true,"href":"https:\/\/www.sellersunionagent.com\/pl\/wp-json\/wp\/v2\/product_brand?post=7787"},{"taxonomy":"product_cat","embeddable":true,"href":"https:\/\/www.sellersunionagent.com\/pl\/wp-json\/wp\/v2\/product_cat?post=7787"},{"taxonomy":"product_tag","embeddable":true,"href":"https:\/\/www.sellersunionagent.com\/pl\/wp-json\/wp\/v2\/product_tag?post=7787"}],"curies":[{"name":"wp","href":"https:\/\/api.w.org\/{rel}","templated":true}]}}