{"id":7774,"date":"2022-06-27T18:11:12","date_gmt":"2022-06-27T10:11:12","guid":{"rendered":"https:\/\/sellersunionagent.com\/?post_type=product&#038;p=7774"},"modified":"2022-06-27T18:11:13","modified_gmt":"2022-06-27T10:11:13","slug":"goraco-sprzedajace-sie-torby-na-lunch-w-kwiaty-uzywane-na-pikniki-do-pracy-itp","status":"publish","type":"product","link":"https:\/\/www.sellersunionagent.com\/pl\/hot-selling-flower-lunch-bags-used-for-picnics-work-etc\/","title":{"rendered":"Gor\u0105co sprzedaj\u0105ce si\u0119 torby na lunch w kwiaty u\u017cywane na pikniki, do pracy itp."},"content":{"rendered":"<h2>Gor\u0105co sprzedaj\u0105ce si\u0119 torby na lunch w kwiaty u\u017cywane na pikniki, do pracy itp.<\/h2>\n<p>Dobra jako\u015b\u0107: Gruby materia\u0142 Oxford, zachowanie ciep\u0142a i \u015bwie\u017co\u015bci, wodoodporny i olejoodporny, \u0142atwy do przenoszenia. Wewn\u0105trz znajduje si\u0119 wysokiej jako\u015bci folia aluminiowa, kt\u00f3ra bardzo dobrze utrzymuje temperatur\u0119 \u017cywno\u015bci, dzi\u0119ki czemu mo\u017cna cieszy\u0107 si\u0119 jedzeniem w dowolnym momencie.<\/p>\n<p>&nbsp;<\/p>\n<p>Prosty design: Wygl\u0105d jest prosty i modny, a czysty kolor z uroczym wzorem czyni go bardziej atrakcyjnym.<\/p>\n<p>&nbsp;<\/p>\n<p>\u0141atwy do przenoszenia i dobra pojemno\u015b\u0107: Jest bardzo \u0142atwa do przenoszenia. Ta torba na lunch wygl\u0105da na ma\u0142\u0105, ale mo\u017ce z \u0142atwo\u015bci\u0105 przechowywa\u0107 \u017cywno\u015b\u0107 dla doros\u0142ych. Mo\u017cna w niej umie\u015bci\u0107 pude\u0142ko na lunch, owoce, warzywa, przek\u0105ski, mleko i inne drobne rzeczy, a\u017c do zape\u0142nienia.<\/p>\n<p data-wp-editing=\"1\"><img fetchpriority=\"high\" decoding=\"async\" class=\"aligncenter wp-image-7781\" src=\"https:\/\/www.sellersunionagent.com\/wp-content\/uploads\/2022\/06\/hot-selling-flower-lunch-bags-5.jpg\" alt=\"Gor\u0105ca sprzeda\u017c\" width=\"600\" height=\"600\" \/> <img decoding=\"async\" class=\"aligncenter wp-image-7780\" src=\"https:\/\/www.sellersunionagent.com\/wp-content\/uploads\/2022\/06\/hot-selling-flower-lunch-bags-6.jpg\" alt=\"Gor\u0105ca sprzeda\u017c\" width=\"600\" height=\"600\" \/> <img decoding=\"async\" class=\"aligncenter wp-image-7779\" src=\"https:\/\/www.sellersunionagent.com\/wp-content\/uploads\/2022\/06\/hot-selling-flower-lunch-bags-7.jpg\" alt=\"Gor\u0105ca sprzeda\u017c\" width=\"600\" height=\"600\" \/> <img loading=\"lazy\" decoding=\"async\" class=\"aligncenter wp-image-7778\" src=\"https:\/\/www.sellersunionagent.com\/wp-content\/uploads\/2022\/06\/hot-selling-flower-lunch-bags-8.jpg\" alt=\"Gor\u0105ca sprzeda\u017c\" width=\"600\" height=\"600\" \/> <img loading=\"lazy\" decoding=\"async\" class=\"aligncenter wp-image-7783\" src=\"https:\/\/www.sellersunionagent.com\/wp-content\/uploads\/2022\/06\/hot-selling-flower-lunch-bags-3.jpg\" alt=\"Gor\u0105ca sprzeda\u017c\" width=\"600\" height=\"600\" \/> \u00a0<img loading=\"lazy\" decoding=\"async\" class=\"aligncenter wp-image-7786\" src=\"https:\/\/www.sellersunionagent.com\/wp-content\/uploads\/2022\/06\/hot-selling-flower-lunch-bags.jpg\" alt=\"Gor\u0105ca sprzeda\u017c\" width=\"600\" height=\"600\" srcset=\"https:\/\/www.sellersunionagent.com\/wp-content\/uploads\/2022\/06\/hot-selling-flower-lunch-bags.jpg 800w, https:\/\/www.sellersunionagent.com\/wp-content\/uploads\/2022\/06\/hot-selling-flower-lunch-bags-100x100.jpg 100w\" sizes=\"(max-width: 600px) 100vw, 600px\" \/> <img loading=\"lazy\" decoding=\"async\" class=\"aligncenter wp-image-7785\" src=\"https:\/\/www.sellersunionagent.com\/wp-content\/uploads\/2022\/06\/hot-selling-flower-lunch-bags-1.jpg\" alt=\"Gor\u0105ca sprzeda\u017c\" width=\"600\" height=\"600\" \/> <img loading=\"lazy\" decoding=\"async\" class=\"aligncenter wp-image-7784\" src=\"https:\/\/www.sellersunionagent.com\/wp-content\/uploads\/2022\/06\/hot-selling-flower-lunch-bags-2.jpg\" alt=\"Gor\u0105ca sprzeda\u017c\" width=\"600\" height=\"600\" \/><\/p>","protected":false},"excerpt":{"rendered":"<p><strong>Typ<\/strong>: Kosmetyczka<\/p>\n<p><strong>Numer pozycji:<\/strong> QYBWB02<\/p>\n<p><strong>Rozmiar elementu<\/strong>25*16,5*21cm<\/p>\n<p><strong>Kolory<\/strong>: Czerwony\/czarny\/bia\u0142y<\/p>\n<p><strong>Materia\u0142:<\/strong><a class=\"color_pc_blue_text\" data-keyword=\"oxford cloth\">tkanina oxford<\/a><\/p>\n<p>&nbsp;<\/p>\n<p>Gor\u0105co sprzedaj\u0105ce si\u0119 torby na lunch w kwiaty! Zapraszamy do zakupu. Powody, dla kt\u00f3rych warto nas wybra\u0107:<br \/>\nProdukty certyfikowane przez profesjonalne instytucje, z wystarczaj\u0105c\u0105 i stabiln\u0105 poda\u017c\u0105<br \/>\nPonad dwadzie\u015bcia lat do\u015bwiadczenia, z technologi\u0105 i depozytami jako\u015bci.<br \/>\nMile widziana personalizacja spe\u0142niaj\u0105ca r\u00f3\u017cne potrzeby<br \/>\nProdukcja i wysy\u0142ka w najszybszym tempie<br \/>\nPrzemy\u015blana kompleksowa obs\u0142uga, w tym przedsprzeda\u017c, sprzeda\u017c i obs\u0142uga posprzeda\u017cna<\/p>","protected":false},"featured_media":7780,"comment_status":"open","ping_status":"closed","template":"","meta":{"_acf_changed":false},"product_brand":[],"product_cat":[28],"product_tag":[44,85],"class_list":{"0":"post-7774","1":"product","2":"type-product","3":"status-publish","4":"has-post-thumbnail","6":"product_cat-lunch-bag","7":"product_tag-hot-selling","8":"product_tag-lunch-bags","10":"first","11":"instock","12":"shipping-taxable","13":"product-type-simple","14":"swiper-slide"},"acf":[],"_links":{"self":[{"href":"https:\/\/www.sellersunionagent.com\/pl\/wp-json\/wp\/v2\/product\/7774","targetHints":{"allow":["GET"]}}],"collection":[{"href":"https:\/\/www.sellersunionagent.com\/pl\/wp-json\/wp\/v2\/product"}],"about":[{"href":"https:\/\/www.sellersunionagent.com\/pl\/wp-json\/wp\/v2\/types\/product"}],"replies":[{"embeddable":true,"href":"https:\/\/www.sellersunionagent.com\/pl\/wp-json\/wp\/v2\/comments?post=7774"}],"wp:featuredmedia":[{"embeddable":true,"href":"https:\/\/www.sellersunionagent.com\/pl\/wp-json\/wp\/v2\/media\/7780"}],"wp:attachment":[{"href":"https:\/\/www.sellersunionagent.com\/pl\/wp-json\/wp\/v2\/media?parent=7774"}],"wp:term":[{"taxonomy":"product_brand","embeddable":true,"href":"https:\/\/www.sellersunionagent.com\/pl\/wp-json\/wp\/v2\/product_brand?post=7774"},{"taxonomy":"product_cat","embeddable":true,"href":"https:\/\/www.sellersunionagent.com\/pl\/wp-json\/wp\/v2\/product_cat?post=7774"},{"taxonomy":"product_tag","embeddable":true,"href":"https:\/\/www.sellersunionagent.com\/pl\/wp-json\/wp\/v2\/product_tag?post=7774"}],"curies":[{"name":"wp","href":"https:\/\/api.w.org\/{rel}","templated":true}]}}