{"id":7756,"date":"2022-06-27T17:08:40","date_gmt":"2022-06-27T09:08:40","guid":{"rendered":"https:\/\/sellersunionagent.com\/?post_type=product&#038;p=7756"},"modified":"2022-06-27T17:08:40","modified_gmt":"2022-06-27T09:08:40","slug":"portable-makeup-travel-bag-hanging-cosmetic-bag-maker","status":"publish","type":"product","link":"https:\/\/www.sellersunionagent.com\/pl\/portable-makeup-travel-bag-hanging-cosmetic-bag-maker\/","title":{"rendered":"Przeno\u015bna torba podr\u00f3\u017cna do makija\u017cu Wisz\u0105ca kosmetyczka Maker"},"content":{"rendered":"<h2>Portable Makeup Travel Bag Multifunctional Cosmetic Bag Maker<\/h2>\n<p>Strong capacity: This makeup bag have plenty of space to store your travel items. It can store the cosmetics, like lipstick, makeup brush, eye shadow,or daily necessities, like shower gel, toothpaste, keys, room cards, and chargers. In addition, the thickened top and bottom increase the load-bearing capacity of this fashionable cosmetic bag.<\/p>\n<p>&nbsp;<\/p>\n<p>Premium &amp; Practical Design: The appearance of this colorful makeup bag features high-quality polyester fiber, which not only protects your items from splashes and scratches, but is also easy to clean. And the large cosmetic bag is also equipped with a sturdy and completely scratch-free hand strap, which is convenient to carry. In addition, the top of the big cosmetic bag is designed with metal double zippers that open and close smoothly. This bag is also lightweight, can reduce the burden of luggage and make travel more relaxed &amp; enjoyable.<\/p>\n<p>&nbsp;<\/p>\n<p>Reusable Ideal Gift: There are 3 gorgeous colors for you to choose-purple, black, and dark blue. It has a shiny and stylish appearance, durable material, exquisite workmanship and practical design, so it is an ideal choice for birthday gifts, graduation gifts, Valentine&#8217;s Day gifts and various holiday gifts.<\/p>\n<p><img fetchpriority=\"high\" decoding=\"async\" class=\"aligncenter wp-image-7758\" src=\"https:\/\/www.sellersunionagent.com\/wp-content\/uploads\/2022\/06\/portable-makeup-travel-bag-hanging-6.jpg\" alt=\"Producent kosmetyczek\" width=\"600\" height=\"600\" \/><\/p>\n<p><img decoding=\"async\" class=\"aligncenter wp-image-7759\" src=\"https:\/\/www.sellersunionagent.com\/wp-content\/uploads\/2022\/06\/portable-makeup-travel-bag-hanging-5.jpg\" alt=\"Producent kosmetyczek\" width=\"600\" height=\"600\" \/> <img decoding=\"async\" class=\"aligncenter wp-image-7757\" src=\"https:\/\/www.sellersunionagent.com\/wp-content\/uploads\/2022\/06\/portable-makeup-travel-bag-hanging-7.jpg\" alt=\"Producent kosmetyczek\" width=\"600\" height=\"600\" \/><img loading=\"lazy\" decoding=\"async\" class=\"aligncenter wp-image-7761\" src=\"https:\/\/www.sellersunionagent.com\/wp-content\/uploads\/2022\/06\/portable-makeup-travel-bag-hanging-3.jpg\" alt=\"Producent kosmetyczek\" width=\"600\" height=\"600\" \/><img loading=\"lazy\" decoding=\"async\" class=\"aligncenter wp-image-7765 size-full\" src=\"https:\/\/www.sellersunionagent.com\/wp-content\/uploads\/2022\/06\/portable-makeup-travel-bag-hanging.jpg\" alt=\"Producent kosmetyczek\" width=\"599\" height=\"587\" \/><\/p>\n<p><img loading=\"lazy\" decoding=\"async\" class=\"aligncenter wp-image-7762\" src=\"https:\/\/www.sellersunionagent.com\/wp-content\/uploads\/2022\/06\/portable-makeup-travel-bag-hanging-2.jpg\" alt=\"Producent kosmetyczek\" width=\"600\" height=\"398\" \/> \u00a0<img loading=\"lazy\" decoding=\"async\" class=\"aligncenter wp-image-7764\" src=\"https:\/\/www.sellersunionagent.com\/wp-content\/uploads\/2022\/06\/portable-makeup-travel-bag-hanging-1.jpg\" alt=\"Producent kosmetyczek\" width=\"600\" height=\"404\" \/><\/p>","protected":false},"excerpt":{"rendered":"<p><strong>Typ<\/strong>: Kosmetyczka<\/p>\n<p><strong>Numer pozycji:<\/strong> MYXS-006<\/p>\n<p><strong>Rozmiar elementu<\/strong>: 24*17*13cm<\/p>\n<p><strong>Kolory<\/strong>: Purple\/ black\/ dark blue<\/p>\n<p><strong>Materia\u0142:\u00a0<\/strong>Poliester<\/p>\n<p>&nbsp;<\/p>\n<p>Reliable cosmetic bag maker! Reasons for choosing us:<br \/>\nProdukty certyfikowane przez profesjonalne instytucje, z wystarczaj\u0105c\u0105 i stabiln\u0105 poda\u017c\u0105<br \/>\nPonad dwadzie\u015bcia lat do\u015bwiadczenia, z technologi\u0105 i depozytami jako\u015bci.<br \/>\nMile widziana personalizacja spe\u0142niaj\u0105ca r\u00f3\u017cne potrzeby<br \/>\nProdukcja i wysy\u0142ka w najszybszym tempie<br \/>\nPrzemy\u015blana kompleksowa obs\u0142uga, w tym przedsprzeda\u017c, sprzeda\u017c i obs\u0142uga posprzeda\u017cna<\/p>","protected":false},"featured_media":7760,"comment_status":"open","ping_status":"closed","template":"","meta":{"_acf_changed":false},"product_brand":[],"product_cat":[30],"product_tag":[117,60,118],"class_list":{"0":"post-7756","1":"product","2":"type-product","3":"status-publish","4":"has-post-thumbnail","6":"product_cat-makeup-bag","7":"product_tag-cosmetic-bag","8":"product_tag-portable","9":"product_tag-practical-design","11":"first","12":"instock","13":"shipping-taxable","14":"product-type-simple","15":"swiper-slide"},"acf":[],"_links":{"self":[{"href":"https:\/\/www.sellersunionagent.com\/pl\/wp-json\/wp\/v2\/product\/7756","targetHints":{"allow":["GET"]}}],"collection":[{"href":"https:\/\/www.sellersunionagent.com\/pl\/wp-json\/wp\/v2\/product"}],"about":[{"href":"https:\/\/www.sellersunionagent.com\/pl\/wp-json\/wp\/v2\/types\/product"}],"replies":[{"embeddable":true,"href":"https:\/\/www.sellersunionagent.com\/pl\/wp-json\/wp\/v2\/comments?post=7756"}],"wp:featuredmedia":[{"embeddable":true,"href":"https:\/\/www.sellersunionagent.com\/pl\/wp-json\/wp\/v2\/media\/7760"}],"wp:attachment":[{"href":"https:\/\/www.sellersunionagent.com\/pl\/wp-json\/wp\/v2\/media?parent=7756"}],"wp:term":[{"taxonomy":"product_brand","embeddable":true,"href":"https:\/\/www.sellersunionagent.com\/pl\/wp-json\/wp\/v2\/product_brand?post=7756"},{"taxonomy":"product_cat","embeddable":true,"href":"https:\/\/www.sellersunionagent.com\/pl\/wp-json\/wp\/v2\/product_cat?post=7756"},{"taxonomy":"product_tag","embeddable":true,"href":"https:\/\/www.sellersunionagent.com\/pl\/wp-json\/wp\/v2\/product_tag?post=7756"}],"curies":[{"name":"wp","href":"https:\/\/api.w.org\/{rel}","templated":true}]}}