{"id":7736,"date":"2022-06-27T10:55:22","date_gmt":"2022-06-27T02:55:22","guid":{"rendered":"https:\/\/sellersunionagent.com\/?post_type=product&#038;p=7736"},"modified":"2022-07-09T15:07:11","modified_gmt":"2022-07-09T07:07:11","slug":"chinska-fabryka-dostawca-modna-torba-na-lunch-z-chinskiego-lancucha-dostaw","status":"publish","type":"product","link":"https:\/\/www.sellersunionagent.com\/pl\/chinese-factory-supplier-fashion-lunch-bag-from-china-supply-chain\/","title":{"rendered":"Chi\u0144ski dostawca fabryczny Modna torba na lunch z chi\u0144skiego \u0142a\u0144cucha dostaw"},"content":{"rendered":"<h2>Chi\u0144ski dostawca fabryczny Modna torba na lunch z chi\u0144skiego \u0142a\u0144cucha dostaw<\/h2>\n<p>&nbsp;<\/p>\n<p>Ta kosmetyczka jest wykonana z wysokiej jako\u015bci poliestru i jest wodoodporna. Posiada \u0142atwy w obs\u0142udze zamek b\u0142yskawiczny. Solidny uchwyt sprawia, \u017ce torba nadaje si\u0119 zar\u00f3wno do podr\u00f3\u017cy, jak i do przechowywania w domu. Rozmiar tej torby wynosi 24 * 10 * 20 cm.<\/p>\n<p>&nbsp;<\/p>\n<p>&nbsp;<\/p>\n<p>To idealny prezent dla kobiet i dziewcz\u0105t lub dla siebie. Wygl\u0105da szykownie i mo\u017cna go r\u00f3wnie\u017c u\u017cywa\u0107 jako torby na produkty cyfrowe. Jest to torba wielofunkcyjna.<\/p>\n<p>&nbsp;<\/p>\n<p>&nbsp;<\/p>\n<p>Ta torba jest dost\u0119pna w czterech kolorach: czerwonym, pomara\u0144czowym, szarym i niebieskim. Dzi\u0119ki du\u017cej pojemno\u015bci mo\u017cna w niej dobrze zapakowa\u0107 wszystkie produkty do makija\u017cu.<\/p>\n<p>&nbsp;<\/p>\n<p>&nbsp;<\/p>\n<p><img fetchpriority=\"high\" decoding=\"async\" class=\"aligncenter wp-image-7738\" src=\"https:\/\/www.sellersunionagent.com\/wp-content\/uploads\/2022\/06\/fashion-lunch-bag-3.jpg\" alt=\"\" width=\"600\" height=\"600\" \/><\/p>\n<p><img decoding=\"async\" class=\"aligncenter wp-image-7741\" src=\"https:\/\/www.sellersunionagent.com\/wp-content\/uploads\/2022\/06\/fashion-lunch-bag.jpg\" alt=\"\" width=\"600\" height=\"600\" \/><img decoding=\"async\" class=\"aligncenter wp-image-9108\" src=\"https:\/\/www.sellersunionagent.com\/wp-content\/uploads\/2022\/06\/2-6.png\" alt=\"Produkcja w Chinach\" width=\"600\" height=\"550\" \/><br \/>\n<img loading=\"lazy\" decoding=\"async\" class=\"aligncenter wp-image-9106\" src=\"https:\/\/www.sellersunionagent.com\/wp-content\/uploads\/2022\/06\/4-5.png\" alt=\"Produkcja w Chinach\" width=\"600\" height=\"555\" \/><\/p>","protected":false},"excerpt":{"rendered":"<p>Typ: Torba na lunch<\/p>\n<p>Rozmiar: 20*12*6CM<\/p>\n<p>Kolor: jak na zdj\u0119ciu<\/p>\n<p>OEM\/ODM: zaakceptowane<\/p>","protected":false},"featured_media":7739,"comment_status":"open","ping_status":"closed","template":"","meta":{"_acf_changed":false},"product_brand":[],"product_cat":[28],"product_tag":[41,94,90],"class_list":{"0":"post-7736","1":"product","2":"type-product","3":"status-publish","4":"has-post-thumbnail","6":"product_cat-lunch-bag","7":"product_tag-lunch-bag","8":"product_tag-organizer","9":"product_tag-storage-bag","11":"first","12":"instock","13":"shipping-taxable","14":"product-type-simple","15":"swiper-slide"},"acf":[],"_links":{"self":[{"href":"https:\/\/www.sellersunionagent.com\/pl\/wp-json\/wp\/v2\/product\/7736","targetHints":{"allow":["GET"]}}],"collection":[{"href":"https:\/\/www.sellersunionagent.com\/pl\/wp-json\/wp\/v2\/product"}],"about":[{"href":"https:\/\/www.sellersunionagent.com\/pl\/wp-json\/wp\/v2\/types\/product"}],"replies":[{"embeddable":true,"href":"https:\/\/www.sellersunionagent.com\/pl\/wp-json\/wp\/v2\/comments?post=7736"}],"wp:featuredmedia":[{"embeddable":true,"href":"https:\/\/www.sellersunionagent.com\/pl\/wp-json\/wp\/v2\/media\/7739"}],"wp:attachment":[{"href":"https:\/\/www.sellersunionagent.com\/pl\/wp-json\/wp\/v2\/media?parent=7736"}],"wp:term":[{"taxonomy":"product_brand","embeddable":true,"href":"https:\/\/www.sellersunionagent.com\/pl\/wp-json\/wp\/v2\/product_brand?post=7736"},{"taxonomy":"product_cat","embeddable":true,"href":"https:\/\/www.sellersunionagent.com\/pl\/wp-json\/wp\/v2\/product_cat?post=7736"},{"taxonomy":"product_tag","embeddable":true,"href":"https:\/\/www.sellersunionagent.com\/pl\/wp-json\/wp\/v2\/product_tag?post=7736"}],"curies":[{"name":"wp","href":"https:\/\/api.w.org\/{rel}","templated":true}]}}