{"id":7735,"date":"2022-06-27T11:09:27","date_gmt":"2022-06-27T03:09:27","guid":{"rendered":"https:\/\/sellersunionagent.com\/?post_type=product&#038;p=7735"},"modified":"2022-08-31T14:19:10","modified_gmt":"2022-08-31T06:19:10","slug":"wiszacy-kosz-na-pranie-z-uchwytem-do-przenoszenia-drzwi-siatka-do-przechowywania-tkanin-zabawka-kemping-hotel-uzytkowanie","status":"publish","type":"product","link":"https:\/\/www.sellersunionagent.com\/pl\/hanging-laundry-hamper-with-carry-handle-door-net-hampers-for-store-cloth-toy-camping-hotel-use\/","title":{"rendered":"Wisz\u0105cy kosz na pranie z uchwytem do przenoszenia i siatk\u0105 do przechowywania ubra\u0144, zabawek, na kempingu i w hotelu"},"content":{"rendered":"<h2>Wisz\u0105cy kosz na pranie z uchwytem do przenoszenia i siatk\u0105 do przechowywania ubra\u0144, zabawek, na kempingu i w hotelu<\/h2>\n<ul class=\"a-unordered-list a-vertical a-spacing-mini\">\n<li><span class=\"a-list-item\">Wystarczaj\u0105ca ilo\u015b\u0107: otrzymasz 3 sztuki wisz\u0105cego kosza na pranie, wystarczaj\u0105ca ilo\u015b\u0107 mo\u017ce sprosta\u0107 codziennej zmianie ubra\u0144 przez rodzin\u0119, pojedynczy wisz\u0105cy kosz na pranie ma rozmiar 11,8 x 15,74 x 7 cali \/ 30 x 40x18 cm, je\u015bli go nie potrzebujesz, mo\u017cesz go z\u0142o\u017cy\u0107. Rozmiar po z\u0142o\u017ceniu to tylko 7,87 \u00d7 7,87 cala \/ 20x20 cm, mo\u017cna go umie\u015bci\u0107 w dowolnej szufladzie, jest bardzo \u0142atwy do przechowywania.<\/span><\/li>\n<li><span class=\"a-list-item\">Konstrukcja: Konstrukcja wisz\u0105ca. Kiedy potrzebujesz go u\u017cy\u0107, rozwi\u0144 nasz wisz\u0105cy kosz na pranie i mo\u017cesz powiesi\u0107 go na \u015bcianie lub za drzwiami i umie\u015bci\u0107 w nim brudne ubrania lub ubrania, kt\u00f3re wymagaj\u0105 zmiany. Jest bardzo du\u017cy i mo\u017ce pomie\u015bci\u0107 8-10 koszulek, mo\u017cna go \u0142atwo zebra\u0107 po u\u017cyciu, co pozwala zaoszcz\u0119dzi\u0107 miejsce.<\/span><\/li>\n<li><span class=\"a-list-item\">czysty: Ten wisz\u0105cy kosz na pranie przyjmuje konstrukcj\u0119 z siatki. Prz\u00f3d produktu ma wydr\u0105\u017con\u0105 konstrukcj\u0119 zapewniaj\u0105c\u0105 cyrkulacj\u0119 powietrza. Je\u015bli ubrania musz\u0105 zosta\u0107 powieszone na noc przed praniem, nie martw si\u0119, wydr\u0105\u017cona konstrukcja mo\u017ce pom\u00f3c zmniejszy\u0107 zapach, ten produkt mo\u017ce sprawi\u0107, \u017ce Tw\u00f3j dom b\u0119dzie czystszy<\/span><\/li>\n<li><span class=\"a-list-item\">Wysokiej jako\u015bci materia\u0142y: Szkielet wisz\u0105cego kosza na pranie ma pier\u015bcienie, a warstwa zewn\u0119trzna jest owini\u0119ta tkanin\u0105. Konstrukcja wisz\u0105cego kosza na pranie mo\u017ce wytrzyma\u0107 wi\u0119kszy ci\u0119\u017car i przed\u0142u\u017cy\u0107 \u017cywotno\u015b\u0107 naszych produkt\u00f3w. Konstrukcja tkaniny mo\u017ce zapewni\u0107, \u017ce nasze pier\u015bcienie nie b\u0119d\u0105 wystawa\u0107 podczas u\u017cytkowania. Bardziej bezpieczne w u\u017cyciu<\/span><\/li>\n<li><span class=\"a-list-item\">Idealny wyb\u00f3r na prezent: Wisz\u0105cy kosz na pranie jest odpowiedni dla ka\u017cdego, zar\u00f3wno rodzic\u00f3w, jak i przyjaci\u00f3\u0142, kt\u00f3rzy zawsze maj\u0105 trudno\u015bci z przechowywaniem ubra\u0144. Je\u015bli dasz im go w prezencie, b\u0119d\u0105 poruszeni. Co wi\u0119cej, ten prezent jest r\u00f3wnie\u017c bardzo odpowiedni dla przyjaci\u00f3\u0142, kt\u00f3rzy maj\u0105 dzieci w domu, poniewa\u017c jest \u0142atwy do przechowywania i mo\u017ce pomie\u015bci\u0107 wiele rzeczy<\/span><\/li>\n<li><img fetchpriority=\"high\" decoding=\"async\" class=\"aligncenter wp-image-7743\" src=\"https:\/\/www.sellersunionagent.com\/wp-content\/uploads\/2022\/06\/hanging-laundry-hamper-3.jpg\" alt=\"Wisz\u0105cy kosz na pranie \" width=\"600\" height=\"600\" \/> <img decoding=\"async\" class=\"aligncenter wp-image-7744\" src=\"https:\/\/www.sellersunionagent.com\/wp-content\/uploads\/2022\/06\/hanging-laundry-hamper-2.jpg\" alt=\"Wisz\u0105cy kosz na pranie \" width=\"600\" height=\"600\" \/> <img decoding=\"async\" class=\"aligncenter wp-image-7745\" src=\"https:\/\/www.sellersunionagent.com\/wp-content\/uploads\/2022\/06\/hanging-laundry-hamper-1.jpg\" alt=\"Wisz\u0105cy kosz na pranie \" width=\"600\" height=\"600\" \/> <img loading=\"lazy\" decoding=\"async\" class=\"aligncenter wp-image-7746\" src=\"https:\/\/www.sellersunionagent.com\/wp-content\/uploads\/2022\/06\/hanging-laundry-hamper.jpg\" alt=\"Wisz\u0105cy kosz na pranie \" width=\"600\" height=\"600\" srcset=\"https:\/\/www.sellersunionagent.com\/wp-content\/uploads\/2022\/06\/hanging-laundry-hamper.jpg 800w, https:\/\/www.sellersunionagent.com\/wp-content\/uploads\/2022\/06\/hanging-laundry-hamper-100x100.jpg 100w\" sizes=\"(max-width: 600px) 100vw, 600px\" \/><\/li>\n<\/ul>","protected":false},"excerpt":{"rendered":"<p><strong>Typ<\/strong>: Wisz\u0105cy kosz na pranie<\/p>\n<p><strong>Rozmiar elementu<\/strong>: 30*18*40cm<\/p>\n<p><strong>Kolory<\/strong>: Szary\/bia\u0142y<\/p>\n<p><strong>Materia\u0142: <\/strong>Poliester<\/p>","protected":false},"featured_media":7745,"comment_status":"open","ping_status":"closed","template":"","meta":{"_acf_changed":false},"product_brand":[],"product_cat":[31,189],"product_tag":[116],"class_list":{"0":"post-7735","1":"product","2":"type-product","3":"status-publish","4":"has-post-thumbnail","6":"product_cat-home-storage","7":"product_cat-bathroom","8":"product_tag-hanging-laundry-hamper","10":"first","11":"instock","12":"shipping-taxable","13":"product-type-simple","14":"swiper-slide"},"acf":[],"_links":{"self":[{"href":"https:\/\/www.sellersunionagent.com\/pl\/wp-json\/wp\/v2\/product\/7735","targetHints":{"allow":["GET"]}}],"collection":[{"href":"https:\/\/www.sellersunionagent.com\/pl\/wp-json\/wp\/v2\/product"}],"about":[{"href":"https:\/\/www.sellersunionagent.com\/pl\/wp-json\/wp\/v2\/types\/product"}],"replies":[{"embeddable":true,"href":"https:\/\/www.sellersunionagent.com\/pl\/wp-json\/wp\/v2\/comments?post=7735"}],"wp:featuredmedia":[{"embeddable":true,"href":"https:\/\/www.sellersunionagent.com\/pl\/wp-json\/wp\/v2\/media\/7745"}],"wp:attachment":[{"href":"https:\/\/www.sellersunionagent.com\/pl\/wp-json\/wp\/v2\/media?parent=7735"}],"wp:term":[{"taxonomy":"product_brand","embeddable":true,"href":"https:\/\/www.sellersunionagent.com\/pl\/wp-json\/wp\/v2\/product_brand?post=7735"},{"taxonomy":"product_cat","embeddable":true,"href":"https:\/\/www.sellersunionagent.com\/pl\/wp-json\/wp\/v2\/product_cat?post=7735"},{"taxonomy":"product_tag","embeddable":true,"href":"https:\/\/www.sellersunionagent.com\/pl\/wp-json\/wp\/v2\/product_tag?post=7735"}],"curies":[{"name":"wp","href":"https:\/\/api.w.org\/{rel}","templated":true}]}}