{"id":7724,"date":"2022-06-27T10:42:09","date_gmt":"2022-06-27T02:42:09","guid":{"rendered":"https:\/\/sellersunionagent.com\/?post_type=product&#038;p=7724"},"modified":"2022-08-31T14:19:19","modified_gmt":"2022-08-31T06:19:19","slug":"large-capacity-lightweight-travel-luggage-packing-organizers","status":"publish","type":"product","link":"https:\/\/www.sellersunionagent.com\/pl\/large-capacity-lightweight-travel-luggage-packing-organizers\/","title":{"rendered":"Lekkie organizery baga\u017cu podr\u00f3\u017cnego o du\u017cej pojemno\u015bci"},"content":{"rendered":"<h2>Lightweight Travel Luggage Packing Organizers<\/h2>\n<p>\u3010Valued &amp;Convenient\u3011 &#8211; Mesh top panel for easy identification of contents, and ventilationThese cubes will go the distance. No broken zippers, no weak stitching.<br \/>\n\u3010High Quality\u3011 &#8211; RipStop water repellent fabric that resists wear and tear, high quality zippers will not break on you. Super lightweight and durable.<br \/>\n\u3010Easy To Store and Organize\u3011 &#8211; It allows you to easily store and organize your clothing that makes it easy to pack and even easier to unpack. Your clothes will stay more wrinkled free and not get crushed during your travels.<br \/>\n\u3010Saving Space\u3011 &#8211; Our packing cube system fixes that issue by neatly packing all your clothes tightly into our space saving bags. Pack more clothes in a small space for your next trip.<br \/>\n\u3010Suitable For Every Occasion\u3011 Ideal for family vacations, business trips, outdoor camping, and daily storage.<\/p>\n<p><img fetchpriority=\"high\" decoding=\"async\" class=\"aligncenter wp-image-7730\" src=\"https:\/\/www.sellersunionagent.com\/wp-content\/uploads\/2022\/06\/large-capacity-lightweight-travel-luggage-packing-organizers-1.jpg\" alt=\"du\u017ca pojemno\u015b\u0107\" width=\"600\" height=\"600\" \/><img decoding=\"async\" class=\"aligncenter wp-image-7725\" src=\"https:\/\/www.sellersunionagent.com\/wp-content\/uploads\/2022\/06\/large-capacity-lightweight-travel-luggage-packing-organizers-6.jpg\" alt=\"du\u017ca pojemno\u015b\u0107\" width=\"600\" height=\"600\" \/> <img decoding=\"async\" class=\"aligncenter wp-image-7726\" src=\"https:\/\/www.sellersunionagent.com\/wp-content\/uploads\/2022\/06\/large-capacity-lightweight-travel-luggage-packing-organizers-5.jpg\" alt=\"du\u017ca pojemno\u015b\u0107\" width=\"600\" height=\"600\" \/> <img loading=\"lazy\" decoding=\"async\" class=\"aligncenter wp-image-7727\" src=\"https:\/\/www.sellersunionagent.com\/wp-content\/uploads\/2022\/06\/large-capacity-lightweight-travel-luggage-packing-organizers-4.jpg\" alt=\"lightweight\" width=\"600\" height=\"600\" \/> <img loading=\"lazy\" decoding=\"async\" class=\"aligncenter wp-image-7729\" src=\"https:\/\/www.sellersunionagent.com\/wp-content\/uploads\/2022\/06\/large-capacity-lightweight-travel-luggage-packing-organizers-2.jpg\" alt=\"du\u017ca pojemno\u015b\u0107\" width=\"600\" height=\"600\" \/><\/p>","protected":false},"excerpt":{"rendered":"<p><strong>Typ<\/strong>: Organizacja domu<\/p>\n<p><strong>Rozmiar elementu<\/strong>: 40cm *\u00a035cm *\u00a02cm<\/p>\n<p><strong>Kolory<\/strong>: customized<\/p>\n<p><strong>Materia\u0142: <\/strong>Non-woven fabric<\/p>","protected":false},"featured_media":7730,"comment_status":"open","ping_status":"closed","template":"","meta":{"_acf_changed":false},"product_brand":[],"product_cat":[31,186],"product_tag":[48,54],"class_list":{"0":"post-7724","1":"product","2":"type-product","3":"status-publish","4":"has-post-thumbnail","6":"product_cat-home-storage","7":"product_cat-living-room","8":"product_tag-large-capacity","9":"product_tag-lightweight","11":"first","12":"instock","13":"shipping-taxable","14":"product-type-simple","15":"swiper-slide"},"acf":[],"_links":{"self":[{"href":"https:\/\/www.sellersunionagent.com\/pl\/wp-json\/wp\/v2\/product\/7724","targetHints":{"allow":["GET"]}}],"collection":[{"href":"https:\/\/www.sellersunionagent.com\/pl\/wp-json\/wp\/v2\/product"}],"about":[{"href":"https:\/\/www.sellersunionagent.com\/pl\/wp-json\/wp\/v2\/types\/product"}],"replies":[{"embeddable":true,"href":"https:\/\/www.sellersunionagent.com\/pl\/wp-json\/wp\/v2\/comments?post=7724"}],"wp:featuredmedia":[{"embeddable":true,"href":"https:\/\/www.sellersunionagent.com\/pl\/wp-json\/wp\/v2\/media\/7730"}],"wp:attachment":[{"href":"https:\/\/www.sellersunionagent.com\/pl\/wp-json\/wp\/v2\/media?parent=7724"}],"wp:term":[{"taxonomy":"product_brand","embeddable":true,"href":"https:\/\/www.sellersunionagent.com\/pl\/wp-json\/wp\/v2\/product_brand?post=7724"},{"taxonomy":"product_cat","embeddable":true,"href":"https:\/\/www.sellersunionagent.com\/pl\/wp-json\/wp\/v2\/product_cat?post=7724"},{"taxonomy":"product_tag","embeddable":true,"href":"https:\/\/www.sellersunionagent.com\/pl\/wp-json\/wp\/v2\/product_tag?post=7724"}],"curies":[{"name":"wp","href":"https:\/\/api.w.org\/{rel}","templated":true}]}}