{"id":7714,"date":"2022-06-27T10:08:32","date_gmt":"2022-06-27T02:08:32","guid":{"rendered":"https:\/\/sellersunionagent.com\/?post_type=product&#038;p=7714"},"modified":"2026-01-06T14:29:39","modified_gmt":"2026-01-06T06:29:39","slug":"torba-do-przechowywania-akcesoriow-cyfrowych-z-chinskich-scisle-wyselekcjonowanych-fabryk-wspolpracujacych","status":"publish","type":"product","link":"https:\/\/www.sellersunionagent.com\/pl\/digital-accessories-storage-bag-from-china-strictly-selected-cooperative-factories\/","title":{"rendered":"Torba do przechowywania akcesori\u00f3w cyfrowych z wybranych fabryk sp\u00f3\u0142dzielczych w Chinach"},"content":{"rendered":"<h2>Torba do przechowywania akcesori\u00f3w cyfrowych z wybranych fabryk sp\u00f3\u0142dzielczych w Chinach<\/h2>\n<p><strong>Typ<\/strong>: Torba do przechowywania akcesori\u00f3w cyfrowych<\/p>\n<p><strong>Pozycja nr:<\/strong> RH532<\/p>\n<p><strong>Rozmiar elementu<\/strong>25 cm * 20 cm * 3 cm<\/p>\n<p><strong>Waga przedmiotu<\/strong>: 100g<\/p>\n<p>&nbsp;<\/p>\n<p>&nbsp;<\/p>\n<p><b>WYSOKIEJ JAKO\u015aCI MATERIA\u0141<\/b>: Organizer na elektronik\u0119 FINPAC, wykonany z wytrzyma\u0142ej, trwa\u0142ej i wodoodpornej tkaniny nylonowej 600D, wbudowane doskona\u0142e elastyczne p\u0119tle z antypo\u015blizgowym uchwytem, aby zapewni\u0107, \u017ce przewody pozostan\u0105 na swoim miejscu. Torba podr\u00f3\u017cna z wysokiej jako\u015bci podw\u00f3jnym zamkiem b\u0142yskawicznym zapewnia szybki dost\u0119p i zarz\u0105dzanie.<\/p>\n<p>&nbsp;<\/p>\n<p><b>BEZPIECZNE PRZECHOWYWANIE<\/b>: Ta torba organizacyjna ma etui do przechowywania tabletu iPad 9,7\", 11\", kindle lub pocketbook (do 11 cali). Wewn\u0119trzna kiesze\u0144 z siatki chroni telefon kom\u00f3rkowy lub inne ma\u0142e przedmioty przed zgubieniem. Elastyczne p\u0119tle sprawiaj\u0105, \u017ce jest to doskona\u0142y organizer na przewody podr\u00f3\u017cne. 5 x Elastyczne kieszenie na karty SD zapobiegaj\u0105 zgubieniu kart SD. Dwuwarstwowa torba podr\u00f3\u017cna na sprz\u0119t elektroniczny pozwala uporz\u0105dkowa\u0107 wszystkie kable, \u0142adowarki do laptop\u00f3w, dyski twarde, tablety i inne akcesoria.<\/p>\n<p>&nbsp;<\/p>\n<p><b>KOMPAKTOWO\u015a\u0106 I PRZENO\u015aNO\u015a\u0106<\/b>: Lekki przeno\u015bny organizer na przewody, \u0142atwy do przenoszenia i mieszcz\u0105cy si\u0119 w plecaku lub torebce bez zajmowania du\u017co miejsca. \u015awietny towarzysz jako organizer elektroniki podr\u00f3\u017cnej i organizer przewod\u00f3w podr\u00f3\u017cnych.<\/p>\n<p>&nbsp;<\/p>\n<p><b>WIELOZADANIOWO\u015a\u0106<\/b>: Wszechstronna torba podr\u00f3\u017cna zaprojektowana specjalnie dla os\u00f3b dobrze zorganizowanych w podr\u00f3\u017cy; Wiele kieszeni o r\u00f3\u017cnych rozmiarach zapewnia du\u017c\u0105 elastyczno\u015b\u0107 organizera elektronicznego. Przednia zewn\u0119trzna kiesze\u0144 na suwak dla \u0142atwego dost\u0119pu.<\/p>\n<p>&nbsp;<\/p>\n<p><b>PODR\u00d3\u017b S\u0141U\u017bBOWA I CODZIENNE U\u017bYTKOWANIE<\/b>: Wszechstronny organizer na akcesoria elektroniczne do u\u017cytku biurowego i w podr\u00f3\u017cy. Pozwala utrzyma\u0107 porz\u0105dek bez ba\u0142aganu. \u015awietna torba podr\u00f3\u017cna do podr\u00f3\u017cy s\u0142u\u017cbowych i codziennego u\u017cytku (TYLKO torba! Nie zawiera kabli, akcesori\u00f3w elektronicznych)<\/p>\n<p><img fetchpriority=\"high\" decoding=\"async\" class=\"aligncenter wp-image-7719\" src=\"https:\/\/www.sellersunionagent.com\/wp-content\/uploads\/2022\/06\/digital-accessories-storage-bag.jpg\" alt=\"\u015aci\u015ble wybrane chi\u0144skie fabryki sp\u00f3\u0142dzielcze\" width=\"600\" height=\"600\" \/><\/p>\n<p><img decoding=\"async\" class=\"aligncenter wp-image-7715\" src=\"https:\/\/www.sellersunionagent.com\/wp-content\/uploads\/2022\/06\/digital-accessories-storage-bag-4.jpg\" alt=\"\u015aci\u015ble wybrane chi\u0144skie fabryki sp\u00f3\u0142dzielcze\" width=\"600\" height=\"600\" \/> <img decoding=\"async\" class=\"aligncenter wp-image-7716\" src=\"https:\/\/www.sellersunionagent.com\/wp-content\/uploads\/2022\/06\/digital-accessories-storage-bag-3.jpg\" alt=\"\u015aci\u015ble wybrane chi\u0144skie fabryki sp\u00f3\u0142dzielcze\" width=\"600\" height=\"600\" \/> <img loading=\"lazy\" decoding=\"async\" class=\"aligncenter wp-image-7718\" src=\"https:\/\/www.sellersunionagent.com\/wp-content\/uploads\/2022\/06\/digital-accessories-storage-bag-1.jpg\" alt=\"\u015aci\u015ble wybrane chi\u0144skie fabryki sp\u00f3\u0142dzielcze\" width=\"600\" height=\"600\" \/><\/p>","protected":false},"excerpt":{"rendered":"<p><strong>MOQ<\/strong>:  100 szt.<br \/>\n<strong>Bezp\u0142atna pr\u00f3bka<\/strong>:  Obs\u0142ugiwane<br \/>\n<strong>Personalizacja<\/strong>logo \/ kolor \/ materia\u0142y \/ opakowanie itp.<br \/>\n<strong>Zni\u017cka<\/strong>:  Pierwsze zam\u00f3wienia ju\u017c od 10% taniej.<br \/>\n<strong>Wska\u017anik terminowo\u015bci dostaw<\/strong>:\u00a0 100%<br \/>\n<strong>Przesy\u0142ki og\u00f3\u0142em<\/strong>:  10000 szt.<br \/>\n<strong>Wysy\u0142ka<\/strong>: Fracht morski Fracht l\u0105dowy<\/p>\n<p>&nbsp;<\/p>\n<p>&nbsp;<\/p>\n<p>Zawsze utrzymujemy \u015bci\u015ble wyselekcjonowane wsp\u00f3\u0142pracuj\u0105ce fabryki do wytwarzania produkt\u00f3w, a dobra reputacja decyduje o wysokiej jako\u015bci i wysokich standardach naszych towar\u00f3w.<\/p>","protected":false},"featured_media":7719,"comment_status":"open","ping_status":"closed","template":"","meta":{"_acf_changed":false},"product_brand":[],"product_cat":[32],"product_tag":[88,89],"class_list":{"0":"post-7714","1":"product","2":"type-product","3":"status-publish","4":"has-post-thumbnail","6":"product_cat-digital-bag","7":"product_tag-digital-accessories-storage-bag","8":"product_tag-multi-function","10":"first","11":"instock","12":"shipping-taxable","13":"purchasable","14":"product-type-simple","15":"swiper-slide"},"acf":[],"_links":{"self":[{"href":"https:\/\/www.sellersunionagent.com\/pl\/wp-json\/wp\/v2\/product\/7714","targetHints":{"allow":["GET"]}}],"collection":[{"href":"https:\/\/www.sellersunionagent.com\/pl\/wp-json\/wp\/v2\/product"}],"about":[{"href":"https:\/\/www.sellersunionagent.com\/pl\/wp-json\/wp\/v2\/types\/product"}],"replies":[{"embeddable":true,"href":"https:\/\/www.sellersunionagent.com\/pl\/wp-json\/wp\/v2\/comments?post=7714"}],"wp:featuredmedia":[{"embeddable":true,"href":"https:\/\/www.sellersunionagent.com\/pl\/wp-json\/wp\/v2\/media\/7719"}],"wp:attachment":[{"href":"https:\/\/www.sellersunionagent.com\/pl\/wp-json\/wp\/v2\/media?parent=7714"}],"wp:term":[{"taxonomy":"product_brand","embeddable":true,"href":"https:\/\/www.sellersunionagent.com\/pl\/wp-json\/wp\/v2\/product_brand?post=7714"},{"taxonomy":"product_cat","embeddable":true,"href":"https:\/\/www.sellersunionagent.com\/pl\/wp-json\/wp\/v2\/product_cat?post=7714"},{"taxonomy":"product_tag","embeddable":true,"href":"https:\/\/www.sellersunionagent.com\/pl\/wp-json\/wp\/v2\/product_tag?post=7714"}],"curies":[{"name":"wp","href":"https:\/\/api.w.org\/{rel}","templated":true}]}}