{"id":7713,"date":"2022-06-27T10:34:25","date_gmt":"2022-06-27T02:34:25","guid":{"rendered":"https:\/\/sellersunionagent.com\/?post_type=product&#038;p=7713"},"modified":"2022-07-11T09:57:35","modified_gmt":"2022-07-11T01:57:35","slug":"2022-nowy-produkt-torby-na-lunch-z-chinskiej-fabryki","status":"publish","type":"product","link":"https:\/\/www.sellersunionagent.com\/pl\/2022-new-product-of-lunch-bag-from-chinese-factory\/","title":{"rendered":"2022 Nowy produkt torby na lunch z chi\u0144skiej fabryki"},"content":{"rendered":"<h2>2022 Nowy produkt torby na lunch z chi\u0144skiej fabryki<\/h2>\n<p>&nbsp;<\/p>\n<p>&nbsp;<\/p>\n<p>Ta kosmetyczka jest wykonana z wysokiej jako\u015bci poliestru i jest wodoodporna. Posiada \u0142atwy w obs\u0142udze zamek b\u0142yskawiczny. Solidny uchwyt sprawia, \u017ce torba nadaje si\u0119 zar\u00f3wno do podr\u00f3\u017cy, jak i do przechowywania w domu. Rozmiar tej torby wynosi 24 * 10 * 20 cm.<\/p>\n<p>&nbsp;<\/p>\n<p>&nbsp;<\/p>\n<p>To idealny prezent dla kobiet i dziewcz\u0105t lub dla siebie. Wygl\u0105da szykownie i mo\u017cna go r\u00f3wnie\u017c u\u017cywa\u0107 jako torby na produkty cyfrowe. Jest to torba wielofunkcyjna.<\/p>\n<p>&nbsp;<\/p>\n<p>&nbsp;<\/p>\n<p>Ta torba jest dost\u0119pna w czterech kolorach: czerwonym, pomara\u0144czowym, szarym i niebieskim. Dzi\u0119ki du\u017cej pojemno\u015bci mo\u017cna w niej dobrze zapakowa\u0107 wszystkie produkty do makija\u017cu.<\/p>\n<p>&nbsp;<\/p>\n<p>&nbsp;<\/p>\n<p><img fetchpriority=\"high\" decoding=\"async\" class=\"aligncenter wp-image-7720\" src=\"https:\/\/www.sellersunionagent.com\/wp-content\/uploads\/2022\/06\/new-product-of-lunch-bag-3.jpg\" alt=\"\" width=\"600\" height=\"600\" \/><img decoding=\"async\" class=\"aligncenter wp-image-9130\" src=\"https:\/\/www.sellersunionagent.com\/wp-content\/uploads\/2022\/06\/9.png\" alt=\"Produkcja w Chinach\" width=\"600\" height=\"531\" \/> <img decoding=\"async\" class=\"aligncenter wp-image-9129\" src=\"https:\/\/www.sellersunionagent.com\/wp-content\/uploads\/2022\/06\/8-3.png\" alt=\"Produkcja w Chinach\" width=\"600\" height=\"525\" \/> <img loading=\"lazy\" decoding=\"async\" class=\"aligncenter wp-image-9128\" src=\"https:\/\/www.sellersunionagent.com\/wp-content\/uploads\/2022\/06\/7-3.png\" alt=\"Produkcja w Chinach\" width=\"600\" height=\"570\" \/> <img loading=\"lazy\" decoding=\"async\" class=\"aligncenter wp-image-9127\" src=\"https:\/\/www.sellersunionagent.com\/wp-content\/uploads\/2022\/06\/6-4.png\" alt=\"Produkcja w Chinach\" width=\"600\" height=\"576\" \/> <img loading=\"lazy\" decoding=\"async\" class=\"aligncenter wp-image-9126\" src=\"https:\/\/www.sellersunionagent.com\/wp-content\/uploads\/2022\/06\/5-3.png\" alt=\"Produkcja w Chinach\" width=\"600\" height=\"550\" \/> <img loading=\"lazy\" decoding=\"async\" class=\"aligncenter wp-image-9125\" src=\"https:\/\/www.sellersunionagent.com\/wp-content\/uploads\/2022\/06\/4-6.png\" alt=\"Produkcja w Chinach\" width=\"600\" height=\"438\" \/> <img loading=\"lazy\" decoding=\"async\" class=\"aligncenter wp-image-9124\" src=\"https:\/\/www.sellersunionagent.com\/wp-content\/uploads\/2022\/06\/3-5.png\" alt=\"Produkcja w Chinach\" width=\"600\" height=\"515\" \/> <img loading=\"lazy\" decoding=\"async\" class=\"aligncenter wp-image-9123\" src=\"https:\/\/www.sellersunionagent.com\/wp-content\/uploads\/2022\/06\/2-7.png\" alt=\"Produkcja w Chinach\" width=\"600\" height=\"535\" \/> <img loading=\"lazy\" decoding=\"async\" class=\"aligncenter wp-image-9122\" src=\"https:\/\/www.sellersunionagent.com\/wp-content\/uploads\/2022\/06\/1-8.png\" alt=\"Produkcja w Chinach\" width=\"600\" height=\"565\" \/><\/p>","protected":false},"excerpt":{"rendered":"<p>Typ: Torba na lunch<\/p>\n<p>Rozmiar: 20*12*6CM<\/p>\n<p>Kolor: jak na zdj\u0119ciu<\/p>\n<p>OEM\/ODM: zaakceptowane<\/p>","protected":false},"featured_media":9120,"comment_status":"open","ping_status":"closed","template":"","meta":{"_acf_changed":false},"product_brand":[],"product_cat":[28],"product_tag":[114,41,92,93,50],"class_list":{"0":"post-7713","1":"product","2":"type-product","3":"status-publish","4":"has-post-thumbnail","6":"product_cat-lunch-bag","7":"product_tag-distributor","8":"product_tag-lunch-bag","9":"product_tag-retail","10":"product_tag-storage","11":"product_tag-wholesale","13":"first","14":"instock","15":"shipping-taxable","16":"product-type-simple","17":"swiper-slide"},"acf":[],"_links":{"self":[{"href":"https:\/\/www.sellersunionagent.com\/pl\/wp-json\/wp\/v2\/product\/7713","targetHints":{"allow":["GET"]}}],"collection":[{"href":"https:\/\/www.sellersunionagent.com\/pl\/wp-json\/wp\/v2\/product"}],"about":[{"href":"https:\/\/www.sellersunionagent.com\/pl\/wp-json\/wp\/v2\/types\/product"}],"replies":[{"embeddable":true,"href":"https:\/\/www.sellersunionagent.com\/pl\/wp-json\/wp\/v2\/comments?post=7713"}],"wp:featuredmedia":[{"embeddable":true,"href":"https:\/\/www.sellersunionagent.com\/pl\/wp-json\/wp\/v2\/media\/9120"}],"wp:attachment":[{"href":"https:\/\/www.sellersunionagent.com\/pl\/wp-json\/wp\/v2\/media?parent=7713"}],"wp:term":[{"taxonomy":"product_brand","embeddable":true,"href":"https:\/\/www.sellersunionagent.com\/pl\/wp-json\/wp\/v2\/product_brand?post=7713"},{"taxonomy":"product_cat","embeddable":true,"href":"https:\/\/www.sellersunionagent.com\/pl\/wp-json\/wp\/v2\/product_cat?post=7713"},{"taxonomy":"product_tag","embeddable":true,"href":"https:\/\/www.sellersunionagent.com\/pl\/wp-json\/wp\/v2\/product_tag?post=7713"}],"curies":[{"name":"wp","href":"https:\/\/api.w.org\/{rel}","templated":true}]}}