{"id":7704,"date":"2022-06-27T09:49:13","date_gmt":"2022-06-27T01:49:13","guid":{"rendered":"https:\/\/sellersunionagent.com\/?post_type=product&#038;p=7704"},"modified":"2022-07-11T18:00:17","modified_gmt":"2022-07-11T10:00:17","slug":"dystrybutor-hurtowy-import-z-chin-damska-i-dziewczeca-torba-na-zakupy","status":"publish","type":"product","link":"https:\/\/www.sellersunionagent.com\/pl\/wholesale-distributor-import-from-china-women-and-girl-shopping-bag\/","title":{"rendered":"Dystrybutor hurtowy Import z Chin: Damska i dziewcz\u0119ca torba na zakupy"},"content":{"rendered":"<h2>Dystrybutor hurtowy Import z Chin: Torba na zakupy dla kobiet i dziewcz\u0105t<\/h2>\n<p>&nbsp;<\/p>\n<p>&nbsp;<\/p>\n<p>Ta kosmetyczka jest wykonana z wysokiej jako\u015bci poliestru i jest wodoodporna. Posiada \u0142atwy w obs\u0142udze zamek b\u0142yskawiczny. Solidny uchwyt sprawia, \u017ce torba nadaje si\u0119 zar\u00f3wno do podr\u00f3\u017cy, jak i do przechowywania w domu. Rozmiar tej torby wynosi 24 * 10 * 20 cm.<\/p>\n<p>&nbsp;<\/p>\n<p>&nbsp;<\/p>\n<p>To idealny prezent dla kobiet i dziewcz\u0105t lub dla siebie. Wygl\u0105da szykownie i mo\u017cna go r\u00f3wnie\u017c u\u017cywa\u0107 jako torby na produkty cyfrowe. Jest to wielofunkcyjna torba.<\/p>\n<p>&nbsp;<\/p>\n<p>&nbsp;<\/p>\n<p>Ta torba jest dost\u0119pna w czterech kolorach: czerwonym, pomara\u0144czowym, szarym i niebieskim. Dzi\u0119ki du\u017cej pojemno\u015bci mo\u017cna w niej dobrze zapakowa\u0107 wszystkie produkty do makija\u017cu.<\/p>\n<p>&nbsp;<\/p>\n<p><img fetchpriority=\"high\" decoding=\"async\" class=\"aligncenter wp-image-7708\" src=\"https:\/\/www.sellersunionagent.com\/wp-content\/uploads\/2022\/06\/women-and-girl-shopping-bag-1.jpg\" alt=\"\" width=\"600\" height=\"600\" \/><\/p>\n<p><img decoding=\"async\" class=\"aligncenter wp-image-7707\" src=\"https:\/\/www.sellersunionagent.com\/wp-content\/uploads\/2022\/06\/women-and-girl-shopping-bag-2.jpg\" alt=\"\" width=\"600\" height=\"600\" \/><\/p>\n<p><img decoding=\"async\" class=\"aligncenter wp-image-9326\" src=\"https:\/\/www.sellersunionagent.com\/wp-content\/uploads\/2022\/06\/4351345826_1759788576-1.jpg\" alt=\"Dystrybutor hurtowy Import\" width=\"600\" height=\"600\" \/><\/p>\n<p><img loading=\"lazy\" decoding=\"async\" class=\"aligncenter wp-image-9330\" src=\"https:\/\/www.sellersunionagent.com\/wp-content\/uploads\/2022\/06\/2a10b3cd1236c09427381df88d2ff7b.png\" alt=\"Dystrybutor hurtowy Import\" width=\"600\" height=\"380\" \/><\/p>","protected":false},"excerpt":{"rendered":"<p>Typ: Torba na zakupy<\/p>\n<p>Rozmiar: 40*12*6CM<\/p>\n<p>Kolor: jak na zdj\u0119ciu<\/p>\n<p>OEM\/ODM: zaakceptowane<\/p>","protected":false},"featured_media":9329,"comment_status":"open","ping_status":"closed","template":"","meta":{"_acf_changed":false},"product_brand":[],"product_cat":[29],"product_tag":[94,56,93],"class_list":{"0":"post-7704","1":"product","2":"type-product","3":"status-publish","4":"has-post-thumbnail","6":"product_cat-shopping-bag","7":"product_tag-organizer","8":"product_tag-shopping-bag","9":"product_tag-storage","11":"first","12":"instock","13":"shipping-taxable","14":"product-type-simple","15":"swiper-slide"},"acf":[],"_links":{"self":[{"href":"https:\/\/www.sellersunionagent.com\/pl\/wp-json\/wp\/v2\/product\/7704","targetHints":{"allow":["GET"]}}],"collection":[{"href":"https:\/\/www.sellersunionagent.com\/pl\/wp-json\/wp\/v2\/product"}],"about":[{"href":"https:\/\/www.sellersunionagent.com\/pl\/wp-json\/wp\/v2\/types\/product"}],"replies":[{"embeddable":true,"href":"https:\/\/www.sellersunionagent.com\/pl\/wp-json\/wp\/v2\/comments?post=7704"}],"wp:featuredmedia":[{"embeddable":true,"href":"https:\/\/www.sellersunionagent.com\/pl\/wp-json\/wp\/v2\/media\/9329"}],"wp:attachment":[{"href":"https:\/\/www.sellersunionagent.com\/pl\/wp-json\/wp\/v2\/media?parent=7704"}],"wp:term":[{"taxonomy":"product_brand","embeddable":true,"href":"https:\/\/www.sellersunionagent.com\/pl\/wp-json\/wp\/v2\/product_brand?post=7704"},{"taxonomy":"product_cat","embeddable":true,"href":"https:\/\/www.sellersunionagent.com\/pl\/wp-json\/wp\/v2\/product_cat?post=7704"},{"taxonomy":"product_tag","embeddable":true,"href":"https:\/\/www.sellersunionagent.com\/pl\/wp-json\/wp\/v2\/product_tag?post=7704"}],"curies":[{"name":"wp","href":"https:\/\/api.w.org\/{rel}","templated":true}]}}