{"id":7698,"date":"2022-06-27T09:49:22","date_gmt":"2022-06-27T01:49:22","guid":{"rendered":"https:\/\/sellersunionagent.com\/?post_type=product&#038;p=7698"},"modified":"2022-06-27T09:49:22","modified_gmt":"2022-06-27T01:49:22","slug":"good-quality-aluminum-foil-thickened-lunch-box-handbag-waterproof-insulation-bag","status":"publish","type":"product","link":"https:\/\/www.sellersunionagent.com\/pl\/good-quality-aluminum-foil-thickened-lunch-box-handbag-waterproof-insulation-bag\/","title":{"rendered":"Dobrej jako\u015bci zag\u0119szczona folia aluminiowa Pude\u0142ko na lunch Torebka Wodoodporna torba izolacyjna"},"content":{"rendered":"<h2>Dobrej jako\u015bci zag\u0119szczona folia aluminiowa Pude\u0142ko na lunch Torebka Wodoodporna torba izolacyjna<\/h2>\n<p>Utrzymuje ciep\u0142o i \u015bwie\u017co\u015b\u0107 \u017cywno\u015bci: Ten produkt pochodzi ze \u015bci\u015ble wyselekcjonowanych fabryk wsp\u00f3\u0142pracuj\u0105cych z nami. Wewn\u0119trzna wy\u015bci\u00f3\u0142ka zosta\u0142a wykonana z aluminiowej folii spo\u017cywczej i wy\u015bcie\u0142ana piank\u0105 EPE o grubo\u015bci 5 mm, co zapewnia doskona\u0142\u0105 odporno\u015b\u0107 termiczn\u0105 i \u0142atwe czyszczenie. Izolowana podszewka mo\u017ce utrzymywa\u0107 ciep\u0142o i \u015bwie\u017co\u015b\u0107 \u017cywno\u015bci i napoj\u00f3w przez wiele godzin oraz zapobiega\u0107 wylewaniu si\u0119 p\u0142ynu z pojemnika. \u015awietnie nadaje si\u0119 r\u00f3wnie\u017c do utrzymywania temperatury lod\u00f3w lub zimnych napoj\u00f3w w samochodzie lub na si\u0142owni.<\/p>\n<p>&nbsp;<\/p>\n<p>&nbsp;<\/p>\n<p>Du\u017ca pojemno\u015b\u0107: Torba ma wygodny rozmiar do pakowania jedzenia do szko\u0142y, pracy i podr\u00f3\u017cy. Jej pojemno\u015b\u0107 wynosi 9 litr\u00f3w, co wystarcza do przechowywania 9 puszek coli (330 ml), 8 butelek piwa lub 3 pude\u0142ek na posi\u0142ki z owocami i przek\u0105skami.<\/p>\n<p>&nbsp;<\/p>\n<p>&nbsp;<\/p>\n<p>Sk\u0142adany i przeno\u015bny: Szeroko otwarta konstrukcja z podw\u00f3jnymi zamkami b\u0142yskawicznymi u\u0142atwia dost\u0119p, a ten izolowany pojemnik na lunch mo\u017cna nosi\u0107 tak \u0142atwo, jak ksi\u0105\u017ck\u0119 po z\u0142o\u017ceniu. Klasyczny i prosty wygl\u0105d z wy\u015bcie\u0142anym uchwytem oraz odpinanym i regulowanym paskiem na rami\u0119, dzi\u0119ki czemu mo\u017cna go nosi\u0107 w 2 trybach: torby na rami\u0119 i torebki.<\/p>\n<p><img fetchpriority=\"high\" decoding=\"async\" class=\"aligncenter wp-image-7700\" src=\"https:\/\/www.sellersunionagent.com\/wp-content\/uploads\/2022\/06\/aluminum-foil-thickened-lunch-box-handbag-3.jpg\" alt=\"Dobra jako\u015b\u0107\" width=\"600\" height=\"600\" \/><img decoding=\"async\" class=\"aligncenter wp-image-7711 size-full\" src=\"https:\/\/www.sellersunionagent.com\/wp-content\/uploads\/2022\/06\/waterproof-insulation-bag-1.jpg\" alt=\"Dobra jako\u015b\u0107\" width=\"726\" height=\"544\" \/> \u00a0<img decoding=\"async\" class=\"aligncenter wp-image-7702 size-full\" src=\"https:\/\/www.sellersunionagent.com\/wp-content\/uploads\/2022\/06\/aluminum-foil-thickened-lunch-box-handbag-1.jpg\" alt=\"Dobra jako\u015b\u0107\" width=\"800\" height=\"800\" \/> <img loading=\"lazy\" decoding=\"async\" class=\"aligncenter wp-image-7703 size-full\" src=\"https:\/\/www.sellersunionagent.com\/wp-content\/uploads\/2022\/06\/aluminum-foil-thickened-lunch-box-handbag.jpg\" alt=\"Dobra jako\u015b\u0107\" width=\"800\" height=\"800\" \/> <img loading=\"lazy\" decoding=\"async\" class=\"aligncenter wp-image-7710 size-full\" src=\"https:\/\/www.sellersunionagent.com\/wp-content\/uploads\/2022\/06\/waterproof-insulation-bag-2.jpg\" alt=\"Dobra jako\u015b\u0107\" width=\"750\" height=\"1124\" \/><\/p>","protected":false},"excerpt":{"rendered":"<p><strong>Typ<\/strong>: Torba na lunch<\/p>\n<p><strong>Rozmiar elementu<\/strong>: 32*26*7cm(L)\/ 28*22.5*7cm(S)<\/p>\n<p><strong>Kolor:<\/strong> Dark blue\/ pink\/ grey<\/p>\n<p><strong>Zdolno\u015b\u0107 dostawcza<\/strong>: 50000 sztuk na miesi\u0105c<br \/>\n<strong>MOQ<\/strong>: 100szt.<\/p>\n<p>We provide good quality products, mastering standards of the goods.<\/p>","protected":false},"featured_media":7700,"comment_status":"open","ping_status":"closed","template":"","meta":{"_acf_changed":false},"product_brand":[],"product_cat":[28],"product_tag":[49,113],"class_list":{"0":"post-7698","1":"product","2":"type-product","3":"status-publish","4":"has-post-thumbnail","6":"product_cat-lunch-bag","7":"product_tag-good-quality","8":"product_tag-insulation-bag","10":"first","11":"instock","12":"shipping-taxable","13":"product-type-simple","14":"swiper-slide"},"acf":[],"_links":{"self":[{"href":"https:\/\/www.sellersunionagent.com\/pl\/wp-json\/wp\/v2\/product\/7698","targetHints":{"allow":["GET"]}}],"collection":[{"href":"https:\/\/www.sellersunionagent.com\/pl\/wp-json\/wp\/v2\/product"}],"about":[{"href":"https:\/\/www.sellersunionagent.com\/pl\/wp-json\/wp\/v2\/types\/product"}],"replies":[{"embeddable":true,"href":"https:\/\/www.sellersunionagent.com\/pl\/wp-json\/wp\/v2\/comments?post=7698"}],"wp:featuredmedia":[{"embeddable":true,"href":"https:\/\/www.sellersunionagent.com\/pl\/wp-json\/wp\/v2\/media\/7700"}],"wp:attachment":[{"href":"https:\/\/www.sellersunionagent.com\/pl\/wp-json\/wp\/v2\/media?parent=7698"}],"wp:term":[{"taxonomy":"product_brand","embeddable":true,"href":"https:\/\/www.sellersunionagent.com\/pl\/wp-json\/wp\/v2\/product_brand?post=7698"},{"taxonomy":"product_cat","embeddable":true,"href":"https:\/\/www.sellersunionagent.com\/pl\/wp-json\/wp\/v2\/product_cat?post=7698"},{"taxonomy":"product_tag","embeddable":true,"href":"https:\/\/www.sellersunionagent.com\/pl\/wp-json\/wp\/v2\/product_tag?post=7698"}],"curies":[{"name":"wp","href":"https:\/\/api.w.org\/{rel}","templated":true}]}}