{"id":7686,"date":"2022-06-27T09:23:05","date_gmt":"2022-06-27T01:23:05","guid":{"rendered":"https:\/\/sellersunionagent.com\/?post_type=product&#038;p=7686"},"modified":"2026-01-06T14:29:40","modified_gmt":"2026-01-06T06:29:40","slug":"dostawca-z-chin-zaprojektowal-urocza-wodoodporna-torbe-do-makijazu-o-duzej-pojemnosci-dla-dystrybutora-importu","status":"publish","type":"product","link":"https:\/\/www.sellersunionagent.com\/pl\/china-supplier-designed-cute-waterproof-makeup-bag-big-capacity-for-distributor-import\/","title":{"rendered":"Chiny Dostawca Zaprojektowana urocza wodoodporna torba do makija\u017cu Du\u017ca pojemno\u015b\u0107 dla dystrybutora Import"},"content":{"rendered":"<h2>Chiny Dostawca Zaprojektowana urocza wodoodporna torba do makija\u017cu Du\u017ca pojemno\u015b\u0107 dla dystrybutora Import<\/h2>\n<p>&nbsp;<\/p>\n<p>&nbsp;<\/p>\n<p>Ma\u0142a kosmetyczka z zamkiem b\u0142yskawicznym ma wymiary oko\u0142o 21 * 13 * 8 cm \/ 20 * 12 * 6 CM \/ 18 * 11 * 7 CM, odpowiedni rozmiar do przechowywania niezb\u0119dnych kosmetyk\u00f3w i przybor\u00f3w toaletowych, takich jak szminki, kremy do rz\u0119s, ma\u0142e szampony, perfumy i tak dalej.<\/p>\n<p>&nbsp;<\/p>\n<p>&nbsp;<\/p>\n<p>przeno\u015bna kosmetyczka zosta\u0142a zaprojektowana z kilkoma przegr\u00f3dkami, dzi\u0119ki czemu mo\u017cesz umie\u015bci\u0107 swoje przedmioty w r\u00f3\u017cnych cz\u0119\u015bciach, co pomo\u017ce Ci je \u0142atwo znale\u017a\u0107, dzi\u0119ki czemu Twoje rzeczy b\u0119d\u0105 dobrze zorganizowane.<\/p>\n<p>&nbsp;<\/p>\n<p>&nbsp;<\/p>\n<p>podr\u00f3\u017cny organizer do makija\u017cu w jednolitym kolorze jest wykonany ze sk\u00f3ry PU, wodoodpornej i zmywalnej, wysokiej jako\u015bci i niezawodnej, mi\u0119kkiej w dotyku, a d\u0142ugotrwa\u0142e u\u017cytkowanie nie stanowi wi\u0119kszego problemu.<\/p>\n<p>&nbsp;<\/p>\n<p style=\"text-align: center;\"><strong>Typ:<\/strong> Torebka do makija\u017cu<\/p>\n<p style=\"text-align: center;\"><strong>Rozmiar:<\/strong>18*11*7CM<\/p>\n<p style=\"text-align: center;\"><strong>Kolor:<\/strong> jak na zdj\u0119ciu<\/p>\n<p style=\"text-align: center;\"><strong>OEM\/ODM:<\/strong> Zaakceptowany<\/p>\n<p><img fetchpriority=\"high\" decoding=\"async\" class=\"aligncenter wp-image-7693\" src=\"https:\/\/www.sellersunionagent.com\/wp-content\/uploads\/2022\/06\/waterproof-makeup-bag-1.jpg\" alt=\"\" width=\"600\" height=\"600\" \/><\/p>\n<p><img decoding=\"async\" class=\"aligncenter wp-image-7694\" src=\"https:\/\/www.sellersunionagent.com\/wp-content\/uploads\/2022\/06\/waterproof-makeup-bag.jpg\" alt=\"\" width=\"600\" height=\"600\" \/><\/p>\n<p><img decoding=\"async\" class=\"aligncenter wp-image-7692\" src=\"https:\/\/www.sellersunionagent.com\/wp-content\/uploads\/2022\/06\/waterproof-makeup-bag-2.jpg\" alt=\"\" width=\"600\" height=\"600\" \/><\/p>\n<p><img loading=\"lazy\" decoding=\"async\" class=\"aligncenter wp-image-7691\" src=\"https:\/\/www.sellersunionagent.com\/wp-content\/uploads\/2022\/06\/waterproof-makeup-bag-3.jpg\" alt=\"\" width=\"600\" height=\"600\" \/><\/p>","protected":false},"excerpt":{"rendered":"<p><strong>MOQ<\/strong>:  100 szt.<br \/>\n<strong>Bezp\u0142atna pr\u00f3bka<\/strong>:  Obs\u0142ugiwane<br \/>\n<strong>Personalizacja<\/strong>logo \/ kolor \/ materia\u0142y \/ opakowanie itp.<br \/>\n<strong>Zni\u017cka<\/strong>:  Pierwsze zam\u00f3wienia ju\u017c od 10% taniej.<br \/>\n<strong>Wska\u017anik terminowo\u015bci dostaw<\/strong>:\u00a0 100%<br \/>\n<strong>Przesy\u0142ki og\u00f3\u0142em<\/strong>65700 sztuk<br \/>\n<strong>Wysy\u0142ka<\/strong>: Fracht morski Fracht l\u0105dowy<\/p>","protected":false},"featured_media":7688,"comment_status":"open","ping_status":"closed","template":"","meta":{"_acf_changed":false},"product_brand":[],"product_cat":[30],"product_tag":[171,78,109,93,105],"class_list":{"0":"post-7686","1":"product","2":"type-product","3":"status-publish","4":"has-post-thumbnail","6":"product_cat-makeup-bag","7":"product_tag-make-up-hot","8":"product_tag-makeup-bag","9":"product_tag-oganizer","10":"product_tag-storage","11":"product_tag-travel-bag","13":"first","14":"instock","15":"shipping-taxable","16":"purchasable","17":"product-type-simple","18":"swiper-slide"},"acf":[],"_links":{"self":[{"href":"https:\/\/www.sellersunionagent.com\/pl\/wp-json\/wp\/v2\/product\/7686","targetHints":{"allow":["GET"]}}],"collection":[{"href":"https:\/\/www.sellersunionagent.com\/pl\/wp-json\/wp\/v2\/product"}],"about":[{"href":"https:\/\/www.sellersunionagent.com\/pl\/wp-json\/wp\/v2\/types\/product"}],"replies":[{"embeddable":true,"href":"https:\/\/www.sellersunionagent.com\/pl\/wp-json\/wp\/v2\/comments?post=7686"}],"wp:featuredmedia":[{"embeddable":true,"href":"https:\/\/www.sellersunionagent.com\/pl\/wp-json\/wp\/v2\/media\/7688"}],"wp:attachment":[{"href":"https:\/\/www.sellersunionagent.com\/pl\/wp-json\/wp\/v2\/media?parent=7686"}],"wp:term":[{"taxonomy":"product_brand","embeddable":true,"href":"https:\/\/www.sellersunionagent.com\/pl\/wp-json\/wp\/v2\/product_brand?post=7686"},{"taxonomy":"product_cat","embeddable":true,"href":"https:\/\/www.sellersunionagent.com\/pl\/wp-json\/wp\/v2\/product_cat?post=7686"},{"taxonomy":"product_tag","embeddable":true,"href":"https:\/\/www.sellersunionagent.com\/pl\/wp-json\/wp\/v2\/product_tag?post=7686"}],"curies":[{"name":"wp","href":"https:\/\/api.w.org\/{rel}","templated":true}]}}