{"id":7663,"date":"2022-06-27T09:12:00","date_gmt":"2022-06-27T01:12:00","guid":{"rendered":"https:\/\/sellersunionagent.com\/?post_type=product&#038;p=7663"},"modified":"2022-07-11T14:05:02","modified_gmt":"2022-07-11T06:05:02","slug":"3-zestawy-torebek-do-makijazu-przeznaczonych-dla-kobiet-i-dziewczat-z-chinskiej-fabryki","status":"publish","type":"product","link":"https:\/\/www.sellersunionagent.com\/pl\/3-set-makeup-bags-designed-for-women-and-girls-from-china-factory\/","title":{"rendered":"Zestaw 3 torebek do makija\u017cu dla kobiet i dziewcz\u0105t z chi\u0144skiej fabryki"},"content":{"rendered":"<h2>Zestaw 3 torebek do makija\u017cu dla kobiet i dziewcz\u0105t z chi\u0144skiej fabryki<\/h2>\n<p>&nbsp;<\/p>\n<p>Ma\u0142a kosmetyczka z zamkiem b\u0142yskawicznym ma wymiary oko\u0142o 21 * 13 * 8 cm, odpowiedni rozmiar do przechowywania niezb\u0119dnych kosmetyk\u00f3w i produkt\u00f3w toaletowych, takich jak szminki, kremy do rz\u0119s, ma\u0142e szampony, perfumy i tak dalej.<\/p>\n<p>&nbsp;<\/p>\n<p>&nbsp;<\/p>\n<p>przeno\u015bna kosmetyczka zosta\u0142a zaprojektowana z kilkoma przegr\u00f3dkami, dzi\u0119ki czemu mo\u017cesz umie\u015bci\u0107 swoje przedmioty w r\u00f3\u017cnych cz\u0119\u015bciach, co pomo\u017ce Ci je \u0142atwo znale\u017a\u0107, dzi\u0119ki czemu Twoje rzeczy b\u0119d\u0105 dobrze zorganizowane.<\/p>\n<p>&nbsp;<\/p>\n<p>&nbsp;<\/p>\n<p>podr\u00f3\u017cny organizer do makija\u017cu w jednolitym kolorze jest wykonany ze sk\u00f3ry PU, wodoodpornej i zmywalnej, wysokiej jako\u015bci i niezawodnej, mi\u0119kkiej w dotyku, a d\u0142ugotrwa\u0142e u\u017cytkowanie nie stanowi wi\u0119kszego problemu.<\/p>\n<p>&nbsp;<\/p>\n<p>&nbsp;<\/p>\n<p><img fetchpriority=\"high\" decoding=\"async\" class=\"aligncenter wp-image-7670\" src=\"https:\/\/www.sellersunionagent.com\/wp-content\/uploads\/2022\/06\/cosmetic-bag-3pcs.jpg\" alt=\"\" width=\"600\" height=\"600\" \/><\/p>\n<p><img decoding=\"async\" class=\"aligncenter wp-image-7672\" src=\"https:\/\/www.sellersunionagent.com\/wp-content\/uploads\/2022\/06\/3-set-makeup-bags-designed-3.jpg\" alt=\"\" width=\"600\" height=\"600\" \/><img decoding=\"async\" class=\"aligncenter wp-image-7673\" src=\"https:\/\/www.sellersunionagent.com\/wp-content\/uploads\/2022\/06\/3-set-makeup-bags-designed.jpg\" alt=\"Dostawca\" width=\"600\" height=\"600\" \/><\/p>","protected":false},"excerpt":{"rendered":"<p>Typ: Torba do makija\u017cu<\/p>\n<p>Rozmiar: 20*12*6CM<\/p>\n<p>Kolor: jak na zdj\u0119ciu<\/p>\n<p>OEM\/ODM: zaakceptowane<\/p>","protected":false},"featured_media":7675,"comment_status":"open","ping_status":"closed","template":"","meta":{"_acf_changed":false},"product_brand":[],"product_cat":[30],"product_tag":[78,94,93,105],"class_list":{"0":"post-7663","1":"product","2":"type-product","3":"status-publish","4":"has-post-thumbnail","6":"product_cat-makeup-bag","7":"product_tag-makeup-bag","8":"product_tag-organizer","9":"product_tag-storage","10":"product_tag-travel-bag","12":"first","13":"instock","14":"shipping-taxable","15":"product-type-simple","16":"swiper-slide"},"acf":[],"_links":{"self":[{"href":"https:\/\/www.sellersunionagent.com\/pl\/wp-json\/wp\/v2\/product\/7663","targetHints":{"allow":["GET"]}}],"collection":[{"href":"https:\/\/www.sellersunionagent.com\/pl\/wp-json\/wp\/v2\/product"}],"about":[{"href":"https:\/\/www.sellersunionagent.com\/pl\/wp-json\/wp\/v2\/types\/product"}],"replies":[{"embeddable":true,"href":"https:\/\/www.sellersunionagent.com\/pl\/wp-json\/wp\/v2\/comments?post=7663"}],"wp:featuredmedia":[{"embeddable":true,"href":"https:\/\/www.sellersunionagent.com\/pl\/wp-json\/wp\/v2\/media\/7675"}],"wp:attachment":[{"href":"https:\/\/www.sellersunionagent.com\/pl\/wp-json\/wp\/v2\/media?parent=7663"}],"wp:term":[{"taxonomy":"product_brand","embeddable":true,"href":"https:\/\/www.sellersunionagent.com\/pl\/wp-json\/wp\/v2\/product_brand?post=7663"},{"taxonomy":"product_cat","embeddable":true,"href":"https:\/\/www.sellersunionagent.com\/pl\/wp-json\/wp\/v2\/product_cat?post=7663"},{"taxonomy":"product_tag","embeddable":true,"href":"https:\/\/www.sellersunionagent.com\/pl\/wp-json\/wp\/v2\/product_tag?post=7663"}],"curies":[{"name":"wp","href":"https:\/\/api.w.org\/{rel}","templated":true}]}}