{"id":7644,"date":"2022-06-27T08:21:05","date_gmt":"2022-06-27T00:21:05","guid":{"rendered":"https:\/\/sellersunionagent.com\/?post_type=product&#038;p=7644"},"modified":"2022-08-31T14:19:34","modified_gmt":"2022-08-31T06:19:34","slug":"2022-torba-organizer-6-sztuk-kostki-do-pakowania-bagazu-torba-do-przechowywania-podrozy","status":"publish","type":"product","link":"https:\/\/www.sellersunionagent.com\/pl\/2022-organizer-bag-6-pieces-luggage-packing-cubes-travel-storage-bag\/","title":{"rendered":"2022 Torba organizacyjna 6 sztuk kostek do pakowania baga\u017cu torba do przechowywania podr\u00f3\u017cy"},"content":{"rendered":"<h2>2022 Torba organizacyjna 6 sztuk kostek do pakowania baga\u017cu torba do przechowywania podr\u00f3\u017cy<\/h2>\n<ul class=\"a-unordered-list a-vertical a-spacing-mini\">\n<li><span class=\"a-list-item\">Zapi\u0119cie na zamek b\u0142yskawiczny <\/span><\/li>\n<li><span class=\"a-list-item\">PREMIUM ULEPSZONA TKANINA NYLONOWA: G\u0142adka tkanina nylonowa chroni ubrania przed zmarszczkami i plamami. Wysoka wydajno\u015b\u0107 zapewnia, \u017ce te kostki do pakowania mog\u0105 wytrzyma\u0107 zu\u017cycie o du\u017cej g\u0119sto\u015bci podczas podr\u00f3\u017cy. wodoodporna funkcja \u0142adnie chroni ubrania przed rozlaniem lub wyciekami. <\/span><\/li>\n<li><span class=\"a-list-item\">LEKKO\u015a\u0106 I TRWA\u0141O\u015a\u0106: Super lekka tkanina nylonowa zapewnia schludne przechowywanie ubra\u0144 w baga\u017cu bez dodawania dodatkowej wagi. Solidny i g\u0142adki dwukierunkowy zamek b\u0142yskawiczny z przed\u0142u\u017conym sznurkiem zapewnia szybkie i \u0142atwe otwieranie i zamykanie kostek do pakowania. Mi\u0119kki i g\u0142adki panel g\u00f3rny z siatki mo\u017ce nie tylko chroni\u0107 delikatne ubrania przed zmarszczkami i zapachami, ale mo\u017ce r\u00f3wnie\u017c pom\u00f3c w identyfikacji ubra\u0144 za pomoc\u0105 widocznej siatki, aby unikn\u0105\u0107 grzebania w ca\u0142ym baga\u017cu. <\/span><\/li>\n<li><span class=\"a-list-item\">ZORGANIZOWANE PAKOWANIE I OSZCZ\u0118DNO\u015a\u0106 MIEJSCA: Oddzielanie r\u00f3\u017cnych ubra\u0144 za pomoc\u0105 kostek do pakowania o r\u00f3\u017cnych rozmiarach i dost\u0119pnych \u017cywych kolorach. Oszcz\u0119dno\u015b\u0107 czasu podczas podr\u00f3\u017cy, wycieczek lub zaj\u0119\u0107 na \u015bwie\u017cym powietrzu dzi\u0119ki unikaniu niew\u0142a\u015bciwego umieszczania r\u00f3\u017cnych przedmiot\u00f3w i pe\u0142nemu wykorzystaniu miejsca w baga\u017cu. <\/span><\/li>\n<li><span class=\"a-list-item\">WSZECHSTRONNY I WIELOFUNKCYJNY: Pasuje jak r\u0119kawiczka do wi\u0119kszo\u015bci baga\u017cu podr\u0119cznego linii lotniczych, torby, weekendu, plecaka, torby podr\u00f3\u017cnej itp. na przerwy rodzinne, podr\u00f3\u017ce s\u0142u\u017cbowe, wakacje, w\u0119dr\u00f3wki, kemping, kamper, wycieczk\u0119 itp. <\/span><\/li>\n<li><span class=\"a-list-item\">GWARANCJA ZWROTU PIENI\u0118DZY 100%: Oferowanie najlepszych produkt\u00f3w i zaspokajanie wszystkich potrzeb zawsze by\u0142o naszym g\u0142\u00f3wnym celem. Stoimy za wszystkimi naszymi produktami BAGAIL i oferujemy bezwarunkow\u0105 gwarancj\u0119 jako\u015bci i wykonania w ci\u0105gu 12 miesi\u0119cy.<\/span><\/li>\n<li><img fetchpriority=\"high\" decoding=\"async\" class=\"aligncenter wp-image-7645 size-full\" src=\"https:\/\/www.sellersunionagent.com\/wp-content\/uploads\/2022\/06\/6-pieces-luggage-packing-cubes-travel-storage-bag-6.jpg\" alt=\"6 sztuk kostek do pakowania baga\u017cu\" width=\"800\" height=\"800\" \/><img decoding=\"async\" class=\"aligncenter wp-image-7647 size-full\" src=\"https:\/\/www.sellersunionagent.com\/wp-content\/uploads\/2022\/06\/6-pieces-luggage-packing-cubes-travel-storage-bag-4.jpg\" alt=\"6 sztuk kostek do pakowania baga\u017cu\" width=\"800\" height=\"800\" \/><img decoding=\"async\" class=\"aligncenter wp-image-7648 size-full\" src=\"https:\/\/www.sellersunionagent.com\/wp-content\/uploads\/2022\/06\/6-pieces-luggage-packing-cubes-travel-storage-bag-3.jpg\" alt=\"\" width=\"800\" height=\"800\" \/><img loading=\"lazy\" decoding=\"async\" class=\"aligncenter wp-image-7649 size-full\" src=\"https:\/\/www.sellersunionagent.com\/wp-content\/uploads\/2022\/06\/6-pieces-luggage-packing-cubes-travel-storage-bag-2.jpg\" alt=\"\" width=\"800\" height=\"800\" \/><\/li>\n<\/ul>\n<p>&nbsp;<\/p>","protected":false},"excerpt":{"rendered":"<p><strong>Typ<\/strong>: Organizacja domu<\/p>\n<p><strong>Rozmiar elementu<\/strong>: 25*10*33cm\/25*20cm\/24*14*9cm\/21*29cm\/40*13*27cm\/25*18*10cm\/23*9*15cm<\/p>\n<p><strong>Kolory<\/strong>: Jezioro niebieski\/r\u00f3\u017cowy\/granatowy\/czarny<\/p>\n<p><strong>Materia\u0142: <\/strong>Poliester<\/p>","protected":false},"featured_media":7651,"comment_status":"open","ping_status":"closed","template":"","meta":{"_acf_changed":false},"product_brand":[],"product_cat":[31,187],"product_tag":[],"class_list":{"0":"post-7644","1":"product","2":"type-product","3":"status-publish","4":"has-post-thumbnail","6":"product_cat-home-storage","7":"product_cat-bedroom","9":"first","10":"instock","11":"shipping-taxable","12":"product-type-simple","13":"swiper-slide"},"acf":[],"_links":{"self":[{"href":"https:\/\/www.sellersunionagent.com\/pl\/wp-json\/wp\/v2\/product\/7644","targetHints":{"allow":["GET"]}}],"collection":[{"href":"https:\/\/www.sellersunionagent.com\/pl\/wp-json\/wp\/v2\/product"}],"about":[{"href":"https:\/\/www.sellersunionagent.com\/pl\/wp-json\/wp\/v2\/types\/product"}],"replies":[{"embeddable":true,"href":"https:\/\/www.sellersunionagent.com\/pl\/wp-json\/wp\/v2\/comments?post=7644"}],"wp:featuredmedia":[{"embeddable":true,"href":"https:\/\/www.sellersunionagent.com\/pl\/wp-json\/wp\/v2\/media\/7651"}],"wp:attachment":[{"href":"https:\/\/www.sellersunionagent.com\/pl\/wp-json\/wp\/v2\/media?parent=7644"}],"wp:term":[{"taxonomy":"product_brand","embeddable":true,"href":"https:\/\/www.sellersunionagent.com\/pl\/wp-json\/wp\/v2\/product_brand?post=7644"},{"taxonomy":"product_cat","embeddable":true,"href":"https:\/\/www.sellersunionagent.com\/pl\/wp-json\/wp\/v2\/product_cat?post=7644"},{"taxonomy":"product_tag","embeddable":true,"href":"https:\/\/www.sellersunionagent.com\/pl\/wp-json\/wp\/v2\/product_tag?post=7644"}],"curies":[{"name":"wp","href":"https:\/\/api.w.org\/{rel}","templated":true}]}}