{"id":7639,"date":"2022-06-27T08:11:43","date_gmt":"2022-06-27T00:11:43","guid":{"rendered":"https:\/\/sellersunionagent.com\/?post_type=product&#038;p=7639"},"modified":"2022-08-31T14:19:44","modified_gmt":"2022-08-31T06:19:44","slug":"large-cationic-oxford-cloth-travel-storage-shoe-bag","status":"publish","type":"product","link":"https:\/\/www.sellersunionagent.com\/pl\/large-cationic-oxford-cloth-travel-storage-shoe-bag\/","title":{"rendered":"Du\u017cy kationowy worek na buty z tkaniny Oxford do przechowywania w podr\u00f3\u017cy"},"content":{"rendered":"<h2>Du\u017cy kationowy worek na buty z tkaniny Oxford do przechowywania w podr\u00f3\u017cy<\/h2>\n<ul class=\"a-unordered-list a-vertical a-spacing-mini\">\n<li><span class=\"a-list-item\">Zapi\u0119cie na zamek b\u0142yskawiczny <\/span><\/li>\n<li><span class=\"a-list-item\">TRAVEL ORGANIZER &amp; SHOE BAG &#8211; Made of high-quality polyester fabric, durable and water resistant, smooth two-way zippers. It\u2019s a good choice for traveler or office people <\/span><\/li>\n<li><span class=\"a-list-item\">LARGE CAPACITY &#8211; Size: 11.81&#8243;L x 8.66&#8243; W x 5.51&#8243; H. Our shoe organizer protect most shoe sizes and types including leather, dance, golf, soccer, gym and more. Keep your shoes separate from clothes and in great condition while traveling <\/span><\/li>\n<li><span class=\"a-list-item\">3 LAYERS FOR SHOE ORGANIZING &#8211; Carrying up to 3 pairs of shoes in stylish, space-saving style. Our travel shoe pouch comes with a main compartment that can hold up to size 13 shoes or heels, and 2 more compartments for holding flip flops or sandals <\/span><\/li>\n<li><span class=\"a-list-item\">GRAB TOP HANDLE &#8211; Mossio shoe bag has a handle on top for your convenience. This makes it easy to store their shoes in luggage, on a closet shelf, or any other hard to reach place <\/span><\/li>\n<li><span class=\"a-list-item\">CONVENIENT MULTI-USE BAG &#8211; Not only a shoe bag. You can also use it as packing cube, toiletry bag, makeup bag, underwear organizer or laundry pouch, just as you like<\/span><\/li>\n<li><img fetchpriority=\"high\" decoding=\"async\" class=\"aligncenter wp-image-7640 size-medium\" src=\"https:\/\/www.sellersunionagent.com\/wp-content\/uploads\/2022\/06\/large-cationic-oxford-cloth-travel-storage-shoe-bag-3-300x300.jpg\" alt=\"Kationowa tkanina Oxford\" width=\"300\" height=\"300\" \/><img decoding=\"async\" class=\"aligncenter wp-image-7641 size-medium\" src=\"https:\/\/www.sellersunionagent.com\/wp-content\/uploads\/2022\/06\/large-cationic-oxford-cloth-travel-storage-shoe-bag-2-300x300.jpg\" alt=\"Kationowa tkanina Oxford\" width=\"300\" height=\"300\" \/><img decoding=\"async\" class=\"aligncenter wp-image-7642 size-medium\" src=\"https:\/\/www.sellersunionagent.com\/wp-content\/uploads\/2022\/06\/large-cationic-oxford-cloth-travel-storage-shoe-bag-1-300x300.jpg\" alt=\"Kationowa tkanina Oxford\" width=\"300\" height=\"300\" \/><img loading=\"lazy\" decoding=\"async\" class=\"aligncenter wp-image-7643 size-medium\" src=\"https:\/\/www.sellersunionagent.com\/wp-content\/uploads\/2022\/06\/\u4e3b\u56fe-7-2-300x300.jpg\" alt=\"Kationowa tkanina Oxford\" width=\"300\" height=\"300\" \/><\/li>\n<\/ul>","protected":false},"excerpt":{"rendered":"<p><strong>Typ<\/strong>: Shoe Bag<\/p>\n<p><strong>Rozmiar elementu<\/strong>: 34.5*26*21cm<\/p>\n<p><strong>Kolory<\/strong>: Jezioro niebieski\/r\u00f3\u017cowy\/granatowy\/czarny<\/p>\n<p><strong>Materia\u0142: <\/strong>Poliester<\/p>","protected":false},"featured_media":7643,"comment_status":"open","ping_status":"closed","template":"","meta":{"_acf_changed":false},"product_brand":[],"product_cat":[31,186],"product_tag":[108],"class_list":{"0":"post-7639","1":"product","2":"type-product","3":"status-publish","4":"has-post-thumbnail","6":"product_cat-home-storage","7":"product_cat-living-room","8":"product_tag-shoe-bag","10":"first","11":"instock","12":"shipping-taxable","13":"product-type-simple","14":"swiper-slide"},"acf":[],"_links":{"self":[{"href":"https:\/\/www.sellersunionagent.com\/pl\/wp-json\/wp\/v2\/product\/7639","targetHints":{"allow":["GET"]}}],"collection":[{"href":"https:\/\/www.sellersunionagent.com\/pl\/wp-json\/wp\/v2\/product"}],"about":[{"href":"https:\/\/www.sellersunionagent.com\/pl\/wp-json\/wp\/v2\/types\/product"}],"replies":[{"embeddable":true,"href":"https:\/\/www.sellersunionagent.com\/pl\/wp-json\/wp\/v2\/comments?post=7639"}],"wp:featuredmedia":[{"embeddable":true,"href":"https:\/\/www.sellersunionagent.com\/pl\/wp-json\/wp\/v2\/media\/7643"}],"wp:attachment":[{"href":"https:\/\/www.sellersunionagent.com\/pl\/wp-json\/wp\/v2\/media?parent=7639"}],"wp:term":[{"taxonomy":"product_brand","embeddable":true,"href":"https:\/\/www.sellersunionagent.com\/pl\/wp-json\/wp\/v2\/product_brand?post=7639"},{"taxonomy":"product_cat","embeddable":true,"href":"https:\/\/www.sellersunionagent.com\/pl\/wp-json\/wp\/v2\/product_cat?post=7639"},{"taxonomy":"product_tag","embeddable":true,"href":"https:\/\/www.sellersunionagent.com\/pl\/wp-json\/wp\/v2\/product_tag?post=7639"}],"curies":[{"name":"wp","href":"https:\/\/api.w.org\/{rel}","templated":true}]}}