{"id":7613,"date":"2022-06-27T06:47:14","date_gmt":"2022-06-26T22:47:14","guid":{"rendered":"https:\/\/sellersunionagent.com\/?post_type=product&#038;p=7613"},"modified":"2026-01-06T14:29:41","modified_gmt":"2026-01-06T06:29:41","slug":"laserowa-kolorowa-elegancka-kosmetyczka-wykonana-w-chinach-z-materialu-pcv-pasuje-do-trzech-roznych-rozmiarow-maly-sredni-duzy","status":"publish","type":"product","link":"https:\/\/www.sellersunionagent.com\/pl\/laser-color-chic-makeup-bag-made-in-china-with-pvc-material-suits-for-three-different-size-small-medium-large\/","title":{"rendered":"Szykowna torba do makija\u017cu w kolorze laserowym wykonana w Chinach z materia\u0142u PVC pasuje do trzech r\u00f3\u017cnych rozmiar\u00f3w Ma\u0142y \u015bredni du\u017cy"},"content":{"rendered":"<h2>Szykowna torba do makija\u017cu w kolorze laserowym wykonana w Chinach z materia\u0142u PVC pasuje do trzech r\u00f3\u017cnych rozmiar\u00f3w Ma\u0142y \u015bredni du\u017cy<\/h2>\n<p>&nbsp;<\/p>\n<p>Ta kosmetyczka jest urocza i pi\u0119kna dla codziennego organizera, dzi\u0119ki czemu wszystko, czego potrzebujesz, jest uporz\u0105dkowane w torbie.<\/p>\n<p>&nbsp;<\/p>\n<p>Kiedy potrzebujesz zrobi\u0107 sobie makija\u017c, mo\u017cesz szybko znale\u017a\u0107 to, czego potrzebujesz.<\/p>\n<p>&nbsp;<\/p>\n<p>Elegancki wygl\u0105d i praktyczna charakterystyka b\u0119d\u0105 pierwszym wyborem, aby wys\u0142a\u0107 go jako prezent festiwalowy dla swojej dziewczyny lub przyjaci\u00f3\u0142ek.<\/p>\n<p>&nbsp;<\/p>\n<p style=\"text-align: center\"><strong>Typ:<\/strong> Torebka do makija\u017cu<\/p>\n<p style=\"text-align: center\"><strong>Rozmiar:<\/strong> 23*13*8cm\/20*12*7cm\/16*11*7cm<\/p>\n<p style=\"text-align: center\"><strong>Kolor:<\/strong> Laser<\/p>\n<p style=\"text-align: center\"><strong>OEM\/ODM:<\/strong> Zaakceptowany<\/p>\n<p><img fetchpriority=\"high\" decoding=\"async\" class=\"aligncenter wp-image-7614\" src=\"https:\/\/www.sellersunionagent.com\/wp-content\/uploads\/2022\/06\/laser-color-chic-makeup-bag-5.jpg\" alt=\"\" width=\"600\" height=\"516\" \/><\/p>\n<p><img decoding=\"async\" class=\"aligncenter wp-image-7615\" src=\"https:\/\/www.sellersunionagent.com\/wp-content\/uploads\/2022\/06\/laser-color-chic-makeup-bag-4.jpg\" alt=\"\" width=\"600\" height=\"600\" \/><img decoding=\"async\" class=\"aligncenter wp-image-7617\" src=\"https:\/\/www.sellersunionagent.com\/wp-content\/uploads\/2022\/06\/laser-color-chic-makeup-bag-2.jpg\" alt=\"Dystrybutor\" width=\"600\" height=\"600\" \/> <img loading=\"lazy\" decoding=\"async\" class=\"aligncenter wp-image-7618\" src=\"https:\/\/www.sellersunionagent.com\/wp-content\/uploads\/2022\/06\/laser-color-chic-makeup-bag-1.jpg\" alt=\"Dystrybutor\" width=\"600\" height=\"600\" \/> <img loading=\"lazy\" decoding=\"async\" class=\"aligncenter wp-image-7616\" src=\"https:\/\/www.sellersunionagent.com\/wp-content\/uploads\/2022\/06\/laser-color-chic-makeup-bag-3.jpg\" alt=\"Dystrybutor\" width=\"600\" height=\"600\" \/><\/p>","protected":false},"excerpt":{"rendered":"<p><strong>MOQ<\/strong>:  100 szt.<br \/>\n<strong>Bezp\u0142atna pr\u00f3bka<\/strong>:  Obs\u0142ugiwane<br \/>\n<strong>Personalizacja<\/strong>logo \/ kolor \/ materia\u0142y \/ opakowanie itp.<br \/>\n<strong>Zni\u017cka<\/strong>:  Pierwsze zam\u00f3wienia ju\u017c od 10% taniej.<br \/>\n<strong>Wska\u017anik terminowo\u015bci dostaw<\/strong>:\u00a0 100%<br \/>\n<strong>Przesy\u0142ki og\u00f3\u0142em<\/strong>75500 sztuk<br \/>\n<strong>Wysy\u0142ka<\/strong>: Fracht morski Fracht l\u0105dowy<\/p>","protected":false},"featured_media":7619,"comment_status":"open","ping_status":"closed","template":"","meta":{"_acf_changed":false},"product_brand":[],"product_cat":[30],"product_tag":[171,78,93,105],"class_list":{"0":"post-7613","1":"product","2":"type-product","3":"status-publish","4":"has-post-thumbnail","6":"product_cat-makeup-bag","7":"product_tag-make-up-hot","8":"product_tag-makeup-bag","9":"product_tag-storage","10":"product_tag-travel-bag","12":"first","13":"instock","14":"shipping-taxable","15":"purchasable","16":"product-type-simple","17":"swiper-slide"},"acf":[],"_links":{"self":[{"href":"https:\/\/www.sellersunionagent.com\/pl\/wp-json\/wp\/v2\/product\/7613","targetHints":{"allow":["GET"]}}],"collection":[{"href":"https:\/\/www.sellersunionagent.com\/pl\/wp-json\/wp\/v2\/product"}],"about":[{"href":"https:\/\/www.sellersunionagent.com\/pl\/wp-json\/wp\/v2\/types\/product"}],"replies":[{"embeddable":true,"href":"https:\/\/www.sellersunionagent.com\/pl\/wp-json\/wp\/v2\/comments?post=7613"}],"wp:featuredmedia":[{"embeddable":true,"href":"https:\/\/www.sellersunionagent.com\/pl\/wp-json\/wp\/v2\/media\/7619"}],"wp:attachment":[{"href":"https:\/\/www.sellersunionagent.com\/pl\/wp-json\/wp\/v2\/media?parent=7613"}],"wp:term":[{"taxonomy":"product_brand","embeddable":true,"href":"https:\/\/www.sellersunionagent.com\/pl\/wp-json\/wp\/v2\/product_brand?post=7613"},{"taxonomy":"product_cat","embeddable":true,"href":"https:\/\/www.sellersunionagent.com\/pl\/wp-json\/wp\/v2\/product_cat?post=7613"},{"taxonomy":"product_tag","embeddable":true,"href":"https:\/\/www.sellersunionagent.com\/pl\/wp-json\/wp\/v2\/product_tag?post=7613"}],"curies":[{"name":"wp","href":"https:\/\/api.w.org\/{rel}","templated":true}]}}