{"id":7605,"date":"2022-06-27T06:40:09","date_gmt":"2022-06-26T22:40:09","guid":{"rendered":"https:\/\/sellersunionagent.com\/?post_type=product&#038;p=7605"},"modified":"2022-07-08T15:01:36","modified_gmt":"2022-07-08T07:01:36","slug":"multifunctional-makeup-bag-waterproof-polyester-design-for-travel-from-chinese-supplier","status":"publish","type":"product","link":"https:\/\/www.sellersunionagent.com\/pl\/multifunctional-makeup-bag-waterproof-polyester-design-for-travel-from-chinese-supplier\/","title":{"rendered":"Wielofunkcyjna torba do makija\u017cu Wodoodporny poliester do podr\u00f3\u017cy od chi\u0144skiego dostawcy"},"content":{"rendered":"<h2>Wielofunkcyjna torba do makija\u017cu Wodoodporny poliester do podr\u00f3\u017cy od chi\u0144skiego dostawcy<\/h2>\n<p>&nbsp;<\/p>\n<p>&lt;Waterproof Fabric &amp; Durable Design&gt; This\u00a0makeup bag is made of durable, waterproof, soft touch\u00a0polyester material, which is easy to wipe down if anything spills. Comfortable &amp; Scratch-resistant hand strap design, you can take the makeup bag easily. Zippered up with smooth double metal zippers which are easy to open.<\/p>\n<p>&nbsp;<\/p>\n<p>&nbsp;<\/p>\n<p>&lt;Detachable Pouch &amp; Multiple Usage&gt; Designed with a removable zipper pouch, it can be used alone and or with the makeup bag. Used it as a cosmetic bag or toiletry bag when traveling. Also, it can be used as a storage bag which stores your daily items to keep your home\/office tidy. Perfect for work, travel, campus and daily use.<\/p>\n<p>&nbsp;<\/p>\n<p>&nbsp;<\/p>\n<p>&lt;Wonderful Gift&gt; The chic looking and the practical characteristic will be your first choice to send it as a festival gift to your girlfriend or female friends.<\/p>\n<p><img fetchpriority=\"high\" decoding=\"async\" class=\"aligncenter wp-image-7610\" src=\"https:\/\/www.sellersunionagent.com\/wp-content\/uploads\/2022\/06\/multifunctional-makeup-bag-2.jpg\" alt=\"\" width=\"600\" height=\"600\" \/><\/p>\n<p><img decoding=\"async\" class=\"aligncenter wp-image-7609\" src=\"https:\/\/www.sellersunionagent.com\/wp-content\/uploads\/2022\/06\/multifunctional-makeup-bag-3.jpg\" alt=\"\" width=\"600\" height=\"600\" \/><img decoding=\"async\" class=\"aligncenter wp-image-7608\" src=\"https:\/\/www.sellersunionagent.com\/wp-content\/uploads\/2022\/06\/multifunctional-makeup-bag-4.jpg\" alt=\"Dystrybutor\" width=\"600\" height=\"600\" \/> <img loading=\"lazy\" decoding=\"async\" class=\"aligncenter wp-image-7607\" src=\"https:\/\/www.sellersunionagent.com\/wp-content\/uploads\/2022\/06\/multifunctional-makeup-bag-5.jpg\" alt=\"Dystrybutor\" width=\"600\" height=\"600\" \/><\/p>","protected":false},"excerpt":{"rendered":"<p>Typ: Torba do makija\u017cu<\/p>\n<p>Color: Black\/Gray\/Dark Blue\/Light Blue\/ Purple\/Red<\/p>\n<p>OEM\/ODM: zaakceptowane<\/p>","protected":false},"featured_media":7611,"comment_status":"open","ping_status":"closed","template":"","meta":{"_acf_changed":false},"product_brand":[],"product_cat":[30],"product_tag":[78,93,105],"class_list":{"0":"post-7605","1":"product","2":"type-product","3":"status-publish","4":"has-post-thumbnail","6":"product_cat-makeup-bag","7":"product_tag-makeup-bag","8":"product_tag-storage","9":"product_tag-travel-bag","11":"first","12":"instock","13":"shipping-taxable","14":"product-type-simple","15":"swiper-slide"},"acf":[],"_links":{"self":[{"href":"https:\/\/www.sellersunionagent.com\/pl\/wp-json\/wp\/v2\/product\/7605","targetHints":{"allow":["GET"]}}],"collection":[{"href":"https:\/\/www.sellersunionagent.com\/pl\/wp-json\/wp\/v2\/product"}],"about":[{"href":"https:\/\/www.sellersunionagent.com\/pl\/wp-json\/wp\/v2\/types\/product"}],"replies":[{"embeddable":true,"href":"https:\/\/www.sellersunionagent.com\/pl\/wp-json\/wp\/v2\/comments?post=7605"}],"wp:featuredmedia":[{"embeddable":true,"href":"https:\/\/www.sellersunionagent.com\/pl\/wp-json\/wp\/v2\/media\/7611"}],"wp:attachment":[{"href":"https:\/\/www.sellersunionagent.com\/pl\/wp-json\/wp\/v2\/media?parent=7605"}],"wp:term":[{"taxonomy":"product_brand","embeddable":true,"href":"https:\/\/www.sellersunionagent.com\/pl\/wp-json\/wp\/v2\/product_brand?post=7605"},{"taxonomy":"product_cat","embeddable":true,"href":"https:\/\/www.sellersunionagent.com\/pl\/wp-json\/wp\/v2\/product_cat?post=7605"},{"taxonomy":"product_tag","embeddable":true,"href":"https:\/\/www.sellersunionagent.com\/pl\/wp-json\/wp\/v2\/product_tag?post=7605"}],"curies":[{"name":"wp","href":"https:\/\/api.w.org\/{rel}","templated":true}]}}