{"id":7593,"date":"2022-06-27T06:31:01","date_gmt":"2022-06-26T22:31:01","guid":{"rendered":"https:\/\/sellersunionagent.com\/?post_type=product&#038;p=7593"},"modified":"2026-01-06T14:29:42","modified_gmt":"2026-01-06T06:29:42","slug":"bulk-order-for-retailer-wholesaler-2022-waterproof-large-capacity-makeup-bags","status":"publish","type":"product","link":"https:\/\/www.sellersunionagent.com\/pl\/bulk-order-for-retailer-wholesaler-2022-waterproof-large-capacity-makeup-bags\/","title":{"rendered":"Zam\u00f3wienie zbiorcze dla detalist\u00f3w\/hurtownik\u00f3w: 2022 wodoodporne torby do makija\u017cu o du\u017cej pojemno\u015bci"},"content":{"rendered":"<h2>Zam\u00f3wienie zbiorcze dla detalist\u00f3w\/hurtownik\u00f3w: 2022 wodoodporne torby do makija\u017cu o du\u017cej pojemno\u015bci<\/h2>\n<p>&nbsp;<\/p>\n<p>&lt;Top-Quality Material&gt; This makeup bag is made of waterproof polyester with qualified mental zipper. It is very easy to clean and performed well in preventing items from getting dirty and wet.<\/p>\n<p>&nbsp;<\/p>\n<p>&nbsp;<\/p>\n<p>&lt;Dimension and Structure&gt; The size of this bag is: 22*12*20cm; The weight is 110g only. It is a one-piece makeup bag with large capacity. The perfect dimension and structure help you to storage your makeups at home or the travel.<\/p>\n<p>&nbsp;<\/p>\n<p>&nbsp;<\/p>\n<p>&lt;Perfect Gift&gt; The chic looking and the practical characteristic will be your first choice to send it as a festival gift to your girlfriend or female friends.<\/p>\n<p>&nbsp;<\/p>\n<p style=\"text-align: center\"><strong>Typ:<\/strong> Torebka do makija\u017cu<\/p>\n<p style=\"text-align: center\"><strong>Pozycja nr:<\/strong> RH529<\/p>\n<p style=\"text-align: center\"><strong>Rozmiar:<\/strong> 22*12*20cm<\/p>\n<p style=\"text-align: center\"><strong>Kolor:<\/strong> Black\/Gray\/Dark Blue\/Light Blue\/ Purple\/Red<\/p>\n<p style=\"text-align: center\"><strong>OEM\/ODM:<\/strong> Zaakceptowany<\/p>\n<p><img fetchpriority=\"high\" decoding=\"async\" class=\"aligncenter wp-image-7604\" src=\"https:\/\/www.sellersunionagent.com\/wp-content\/uploads\/2022\/06\/2022-waterproof-large-capacity-makeup-bags.jpg\" alt=\"\" width=\"600\" height=\"600\" \/><\/p>\n<p><img decoding=\"async\" class=\"aligncenter wp-image-7598\" src=\"https:\/\/www.sellersunionagent.com\/wp-content\/uploads\/2022\/06\/2022-waterproof-large-capacity-makeup-bags-6.jpg\" alt=\"\" width=\"600\" height=\"400\" \/><\/p>\n<p><img decoding=\"async\" class=\"aligncenter wp-image-7596\" src=\"https:\/\/www.sellersunionagent.com\/wp-content\/uploads\/2022\/06\/2022-waterproof-large-capacity-makeup-bags-8.jpg\" alt=\"\" width=\"600\" height=\"600\" \/><img loading=\"lazy\" decoding=\"async\" class=\"aligncenter wp-image-9223\" src=\"https:\/\/www.sellersunionagent.com\/wp-content\/uploads\/2022\/06\/\u6b63\u65b9\u5f62-3-2.jpg\" alt=\"\" width=\"600\" height=\"600\" \/> <img loading=\"lazy\" decoding=\"async\" class=\"aligncenter wp-image-9225\" src=\"https:\/\/www.sellersunionagent.com\/wp-content\/uploads\/2022\/06\/\u6b63\u65b9\u5f62-1-2.jpg\" alt=\"\" width=\"600\" height=\"600\" \/> <img loading=\"lazy\" decoding=\"async\" class=\"aligncenter wp-image-9226\" src=\"https:\/\/www.sellersunionagent.com\/wp-content\/uploads\/2022\/06\/\u6b63\u65b9\u5f62-2-2.jpg\" alt=\"\" width=\"600\" height=\"600\" \/><\/p>","protected":false},"excerpt":{"rendered":"<p><strong>MOQ<\/strong>:  100 szt.<br \/>\n<strong>Bezp\u0142atna pr\u00f3bka<\/strong>:  Obs\u0142ugiwane<br \/>\n<strong>Personalizacja<\/strong>logo \/ kolor \/ materia\u0142y \/ opakowanie itp.<br \/>\n<strong>Zni\u017cka<\/strong>:  Pierwsze zam\u00f3wienia ju\u017c od 10% taniej.<br \/>\n<strong>Wska\u017anik terminowo\u015bci dostaw<\/strong>:\u00a0 100%<br \/>\n<strong>Przesy\u0142ki og\u00f3\u0142em<\/strong>75500 sztuk<br \/>\n<strong>Wysy\u0142ka<\/strong>: Fracht morski Fracht l\u0105dowy<\/p>","protected":false},"featured_media":9600,"comment_status":"open","ping_status":"closed","template":"","meta":{"_acf_changed":false},"product_brand":[],"product_cat":[30],"product_tag":[171,78,94,105],"class_list":{"0":"post-7593","1":"product","2":"type-product","3":"status-publish","4":"has-post-thumbnail","6":"product_cat-makeup-bag","7":"product_tag-make-up-hot","8":"product_tag-makeup-bag","9":"product_tag-organizer","10":"product_tag-travel-bag","12":"first","13":"instock","14":"shipping-taxable","15":"purchasable","16":"product-type-simple","17":"swiper-slide"},"acf":[],"_links":{"self":[{"href":"https:\/\/www.sellersunionagent.com\/pl\/wp-json\/wp\/v2\/product\/7593","targetHints":{"allow":["GET"]}}],"collection":[{"href":"https:\/\/www.sellersunionagent.com\/pl\/wp-json\/wp\/v2\/product"}],"about":[{"href":"https:\/\/www.sellersunionagent.com\/pl\/wp-json\/wp\/v2\/types\/product"}],"replies":[{"embeddable":true,"href":"https:\/\/www.sellersunionagent.com\/pl\/wp-json\/wp\/v2\/comments?post=7593"}],"wp:featuredmedia":[{"embeddable":true,"href":"https:\/\/www.sellersunionagent.com\/pl\/wp-json\/wp\/v2\/media\/9600"}],"wp:attachment":[{"href":"https:\/\/www.sellersunionagent.com\/pl\/wp-json\/wp\/v2\/media?parent=7593"}],"wp:term":[{"taxonomy":"product_brand","embeddable":true,"href":"https:\/\/www.sellersunionagent.com\/pl\/wp-json\/wp\/v2\/product_brand?post=7593"},{"taxonomy":"product_cat","embeddable":true,"href":"https:\/\/www.sellersunionagent.com\/pl\/wp-json\/wp\/v2\/product_cat?post=7593"},{"taxonomy":"product_tag","embeddable":true,"href":"https:\/\/www.sellersunionagent.com\/pl\/wp-json\/wp\/v2\/product_tag?post=7593"}],"curies":[{"name":"wp","href":"https:\/\/api.w.org\/{rel}","templated":true}]}}