{"id":7583,"date":"2022-06-27T06:19:04","date_gmt":"2022-06-26T22:19:04","guid":{"rendered":"https:\/\/sellersunionagent.com\/?post_type=product&#038;p=7583"},"modified":"2022-07-11T14:02:00","modified_gmt":"2022-07-11T06:02:00","slug":"makeup-bags-in-bulk-from-china-factory-with-latest-fashion-design","status":"publish","type":"product","link":"https:\/\/www.sellersunionagent.com\/pl\/makeup-bags-in-bulk-from-china-factory-with-latest-fashion-design\/","title":{"rendered":"Torby do makija\u017cu luzem z chi\u0144skiej fabryki z najnowszym modnym designem"},"content":{"rendered":"<h2>Torby do makija\u017cu luzem z chi\u0144skiej fabryki z najnowszym modnym designem<\/h2>\n<p>&nbsp;<\/p>\n<p>&nbsp;<\/p>\n<p>Ta kosmetyczka jest wykonana z wysokiej jako\u015bci poliestru i jest wodoodporna. Posiada \u0142atwy w obs\u0142udze zamek b\u0142yskawiczny. Solidny uchwyt sprawia, \u017ce torba nadaje si\u0119 zar\u00f3wno do podr\u00f3\u017cy, jak i do przechowywania w domu. Rozmiar tej torby wynosi 24 * 10 * 20 cm.<\/p>\n<p>&nbsp;<\/p>\n<p>&nbsp;<\/p>\n<p>To idealny prezent dla kobiet i dziewcz\u0105t lub dla siebie. Wygl\u0105da szykownie i mo\u017cna go r\u00f3wnie\u017c u\u017cywa\u0107 jako torby na produkty cyfrowe. Jest to torba wielofunkcyjna.<\/p>\n<p>&nbsp;<\/p>\n<p>&nbsp;<\/p>\n<p>Ta torba jest dost\u0119pna w czterech kolorach: czerwonym, pomara\u0144czowym, szarym i niebieskim. Dzi\u0119ki du\u017cej pojemno\u015bci mo\u017cna w niej dobrze zapakowa\u0107 wszystkie produkty do makija\u017cu.<\/p>\n<p>&nbsp;<\/p>\n<p><img fetchpriority=\"high\" decoding=\"async\" class=\"aligncenter wp-image-7588\" src=\"https:\/\/www.sellersunionagent.com\/wp-content\/uploads\/2022\/06\/makeup-bags-in-bulk-4.jpg\" alt=\"\" width=\"600\" height=\"600\" \/><\/p>\n<p><img decoding=\"async\" class=\"aligncenter wp-image-7591\" src=\"https:\/\/www.sellersunionagent.com\/wp-content\/uploads\/2022\/06\/makeup-bags-in-bulk-1.jpg\" alt=\"\" width=\"600\" height=\"600\" \/><img decoding=\"async\" class=\"aligncenter wp-image-9060\" src=\"https:\/\/www.sellersunionagent.com\/wp-content\/uploads\/2022\/06\/SKU-01-\u9152\u7ea2\u8272-5.jpg\" alt=\"Produkcja w Chinach\" width=\"600\" height=\"600\" \/> <img loading=\"lazy\" decoding=\"async\" class=\"aligncenter wp-image-9061\" src=\"https:\/\/www.sellersunionagent.com\/wp-content\/uploads\/2022\/06\/\u4e3b\u56fe-01-21.jpg\" alt=\"Produkcja w Chinach\" width=\"600\" height=\"600\" \/><\/p>","protected":false},"excerpt":{"rendered":"<p>Typ: Torba do makija\u017cu<\/p>\n<p>Size: 24*10*20cm<\/p>\n<p>Color: Red\/Orange\/Gray\/Blue<\/p>\n<p>OEM\/ODM: zaakceptowane<\/p>","protected":false},"featured_media":7592,"comment_status":"open","ping_status":"closed","template":"","meta":{"_acf_changed":false},"product_brand":[],"product_cat":[30],"product_tag":[78,94,105],"class_list":{"0":"post-7583","1":"product","2":"type-product","3":"status-publish","4":"has-post-thumbnail","6":"product_cat-makeup-bag","7":"product_tag-makeup-bag","8":"product_tag-organizer","9":"product_tag-travel-bag","11":"first","12":"instock","13":"shipping-taxable","14":"product-type-simple","15":"swiper-slide"},"acf":[],"_links":{"self":[{"href":"https:\/\/www.sellersunionagent.com\/pl\/wp-json\/wp\/v2\/product\/7583","targetHints":{"allow":["GET"]}}],"collection":[{"href":"https:\/\/www.sellersunionagent.com\/pl\/wp-json\/wp\/v2\/product"}],"about":[{"href":"https:\/\/www.sellersunionagent.com\/pl\/wp-json\/wp\/v2\/types\/product"}],"replies":[{"embeddable":true,"href":"https:\/\/www.sellersunionagent.com\/pl\/wp-json\/wp\/v2\/comments?post=7583"}],"wp:featuredmedia":[{"embeddable":true,"href":"https:\/\/www.sellersunionagent.com\/pl\/wp-json\/wp\/v2\/media\/7592"}],"wp:attachment":[{"href":"https:\/\/www.sellersunionagent.com\/pl\/wp-json\/wp\/v2\/media?parent=7583"}],"wp:term":[{"taxonomy":"product_brand","embeddable":true,"href":"https:\/\/www.sellersunionagent.com\/pl\/wp-json\/wp\/v2\/product_brand?post=7583"},{"taxonomy":"product_cat","embeddable":true,"href":"https:\/\/www.sellersunionagent.com\/pl\/wp-json\/wp\/v2\/product_cat?post=7583"},{"taxonomy":"product_tag","embeddable":true,"href":"https:\/\/www.sellersunionagent.com\/pl\/wp-json\/wp\/v2\/product_tag?post=7583"}],"curies":[{"name":"wp","href":"https:\/\/api.w.org\/{rel}","templated":true}]}}