{"id":7574,"date":"2022-06-27T08:05:09","date_gmt":"2022-06-27T00:05:09","guid":{"rendered":"https:\/\/sellersunionagent.com\/?post_type=product&#038;p=7574"},"modified":"2022-08-31T14:19:52","modified_gmt":"2022-08-31T06:19:52","slug":"skladana-torba-podrozna-z-tkaniny-o-duzej-pojemnosci","status":"publish","type":"product","link":"https:\/\/www.sellersunionagent.com\/pl\/foldable-large-capacity-cloth-storage-travel-duffel-bag\/","title":{"rendered":"Sk\u0142adana torba podr\u00f3\u017cna o du\u017cej pojemno\u015bci"},"content":{"rendered":"<h2>Sk\u0142adana torba podr\u00f3\u017cna o du\u017cej pojemno\u015bci<\/h2>\n<p><strong>Typ<\/strong>: Torba podr\u00f3\u017cna<\/p>\n<p><strong>Rozmiar elementu<\/strong>: S:50*35*20cm\/M:60*40*24cm\/L:60*50*28cm<\/p>\n<p>&nbsp;<\/p>\n<p>&nbsp;<\/p>\n<p>Idealna torba podr\u00f3\u017cna\u3011: Cieszymy si\u0119, \u017ce mo\u017cemy podzieli\u0107 si\u0119 z Tob\u0105 torb\u0105 podr\u00f3\u017cn\u0105 Sucipi. Ta torba podr\u00f3\u017cna zosta\u0142a starannie zaprojektowana z g\u0142\u00f3wn\u0105 komor\u0105 o du\u017cej pojemno\u015bci, 2 wewn\u0119trznymi kieszeniami na suwak oraz 3 wsuwanymi kieszeniami, aby pomie\u015bci\u0107 wszystkie niezb\u0119dne rzeczy na weekendow\u0105 wycieczk\u0119, jednocze\u015bnie starannie przechowuj\u0105c ubrania, buty, Tumblery i urz\u0105dzenia elektroniczne. Przywitaj si\u0119 z Sucipi, idealn\u0105 torb\u0105 na weekendowy wypad.<br \/>\n\u3010 Dobre wykonanie i 3 sposoby przenoszenia\u3011: Wykonana z lekkiego materia\u0142u z wodoodpornym i mi\u0119kkim p\u0142\u00f3tnem, ta torba w stylu weekendu ma du\u017c\u0105 wytrzyma\u0142o\u015b\u0107 i wygodne uczucie d\u0142oni. Mo\u017cna j\u0105 \u0142atwo nosi\u0107 za g\u00f3rne uchwyty, przewiesi\u0107 przez rami\u0119 za pomoc\u0105 odpinanego wy\u015bcie\u0142anego paska lub skrzy\u017cowa\u0107 na ciele.<br \/>\n\u3010Wielofunkcyjno\u015b\u0107 i doskona\u0142a obs\u0142uga\u3011: Modna czeska torba na rami\u0119 mo\u017ce by\u0107 s\u0142odkim pomys\u0142em na prezent dla \u017cony, m\u0119\u017cczyzn, kobiet. Mo\u017ce by\u0107 r\u00f3wnie\u017c u\u017cywana na rodzinne wakacje, weekendowe wycieczki, nocleg, wycieczki, biznes, podr\u00f3\u017ce, sport, samolot, torb\u0119 szpitaln\u0105 dla mamy.<\/p>\n<p><img fetchpriority=\"high\" decoding=\"async\" class=\"aligncenter wp-image-7634 size-full\" src=\"https:\/\/www.sellersunionagent.com\/wp-content\/uploads\/2022\/06\/foldable-large-capacity-cloth-storage-travel-duffel-bag-4.jpg\" alt=\"torba marynarska\" width=\"800\" height=\"800\" \/><img decoding=\"async\" class=\"aligncenter wp-image-7629 size-full\" src=\"https:\/\/www.sellersunionagent.com\/wp-content\/uploads\/2022\/06\/foldable-large-capacity-cloth-storage-travel-duffel-bag-9.jpg\" alt=\"torba marynarska\" width=\"800\" height=\"800\" \/><img decoding=\"async\" class=\"aligncenter wp-image-7630 size-full\" src=\"https:\/\/www.sellersunionagent.com\/wp-content\/uploads\/2022\/06\/foldable-large-capacity-cloth-storage-travel-duffel-bag-8.jpg\" alt=\"torba marynarska\" width=\"800\" height=\"800\" \/><img loading=\"lazy\" decoding=\"async\" class=\"aligncenter wp-image-7631 size-full\" src=\"https:\/\/www.sellersunionagent.com\/wp-content\/uploads\/2022\/06\/foldable-large-capacity-cloth-storage-travel-duffel-bag-7.jpg\" alt=\"torba marynarska\" width=\"800\" height=\"800\" \/><img loading=\"lazy\" decoding=\"async\" class=\"aligncenter wp-image-7632 size-full\" src=\"https:\/\/www.sellersunionagent.com\/wp-content\/uploads\/2022\/06\/foldable-large-capacity-cloth-storage-travel-duffel-bag-6.jpg\" alt=\"torba marynarska\" width=\"800\" height=\"800\" \/><img loading=\"lazy\" decoding=\"async\" class=\"aligncenter wp-image-7633 size-full\" src=\"https:\/\/www.sellersunionagent.com\/wp-content\/uploads\/2022\/06\/foldable-large-capacity-cloth-storage-travel-duffel-bag-5.jpg\" alt=\"torba marynarska\" width=\"800\" height=\"800\" \/><img loading=\"lazy\" decoding=\"async\" class=\"aligncenter wp-image-7638\" src=\"https:\/\/www.sellersunionagent.com\/wp-content\/uploads\/2022\/06\/foldable-large-capacity-cloth-storage-travel-duffel-bag.jpg\" alt=\"torba marynarska\" width=\"790\" height=\"990\" \/><\/p>","protected":false},"excerpt":{"rendered":"<p><strong>MOQ: <\/strong>50 (elastyczny)<br \/>\n<strong>Bezp\u0142atna pr\u00f3bka:<\/strong> Obs\u0142ugiwane<br \/>\n<strong>Personalizacja:<\/strong> logo \/ kolor \/ materia\u0142y \/ opakowanie itp.<br \/>\n<strong>Zni\u017cka:<\/strong> Pierwsze zam\u00f3wienia ju\u017c od 10% taniej.<br \/>\n<strong>Terminowo\u015b\u0107 dostaw:<\/strong> 100%<br \/>\n<strong>\u0141\u0105czna liczba przesy\u0142ek:<\/strong> 100000 SZTUK<br \/>\n<strong>Wysy\u0142ka:<\/strong> Wsparcie dla transportu ekspresowego - fracht morski - fracht l\u0105dowy<\/p>\n<p>&nbsp;<\/p>\n<p>&nbsp;<\/p>\n<p>Jako gor\u0105cy dostawca toreb marynarskich w Chinach, mamy ponad 20-letnie do\u015bwiadczenie, jeste\u015bmy zobowi\u0105zani do dostarczania wysokiej jako\u015bci produkt\u00f3w do przechowywania w konkurencyjnych cenach. Eksportujemy modne, wysokiej jako\u015bci towary w dobrej cenie, wspieramy dostosowywanie OEM i ODM oraz zapewniamy profesjonaln\u0105 kompleksow\u0105 obs\u0142ug\u0119.<\/p>","protected":false},"featured_media":7637,"comment_status":"open","ping_status":"closed","template":"","meta":{"_acf_changed":false},"product_brand":[],"product_cat":[31,186],"product_tag":[106,174,48],"class_list":{"0":"post-7574","1":"product","2":"type-product","3":"status-publish","4":"has-post-thumbnail","6":"product_cat-home-storage","7":"product_cat-living-room","8":"product_tag-duffel-bag","9":"product_tag-home-storage-hot","10":"product_tag-large-capacity","12":"first","13":"instock","14":"shipping-taxable","15":"product-type-simple","16":"swiper-slide"},"acf":[],"_links":{"self":[{"href":"https:\/\/www.sellersunionagent.com\/pl\/wp-json\/wp\/v2\/product\/7574","targetHints":{"allow":["GET"]}}],"collection":[{"href":"https:\/\/www.sellersunionagent.com\/pl\/wp-json\/wp\/v2\/product"}],"about":[{"href":"https:\/\/www.sellersunionagent.com\/pl\/wp-json\/wp\/v2\/types\/product"}],"replies":[{"embeddable":true,"href":"https:\/\/www.sellersunionagent.com\/pl\/wp-json\/wp\/v2\/comments?post=7574"}],"wp:featuredmedia":[{"embeddable":true,"href":"https:\/\/www.sellersunionagent.com\/pl\/wp-json\/wp\/v2\/media\/7637"}],"wp:attachment":[{"href":"https:\/\/www.sellersunionagent.com\/pl\/wp-json\/wp\/v2\/media?parent=7574"}],"wp:term":[{"taxonomy":"product_brand","embeddable":true,"href":"https:\/\/www.sellersunionagent.com\/pl\/wp-json\/wp\/v2\/product_brand?post=7574"},{"taxonomy":"product_cat","embeddable":true,"href":"https:\/\/www.sellersunionagent.com\/pl\/wp-json\/wp\/v2\/product_cat?post=7574"},{"taxonomy":"product_tag","embeddable":true,"href":"https:\/\/www.sellersunionagent.com\/pl\/wp-json\/wp\/v2\/product_tag?post=7574"}],"curies":[{"name":"wp","href":"https:\/\/api.w.org\/{rel}","templated":true}]}}