{"id":7557,"date":"2022-06-27T02:18:02","date_gmt":"2022-06-26T18:18:02","guid":{"rendered":"https:\/\/sellersunionagent.com\/?post_type=product&#038;p=7557"},"modified":"2022-08-31T14:20:51","modified_gmt":"2022-08-31T06:20:51","slug":"wielofunkcyjna-wiszaca-torba-do-przechowywania-polek-w-szafie-eksporter","status":"publish","type":"product","link":"https:\/\/www.sellersunionagent.com\/pl\/multipurpose-hanging-closet-shelf-storage-bag-exporter\/","title":{"rendered":"Wielofunkcyjna wisz\u0105ca torba do przechowywania p\u00f3\u0142ek w szafie Eksporter"},"content":{"rendered":"<h2><strong>Wielofunkcyjna wisz\u0105ca torba do przechowywania p\u00f3\u0142ek w szafie Eksporter<\/strong><\/h2>\n<p>Du\u017ca oszcz\u0119dno\u015b\u0107 miejsca: P\u00f3\u0142ki do przechowywania mo\u017cna zawiesi\u0107 w kuchni, biurze, a tak\u017ce zawiesi\u0107 na szafie lub wieszaku na ubrania. Nie tylko sprawiaj\u0105, \u017ce pomieszczenie wygl\u0105da schludnie, ale tak\u017ce tworz\u0105 dodatkow\u0105 przestrze\u0144 do przechowywania r\u00f3\u017cnych drobiazg\u00f3w domowych, s\u0105 \u0142atwe w u\u017cyciu i oszcz\u0119dzaj\u0105 miejsce.<\/p>\n<p>&nbsp;<\/p>\n<p>Znakomity wygl\u0105d: Nasz wisz\u0105cy organizer wygl\u0105da stylowo, charakteryzuje si\u0119 prostym wygl\u0105dem i jasnym kolorem, nie tylko jako organizer domowy, ale tak\u017ce jako dekoracja domu.<\/p>\n<p>&nbsp;<\/p>\n<p>Stylowa organizacja: Zaprojektowany z 3 kieszeniami do przechowywania r\u00f3\u017cnych lekkich rzeczy, takich jak telefon kom\u00f3rkowy, piloty, okulary, bi\u017cuteria, sztyft do ust, skarpetki, \u0142adowarki, poczta, rachunki, klucze i inne ma\u0142e przedmioty, kt\u00f3re zawsze gubi\u0142y si\u0119 w pobli\u017cu.<\/p>\n<p>&nbsp;<\/p>\n<p>&nbsp;<\/p>\n<p>Zawarto\u015b\u0107 opakowania: 3 lub 7 Pack Wall Closet Hanging Organizer, 3Pcs hooks. Sortowanie i porz\u0105dkowanie ma\u0142ych przedmiot\u00f3w, tworzenie czystego i uporz\u0105dkowanego pokoju oraz dodawanie kolor\u00f3w do codziennego \u017cycia.<\/p>\n<p><img fetchpriority=\"high\" decoding=\"async\" class=\"alignnone size-medium wp-image-7560\" src=\"https:\/\/www.sellersunionagent.com\/wp-content\/uploads\/2022\/06\/multipurpose-hanging-closet-shelf-storage-bag-exporter13-300x300.jpg\" alt=\"eksporter toreb do przechowywania\" width=\"300\" height=\"300\" \/> <img decoding=\"async\" class=\"alignnone size-medium wp-image-7561\" src=\"https:\/\/www.sellersunionagent.com\/wp-content\/uploads\/2022\/06\/multipurpose-hanging-closet-shelf-storage-bag-exporter-12-300x300.jpg\" alt=\"eksporter toreb do przechowywania\" width=\"300\" height=\"300\" \/> <img decoding=\"async\" class=\"size-medium wp-image-7562 alignnone\" src=\"https:\/\/www.sellersunionagent.com\/wp-content\/uploads\/2022\/06\/multipurpose-hanging-closet-shelf-storage-bag-exporter-11-300x300.jpg\" alt=\"eksporter toreb do przechowywania\" width=\"300\" height=\"300\" \/> <img loading=\"lazy\" decoding=\"async\" class=\"alignnone size-medium wp-image-7563\" src=\"https:\/\/www.sellersunionagent.com\/wp-content\/uploads\/2022\/06\/multipurpose-hanging-closet-shelf-storage-bag-exporter-10-300x300.jpg\" alt=\"eksporter toreb do przechowywania\" width=\"300\" height=\"300\" \/> <img loading=\"lazy\" decoding=\"async\" class=\"alignnone size-medium wp-image-7564\" src=\"https:\/\/www.sellersunionagent.com\/wp-content\/uploads\/2022\/06\/multipurpose-hanging-closet-shelf-storage-bag-exporter-9-300x300.jpg\" alt=\"eksporter toreb do przechowywania\" width=\"300\" height=\"300\" \/> <img loading=\"lazy\" decoding=\"async\" class=\"alignnone size-medium wp-image-7565\" src=\"https:\/\/www.sellersunionagent.com\/wp-content\/uploads\/2022\/06\/multipurpose-hanging-closet-shelf-storage-bag-exporter-8-300x300.jpg\" alt=\"eksporter toreb do przechowywania\" width=\"300\" height=\"300\" \/> <img loading=\"lazy\" decoding=\"async\" class=\"alignnone size-medium wp-image-7566\" src=\"https:\/\/www.sellersunionagent.com\/wp-content\/uploads\/2022\/06\/multipurpose-hanging-closet-shelf-storage-bag-exporter-7-300x300.jpg\" alt=\"eksporter toreb do przechowywania\" width=\"300\" height=\"300\" \/> <img loading=\"lazy\" decoding=\"async\" class=\"alignnone size-medium wp-image-7567\" src=\"https:\/\/www.sellersunionagent.com\/wp-content\/uploads\/2022\/06\/591656266803_.pic_-300x300.jpg\" alt=\"eksporter toreb do przechowywania\" width=\"300\" height=\"300\" \/> <img loading=\"lazy\" decoding=\"async\" class=\"aligncenter wp-image-7570 size-full\" src=\"https:\/\/www.sellersunionagent.com\/wp-content\/uploads\/2022\/06\/multipurpose-hanging-closet-shelf-storage-bag-exporter-3.jpg\" alt=\"eksporter toreb do przechowywania\" width=\"750\" height=\"841\" \/> <img loading=\"lazy\" decoding=\"async\" class=\"aligncenter wp-image-7569 size-full\" src=\"https:\/\/www.sellersunionagent.com\/wp-content\/uploads\/2022\/06\/multipurpose-hanging-closet-shelf-storage-bag-exporter-4.jpg\" alt=\"eksporter toreb do przechowywania\" width=\"750\" height=\"727\" \/> <img loading=\"lazy\" decoding=\"async\" class=\"aligncenter wp-image-7568 size-full\" src=\"https:\/\/www.sellersunionagent.com\/wp-content\/uploads\/2022\/06\/multipurpose-hanging-closet-shelf-storage-bag-exporter-5.jpg\" alt=\"eksporter toreb do przechowywania\" width=\"800\" height=\"800\" \/> <img loading=\"lazy\" decoding=\"async\" class=\"aligncenter wp-image-7571 size-full\" src=\"https:\/\/www.sellersunionagent.com\/wp-content\/uploads\/2022\/06\/multipurpose-hanging-closet-shelf-storage-bag-exporter-2.jpg\" alt=\"eksporter toreb do przechowywania\" width=\"750\" height=\"762\" \/><\/p>","protected":false},"excerpt":{"rendered":"<p><strong>Typ<\/strong>: Torba do przechowywania<\/p>\n<p><strong>Rozmiar elementu<\/strong>: 34*54cm<\/p>\n<p><strong>Waga przedmiotu<\/strong>: 120g<br \/>\n<strong>Zdolno\u015b\u0107 dostawcza<\/strong>: 50000 sztuk na miesi\u0105c<br \/>\n<strong>MOQ<\/strong>: 50szt.<\/p>\n<p>Jako eksporter toreb do przechowywania w Chinach, mamy ponad 20-letnie do\u015bwiadczenie, jeste\u015bmy zobowi\u0105zani do dostarczania wysokiej jako\u015bci produkt\u00f3w do przechowywania w konkurencyjnych cenach. Eksportujemy modne, wysokiej jako\u015bci towary w dobrej cenie, wspieramy dostosowywanie OEM i ODM oraz zapewniamy profesjonaln\u0105 kompleksow\u0105 obs\u0142ug\u0119.<\/p>","protected":false},"featured_media":7558,"comment_status":"open","ping_status":"closed","template":"","meta":{"_acf_changed":false},"product_brand":[],"product_cat":[31,186],"product_tag":[],"class_list":{"0":"post-7557","1":"product","2":"type-product","3":"status-publish","4":"has-post-thumbnail","6":"product_cat-home-storage","7":"product_cat-living-room","9":"first","10":"instock","11":"shipping-taxable","12":"product-type-simple","13":"swiper-slide"},"acf":[],"_links":{"self":[{"href":"https:\/\/www.sellersunionagent.com\/pl\/wp-json\/wp\/v2\/product\/7557","targetHints":{"allow":["GET"]}}],"collection":[{"href":"https:\/\/www.sellersunionagent.com\/pl\/wp-json\/wp\/v2\/product"}],"about":[{"href":"https:\/\/www.sellersunionagent.com\/pl\/wp-json\/wp\/v2\/types\/product"}],"replies":[{"embeddable":true,"href":"https:\/\/www.sellersunionagent.com\/pl\/wp-json\/wp\/v2\/comments?post=7557"}],"wp:featuredmedia":[{"embeddable":true,"href":"https:\/\/www.sellersunionagent.com\/pl\/wp-json\/wp\/v2\/media\/7558"}],"wp:attachment":[{"href":"https:\/\/www.sellersunionagent.com\/pl\/wp-json\/wp\/v2\/media?parent=7557"}],"wp:term":[{"taxonomy":"product_brand","embeddable":true,"href":"https:\/\/www.sellersunionagent.com\/pl\/wp-json\/wp\/v2\/product_brand?post=7557"},{"taxonomy":"product_cat","embeddable":true,"href":"https:\/\/www.sellersunionagent.com\/pl\/wp-json\/wp\/v2\/product_cat?post=7557"},{"taxonomy":"product_tag","embeddable":true,"href":"https:\/\/www.sellersunionagent.com\/pl\/wp-json\/wp\/v2\/product_tag?post=7557"}],"curies":[{"name":"wp","href":"https:\/\/api.w.org\/{rel}","templated":true}]}}