{"id":7527,"date":"2022-06-27T01:25:00","date_gmt":"2022-06-26T17:25:00","guid":{"rendered":"https:\/\/sellersunionagent.com\/?post_type=product&#038;p=7527"},"modified":"2022-08-31T14:21:15","modified_gmt":"2022-08-31T06:21:15","slug":"4-in-1-waterproof-travel-organizer-bag-set","status":"publish","type":"product","link":"https:\/\/www.sellersunionagent.com\/pl\/4-in-1-waterproof-travel-organizer-bag-set\/","title":{"rendered":"Zestaw wodoodpornych toreb podr\u00f3\u017cnych 4 w 1"},"content":{"rendered":"<h2>Zestaw wodoodpornych toreb podr\u00f3\u017cnych 4 w 1<\/h2>\n<p><strong>Typ<\/strong>: Travel Organizer Bag Set<\/p>\n<p><strong>Rozmiar elementu<\/strong>: 38*38*2c m<\/p>\n<dl class=\"do-entry-item\">\n<dd class=\"do-entry-item-val\" data-spm-anchor-id=\"a2700.wholesale.0.i27.17953674s07IjM\"><\/dd>\n<\/dl>\n<p><strong>Kolory<\/strong>: Grey, pink, navy, green, black<\/p>\n<p><strong>Materia\u0142: <\/strong>Poliester<\/p>\n<p>&nbsp;<\/p>\n<p><strong>MOQ: <\/strong>500 (elastyczny)<br \/>\n<strong>Bezp\u0142atna pr\u00f3bka:<\/strong> Obs\u0142ugiwane<br \/>\n<strong>Personalizacja:<\/strong> logo \/ kolor \/ materia\u0142y \/ opakowanie itp.<br \/>\n<strong>Zni\u017cka:<\/strong> Pierwsze zam\u00f3wienia ju\u017c od 10% taniej.<br \/>\n<strong>Terminowo\u015b\u0107 dostaw:<\/strong> 100%<br \/>\n<strong>\u0141\u0105czna liczba przesy\u0142ek:<\/strong> 100000 SZTUK<br \/>\n<strong>Wysy\u0142ka:<\/strong> Wsparcie dla transportu ekspresowego - fracht morski - fracht l\u0105dowy<\/p>\n<ul>\n<li>Wodoodporny<\/li>\n<li>Du\u017ca pojemno\u015b\u0107<\/li>\n<li>Clear PVC<\/li>\n<li>\u0141atwy do przenoszenia<\/li>\n<li>Fashion colors<\/li>\n<li><img fetchpriority=\"high\" decoding=\"async\" class=\"aligncenter wp-image-7539 size-full\" src=\"https:\/\/www.sellersunionagent.com\/wp-content\/uploads\/2022\/06\/waterproof-travel-organizer-bag-set-8.jpg\" alt=\"Zestaw toreb 4 w 1\" width=\"779\" height=\"890\" \/><img decoding=\"async\" class=\"aligncenter wp-image-7540 size-full\" src=\"https:\/\/www.sellersunionagent.com\/wp-content\/uploads\/2022\/06\/waterproof-travel-organizer-bag-set-7.jpg\" alt=\"Zestaw toreb 4 w 1\" width=\"790\" height=\"960\" \/><img decoding=\"async\" class=\"aligncenter wp-image-7541 size-full\" src=\"https:\/\/www.sellersunionagent.com\/wp-content\/uploads\/2022\/06\/waterproof-travel-organizer-bag-set-6.jpg\" alt=\"Zestaw toreb 4 w 1\" width=\"789\" height=\"872\" \/><img loading=\"lazy\" decoding=\"async\" class=\"aligncenter wp-image-7542 size-full\" src=\"https:\/\/www.sellersunionagent.com\/wp-content\/uploads\/2022\/06\/waterproof-travel-organizer-bag-set-5.jpg\" alt=\"Zestaw toreb 4 w 1\" width=\"786\" height=\"866\" \/><img loading=\"lazy\" decoding=\"async\" class=\"aligncenter wp-image-7543 size-full\" src=\"https:\/\/www.sellersunionagent.com\/wp-content\/uploads\/2022\/06\/waterproof-travel-organizer-bag-set-4.jpg\" alt=\"Zestaw toreb 4 w 1\" width=\"786\" height=\"866\" \/><img loading=\"lazy\" decoding=\"async\" class=\"aligncenter wp-image-7544 size-full\" src=\"https:\/\/www.sellersunionagent.com\/wp-content\/uploads\/2022\/06\/waterproof-travel-organizer-bag-set-3.jpg\" alt=\"Zestaw toreb 4 w 1\" width=\"789\" height=\"1257\" \/><img loading=\"lazy\" decoding=\"async\" class=\"aligncenter wp-image-7545 size-full\" src=\"https:\/\/www.sellersunionagent.com\/wp-content\/uploads\/2022\/06\/waterproof-travel-organizer-bag-set-2.jpg\" alt=\"Zestaw toreb 4 w 1\" width=\"791\" height=\"945\" \/><img loading=\"lazy\" decoding=\"async\" class=\"aligncenter wp-image-7546 size-full\" src=\"https:\/\/www.sellersunionagent.com\/wp-content\/uploads\/2022\/06\/waterproof-travel-organizer-bag-set-1.jpg\" alt=\"Zestaw toreb 4 w 1\" width=\"791\" height=\"867\" \/><img loading=\"lazy\" decoding=\"async\" class=\"aligncenter wp-image-7547 size-full\" src=\"https:\/\/www.sellersunionagent.com\/wp-content\/uploads\/2022\/06\/waterproof-travel-organizer-bag-set.jpg\" alt=\"Zestaw toreb 4 w 1\" width=\"789\" height=\"704\" \/><\/li>\n<\/ul>\n<p>&nbsp;<\/p>","protected":false},"excerpt":{"rendered":"<p><strong>MOQ: <\/strong>100 (elastyczny)<br \/>\n<strong>Bezp\u0142atna pr\u00f3bka:<\/strong> Obs\u0142ugiwane<br \/>\n<strong>Personalizacja:<\/strong> logo \/ kolor \/ materia\u0142y \/ opakowanie itp.<br \/>\n<strong>Zni\u017cka:<\/strong> Pierwsze zam\u00f3wienia ju\u017c od 10% taniej.<br \/>\n<strong>Terminowo\u015b\u0107 dostaw:<\/strong> 100%<br \/>\n<strong>\u0141\u0105czna liczba przesy\u0142ek:<\/strong> 100000 SZTUK<br \/>\n<strong>Wysy\u0142ka:<\/strong> Wsparcie dla transportu ekspresowego - fracht morski - fracht l\u0105dowy<\/p>\n<p>&nbsp;<\/p>","protected":false},"featured_media":7528,"comment_status":"open","ping_status":"closed","template":"","meta":{"_acf_changed":false},"product_brand":[],"product_cat":[187,31],"product_tag":[102,100],"class_list":{"0":"post-7527","1":"product","2":"type-product","3":"status-publish","4":"has-post-thumbnail","6":"product_cat-bedroom","7":"product_cat-home-storage","8":"product_tag-organizer-bag-set","9":"product_tag-waterproof","11":"first","12":"instock","13":"shipping-taxable","14":"product-type-simple","15":"swiper-slide"},"acf":[],"_links":{"self":[{"href":"https:\/\/www.sellersunionagent.com\/pl\/wp-json\/wp\/v2\/product\/7527","targetHints":{"allow":["GET"]}}],"collection":[{"href":"https:\/\/www.sellersunionagent.com\/pl\/wp-json\/wp\/v2\/product"}],"about":[{"href":"https:\/\/www.sellersunionagent.com\/pl\/wp-json\/wp\/v2\/types\/product"}],"replies":[{"embeddable":true,"href":"https:\/\/www.sellersunionagent.com\/pl\/wp-json\/wp\/v2\/comments?post=7527"}],"wp:featuredmedia":[{"embeddable":true,"href":"https:\/\/www.sellersunionagent.com\/pl\/wp-json\/wp\/v2\/media\/7528"}],"wp:attachment":[{"href":"https:\/\/www.sellersunionagent.com\/pl\/wp-json\/wp\/v2\/media?parent=7527"}],"wp:term":[{"taxonomy":"product_brand","embeddable":true,"href":"https:\/\/www.sellersunionagent.com\/pl\/wp-json\/wp\/v2\/product_brand?post=7527"},{"taxonomy":"product_cat","embeddable":true,"href":"https:\/\/www.sellersunionagent.com\/pl\/wp-json\/wp\/v2\/product_cat?post=7527"},{"taxonomy":"product_tag","embeddable":true,"href":"https:\/\/www.sellersunionagent.com\/pl\/wp-json\/wp\/v2\/product_tag?post=7527"}],"curies":[{"name":"wp","href":"https:\/\/api.w.org\/{rel}","templated":true}]}}