{"id":7517,"date":"2022-06-27T00:26:51","date_gmt":"2022-06-26T16:26:51","guid":{"rendered":"https:\/\/sellersunionagent.com\/?post_type=product&#038;p=7517"},"modified":"2026-01-06T14:29:43","modified_gmt":"2026-01-06T06:29:43","slug":"hurtowy-organizer-na-przewody-dla-wszystkich-elektronicznych-gadzetow-technicznych","status":"publish","type":"product","link":"https:\/\/www.sellersunionagent.com\/pl\/wholesale-travel-cord-case-organizer-for-all-your-electronic-tech-gadgets\/","title":{"rendered":"Hurtowy organizer na karty podr\u00f3\u017cne dla wszystkich elektronicznych gad\u017cet\u00f3w technicznych"},"content":{"rendered":"<h2>Hurtowy organizer na przewody dla wszystkich gad\u017cet\u00f3w elektronicznych<\/h2>\n<p><strong>Typ<\/strong>: Torba do przechowywania akcesori\u00f3w elektronicznych<\/p>\n<p><strong>Numer pozycji<\/strong>: RH918<\/p>\n<p><strong>Rozmiar elementu<\/strong>25*19*2cm<\/p>\n<p><strong>Waga przedmiotu<\/strong>: 126g<br \/>\n<b data-spm-anchor-id=\"a2700.wholesale.0.i30.19ef5692iiqQHz\">Kolory: <\/b>Granatowy, szary, fioletowy, czarny, niebieski, wino<\/p>\n<p><strong>MOQ<\/strong>:  500 szt.<br \/>\n<strong>Bezp\u0142atna pr\u00f3bka<\/strong>:  Obs\u0142ugiwane<br \/>\n<strong>Personalizacja<\/strong>logo \/ kolor \/ materia\u0142y \/ opakowanie itp.<br \/>\n<strong>Zni\u017cka<\/strong>:  Pierwsze zam\u00f3wienia ju\u017c od 10% taniej.<br \/>\n<strong>Wska\u017anik terminowo\u015bci dostaw<\/strong>:\u00a0 100%<br \/>\n<strong>Przesy\u0142ki og\u00f3\u0142em<\/strong>:  10000 szt.<br \/>\n<strong>Wysy\u0142ka<\/strong>: Fracht morski Fracht l\u0105dowy<\/p>\n<p>&nbsp;<\/p>\n<p>WODOODPORNA: Przeno\u015bna torba podr\u00f3\u017cna z organizerem kabli wykonana z trwa\u0142ej i wodoodpornej tkaniny poliestrowej, chroni przedmioty przed zadrapaniami, kurzem i przypadkowym upuszczeniem, ta torba podr\u00f3\u017cna z organizerem kabli jest bardzo mocna i trwa\u0142a. Wszystkie rzeczy w \u015brodku s\u0105 bardzo dobrze chronione.<\/p>\n<p>&nbsp;<\/p>\n<p>Wymiary: Wszechstronny organizer na akcesoria elektroniczne z \u0142atwo\u015bci\u0105 zmie\u015bci si\u0119 w ka\u017cdym plecaku, torebce, teczce, walizce. lekki, \u0142atwy do przenoszenia, \u015bwietny partner dla dysku twardego w podr\u00f3\u017cy lub w biurze.<\/p>\n<p>&nbsp;<\/p>\n<p>TORBA DO ORGANIZACJI ELEKTRONIKI: Kable, baterie, przew\u00f3d USB, d\u0142ugopisy, s\u0142uchawki, karty SD, adaptery elektryczne itp. Ta torba na kable do urz\u0105dze\u0144 elektronicznych pomo\u017ce ci przechowywa\u0107 wszystkie akcesoria elektroniczne i r\u00f3\u017cne kable razem.<\/p>\n<p>&nbsp;<\/p>\n<p>LEKKO\u015a\u0106: Ta torba z organizerem kabli ma kilka siatkowych kieszeni, kt\u00f3re utrzymuj\u0105 akcesoria elektroniczne w porz\u0105dku.<\/p>\n<p>&nbsp;<\/p>\n<p>NAJLEPSZE PREZENTY PODR\u00d3\u017bNE: Nasz organizer elektroniki idealny do podr\u00f3\u017cy, \u015bwietny organizer do u\u017cytku biurowego i podr\u00f3\u017cy oraz trzymaj wa\u017cne urz\u0105dzenia w zasi\u0119gu r\u0119ki. Ta torba podr\u00f3\u017cna to dobra opcja na prezent dla podr\u00f3\u017cuj\u0105cych dla rodziny i przyjaci\u00f3\u0142.<\/p>\n<p><img fetchpriority=\"high\" decoding=\"async\" class=\"aligncenter wp-image-7520\" src=\"https:\/\/www.sellersunionagent.com\/wp-content\/uploads\/2022\/06\/wholesale-travel-card-case-organizer-4.jpg\" alt=\"Sprzeda\u017c hurtowa\" width=\"600\" height=\"600\" \/><img decoding=\"async\" class=\"aligncenter wp-image-7521\" src=\"https:\/\/www.sellersunionagent.com\/wp-content\/uploads\/2022\/06\/wholesale-travel-card-case-organizer-3.jpg\" alt=\"Sprzeda\u017c hurtowa\" width=\"600\" height=\"702\" \/><img decoding=\"async\" class=\"aligncenter wp-image-7523\" src=\"https:\/\/www.sellersunionagent.com\/wp-content\/uploads\/2022\/06\/wholesale-travel-card-case-organizer-1.jpg\" alt=\"Sprzeda\u017c hurtowa\" width=\"600\" height=\"595\" \/><img loading=\"lazy\" decoding=\"async\" class=\"aligncenter wp-image-7522\" src=\"https:\/\/www.sellersunionagent.com\/wp-content\/uploads\/2022\/06\/wholesale-travel-card-case-organizer-2.jpg\" alt=\"Sprzeda\u017c hurtowa\" width=\"600\" height=\"546\" \/><img loading=\"lazy\" decoding=\"async\" class=\"aligncenter wp-image-7524\" src=\"https:\/\/www.sellersunionagent.com\/wp-content\/uploads\/2022\/06\/wholesale-travel-card-case-organizer.jpg\" alt=\"Sprzeda\u017c hurtowa\" width=\"600\" height=\"759\" \/><\/p>","protected":false},"excerpt":{"rendered":"<p><strong>MOQ<\/strong>:  500 szt.<br \/>\n<strong>Bezp\u0142atna pr\u00f3bka<\/strong>:  Obs\u0142ugiwane<br \/>\n<strong>Personalizacja<\/strong>logo \/ kolor \/ materia\u0142y \/ opakowanie itp.<br \/>\n<strong>Zni\u017cka<\/strong>:  Pierwsze zam\u00f3wienia ju\u017c od 10% taniej.<br \/>\n<strong>Wska\u017anik terminowo\u015bci dostaw<\/strong>:\u00a0 100%<br \/>\n<strong>Przesy\u0142ki og\u00f3\u0142em<\/strong>:  10000 szt.<br \/>\n<strong>Wysy\u0142ka<\/strong>: Fracht morski Fracht l\u0105dowy<\/p>\n<p>&nbsp;<\/p>\n<p>&nbsp;<\/p>\n<p>Od 1997 roku rozpocz\u0119li\u015bmy nasz\u0105 dzia\u0142alno\u015b\u0107. Utrzymujemy niezwykle wysok\u0105 wra\u017cliwo\u015b\u0107 rynku na r\u00f3\u017cne towary. Specjalizujemy si\u0119 w sprzeda\u017cy hurtowej artyku\u0142\u00f3w do przechowywania, wykonujemy OEM, ODM i zapewniamy kompleksow\u0105 us\u0142ug\u0119 kompleksowych zakup\u00f3w. Z przyjemno\u015bci\u0105 oferujemy najpopularniejsze produkty, kt\u00f3re pomog\u0105 rozwin\u0105\u0107 dzia\u0142alno\u015b\u0107.<\/p>","protected":false},"featured_media":7518,"comment_status":"open","ping_status":"closed","template":"","meta":{"_acf_changed":false},"product_brand":[],"product_cat":[32],"product_tag":[101,50],"class_list":{"0":"post-7517","1":"product","2":"type-product","3":"status-publish","4":"has-post-thumbnail","6":"product_cat-digital-bag","7":"product_tag-travel-cord-case-organizer","8":"product_tag-wholesale","10":"first","11":"instock","12":"shipping-taxable","13":"purchasable","14":"product-type-simple","15":"swiper-slide"},"acf":[],"_links":{"self":[{"href":"https:\/\/www.sellersunionagent.com\/pl\/wp-json\/wp\/v2\/product\/7517","targetHints":{"allow":["GET"]}}],"collection":[{"href":"https:\/\/www.sellersunionagent.com\/pl\/wp-json\/wp\/v2\/product"}],"about":[{"href":"https:\/\/www.sellersunionagent.com\/pl\/wp-json\/wp\/v2\/types\/product"}],"replies":[{"embeddable":true,"href":"https:\/\/www.sellersunionagent.com\/pl\/wp-json\/wp\/v2\/comments?post=7517"}],"wp:featuredmedia":[{"embeddable":true,"href":"https:\/\/www.sellersunionagent.com\/pl\/wp-json\/wp\/v2\/media\/7518"}],"wp:attachment":[{"href":"https:\/\/www.sellersunionagent.com\/pl\/wp-json\/wp\/v2\/media?parent=7517"}],"wp:term":[{"taxonomy":"product_brand","embeddable":true,"href":"https:\/\/www.sellersunionagent.com\/pl\/wp-json\/wp\/v2\/product_brand?post=7517"},{"taxonomy":"product_cat","embeddable":true,"href":"https:\/\/www.sellersunionagent.com\/pl\/wp-json\/wp\/v2\/product_cat?post=7517"},{"taxonomy":"product_tag","embeddable":true,"href":"https:\/\/www.sellersunionagent.com\/pl\/wp-json\/wp\/v2\/product_tag?post=7517"}],"curies":[{"name":"wp","href":"https:\/\/api.w.org\/{rel}","templated":true}]}}