{"id":7506,"date":"2022-06-27T00:10:56","date_gmt":"2022-06-26T16:10:56","guid":{"rendered":"https:\/\/sellersunionagent.com\/?post_type=product&#038;p=7506"},"modified":"2022-08-01T15:07:02","modified_gmt":"2022-08-01T07:07:02","slug":"hurtowy-wodoodporny-organizer-na-elektronike-z-chin","status":"publish","type":"product","link":"https:\/\/www.sellersunionagent.com\/pl\/wholesale-waterproof-electronics-organizer-carrying-case-maker-from-china\/","title":{"rendered":"Hurtownia wodoodpornych organizer\u00f3w elektronicznych z Chin"},"content":{"rendered":"<h2>Hurtownia wodoodpornych organizer\u00f3w elektronicznych z Chin<\/h2>\n<p>Wszystko uporz\u0105dkowane: Torba do przechowywania elektroniki ma 2-warstwow\u0105 nylonow\u0105 przegrod\u0119 wewn\u0119trzn\u0105 z wystarczaj\u0105c\u0105 ilo\u015bci\u0105 miejsca do przechowywania kabli, nap\u0119du USB, telefonu kom\u00f3rkowego, \u0142adowarki, dysku twardego, mini tabletu i innych akcesori\u00f3w.<\/p>\n<p>&nbsp;<\/p>\n<p>Zapewniaj\u0105 doskona\u0142\u0105 ochron\u0119: Dobrze wy\u015bcie\u0142ane, p\u00f3\u0142elastyczne pokrowce zapewniaj\u0105 doskona\u0142\u0105 ochron\u0119 akcesori\u00f3w elektronicznych.<br \/>\nWodoodporne torby na elektronik\u0119 z powierzchni\u0105 Oxford zapobiegaj\u0105 rozerwaniu przez wod\u0119, zapewniaj\u0105c bezpiecze\u0144stwo element\u00f3w elektronicznych.<\/p>\n<p>&nbsp;<\/p>\n<p>Wielofunkcyjno\u015b\u0107: torba z organizerem nie tylko chroni akcesoria elektroniczne, ale tak\u017ce nadaje si\u0119 do przechowywania d\u0142ugopis\u00f3w, tabletek i kosmetyk\u00f3w do makija\u017cu. Najlepsza do u\u017cytku domowego i turystycznego, z paskiem na r\u0119k\u0119, \u0142atwa do przenoszenia, idealna w podr\u00f3\u017cy.<\/p>\n<p>&nbsp;<\/p>\n<p>Du\u017ca pojemno\u015b\u0107: Wymiary torby do przechowywania elektroniki: 24,5*18,5*10 cm(9,64\u2033 x7,08\u2033 x 3,93\u2033),Organizer na elektronik\u0119 ma wystarczaj\u0105co du\u017co miejsca, aby pomie\u015bci\u0107 r\u00f3\u017cne przedmioty, takie jak kable, dysk flash, zasilanie, s\u0142uchawki, mysz, kindle i inne ma\u0142e akcesoria.<\/p>\n<p>&nbsp;<\/p>\n<p>Najwy\u017cszej jako\u015bci materia\u0142: Torba podr\u00f3\u017cna na kable wykonana jest z wytrzyma\u0142ego, trwa\u0142ego i wodoodpornego materia\u0142u Cationic 300D. Dobrze wy\u015bcie\u0142ane, p\u00f3\u0142elastyczne wn\u0119trze z siatk\u0105 odporn\u0105 na kurz i odpinanym rzepem zapewnia doskona\u0142\u0105 ochron\u0119 gad\u017cet\u00f3w.<\/p>\n<p><img fetchpriority=\"high\" decoding=\"async\" class=\"aligncenter wp-image-7507\" src=\"https:\/\/www.sellersunionagent.com\/wp-content\/uploads\/2022\/06\/wholesale-travel-card-case-organizer-16.jpg\" alt=\"Producent hurtowy z Chin\" width=\"600\" height=\"600\" \/><br \/>\n<img decoding=\"async\" class=\"aligncenter wp-image-7512\" src=\"https:\/\/www.sellersunionagent.com\/wp-content\/uploads\/2022\/06\/wholesale-travel-card-case-organizer-11.jpg\" alt=\"Producent hurtowy z Chin\" width=\"600\" height=\"600\" \/><img decoding=\"async\" class=\"aligncenter wp-image-7513\" src=\"https:\/\/www.sellersunionagent.com\/wp-content\/uploads\/2022\/06\/wholesale-travel-card-case-organizer-10.jpg\" alt=\"Producent hurtowy z Chin\" width=\"600\" height=\"600\" \/><img loading=\"lazy\" decoding=\"async\" class=\"aligncenter wp-image-7514\" src=\"https:\/\/www.sellersunionagent.com\/wp-content\/uploads\/2022\/06\/wholesale-travel-card-case-organizer-9.jpg\" alt=\"Producent hurtowy z Chin\" width=\"600\" height=\"600\" \/> <img loading=\"lazy\" decoding=\"async\" class=\"aligncenter wp-image-7515\" src=\"https:\/\/www.sellersunionagent.com\/wp-content\/uploads\/2022\/06\/wholesale-travel-card-case-organizer-8.jpg\" alt=\"Producent hurtowy z Chin\" width=\"600\" height=\"600\" \/><img loading=\"lazy\" decoding=\"async\" class=\"aligncenter wp-image-7516\" src=\"https:\/\/www.sellersunionagent.com\/wp-content\/uploads\/2022\/06\/wholesale-travel-card-case-organizer-7.jpg\" alt=\"Producent hurtowy z Chin\" width=\"600\" height=\"600\" \/><img loading=\"lazy\" decoding=\"async\" class=\"aligncenter wp-image-7508\" src=\"https:\/\/www.sellersunionagent.com\/wp-content\/uploads\/2022\/06\/wholesale-travel-card-case-organizer-15.jpg\" alt=\"Producent hurtowy z Chin\" width=\"600\" height=\"599\" \/><img loading=\"lazy\" decoding=\"async\" class=\"aligncenter wp-image-7509\" src=\"https:\/\/www.sellersunionagent.com\/wp-content\/uploads\/2022\/06\/wholesale-travel-card-case-organizer-14.jpg\" alt=\"Producent hurtowy z Chin\" width=\"600\" height=\"600\" \/><\/p>","protected":false},"excerpt":{"rendered":"<p><strong>Typ<\/strong>: Torba do przechowywania akcesori\u00f3w elektronicznych<\/p>\n<p><strong>Rozmiar elementu<\/strong>24*18*3cm<\/p>\n<p><strong>Waga przedmiotu<\/strong>: 190g<br \/>\n<b data-spm-anchor-id=\"a2700.wholesale.0.i30.19ef5692iiqQHz\">Kolory: <\/b>Granatowy, szary, fioletowy, czarny, niebieski, wino<\/p>\n<p>&nbsp;<\/p>\n<p>Jeste\u015bmy hurtowym producentem produkt\u00f3w do przechowywania z Chin. Nasz\u0105 dzia\u0142alno\u015b\u0107 rozpocz\u0119li\u015bmy w 1997 roku. Utrzymujemy niezwykle wysok\u0105 wra\u017cliwo\u015b\u0107 rynku na r\u00f3\u017cne towary. Wykonujemy OEM, ODM i zapewniamy kompleksow\u0105 us\u0142ug\u0119 kompleksowych zakup\u00f3w. Z przyjemno\u015bci\u0105 oferujemy najpopularniejsze produkty, kt\u00f3re pomog\u0105 rozwin\u0105\u0107 dzia\u0142alno\u015b\u0107.<\/p>","protected":false},"featured_media":7507,"comment_status":"open","ping_status":"closed","template":"","meta":{"_acf_changed":false},"product_brand":[],"product_cat":[32],"product_tag":[49,48,99],"class_list":{"0":"post-7506","1":"product","2":"type-product","3":"status-publish","4":"has-post-thumbnail","6":"product_cat-digital-bag","7":"product_tag-good-quality","8":"product_tag-large-capacity","9":"product_tag-wholesale-maker-from-china","11":"first","12":"instock","13":"shipping-taxable","14":"product-type-simple","15":"swiper-slide"},"acf":[],"_links":{"self":[{"href":"https:\/\/www.sellersunionagent.com\/pl\/wp-json\/wp\/v2\/product\/7506","targetHints":{"allow":["GET"]}}],"collection":[{"href":"https:\/\/www.sellersunionagent.com\/pl\/wp-json\/wp\/v2\/product"}],"about":[{"href":"https:\/\/www.sellersunionagent.com\/pl\/wp-json\/wp\/v2\/types\/product"}],"replies":[{"embeddable":true,"href":"https:\/\/www.sellersunionagent.com\/pl\/wp-json\/wp\/v2\/comments?post=7506"}],"wp:featuredmedia":[{"embeddable":true,"href":"https:\/\/www.sellersunionagent.com\/pl\/wp-json\/wp\/v2\/media\/7507"}],"wp:attachment":[{"href":"https:\/\/www.sellersunionagent.com\/pl\/wp-json\/wp\/v2\/media?parent=7506"}],"wp:term":[{"taxonomy":"product_brand","embeddable":true,"href":"https:\/\/www.sellersunionagent.com\/pl\/wp-json\/wp\/v2\/product_brand?post=7506"},{"taxonomy":"product_cat","embeddable":true,"href":"https:\/\/www.sellersunionagent.com\/pl\/wp-json\/wp\/v2\/product_cat?post=7506"},{"taxonomy":"product_tag","embeddable":true,"href":"https:\/\/www.sellersunionagent.com\/pl\/wp-json\/wp\/v2\/product_tag?post=7506"}],"curies":[{"name":"wp","href":"https:\/\/api.w.org\/{rel}","templated":true}]}}