{"id":7498,"date":"2022-06-26T23:50:33","date_gmt":"2022-06-26T15:50:33","guid":{"rendered":"https:\/\/sellersunionagent.com\/?post_type=product&#038;p=7498"},"modified":"2022-06-26T23:50:36","modified_gmt":"2022-06-26T15:50:36","slug":"hurtowy-elektroniczny-organizer-do-toreb-z-chin","status":"publish","type":"product","link":"https:\/\/www.sellersunionagent.com\/pl\/wholesale-electronic-organizer-bag-maker-from-china\/","title":{"rendered":"Hurtowy elektroniczny organizator toreb z Chin"},"content":{"rendered":"<h2>Hurtowy elektroniczny organizator toreb z Chin<\/h2>\n<p><b>WYSOKIEJ JAKO\u015aCI MATERIA\u0141<\/b>: Organizer na elektronik\u0119 FINPAC, wykonany z wytrzyma\u0142ej, trwa\u0142ej i wodoodpornej tkaniny nylonowej 600D, wbudowane doskona\u0142e elastyczne p\u0119tle z antypo\u015blizgowym uchwytem, aby zapewni\u0107, \u017ce przewody pozostan\u0105 na swoim miejscu. Torba podr\u00f3\u017cna z wysokiej jako\u015bci podw\u00f3jnym zamkiem b\u0142yskawicznym zapewnia szybki dost\u0119p i zarz\u0105dzanie.<\/p>\n<p>&nbsp;<\/p>\n<p><b>BEZPIECZNE PRZECHOWYWANIE<\/b>: Ta torba organizacyjna ma etui do przechowywania tabletu iPad 9,7\", 11\", kindle lub pocketbook (do 11 cali). Wewn\u0119trzna kiesze\u0144 z siatki chroni telefon kom\u00f3rkowy lub inne ma\u0142e przedmioty przed zgubieniem. Elastyczne p\u0119tle sprawiaj\u0105, \u017ce jest to doskona\u0142y organizer na przewody podr\u00f3\u017cne. 5 x Elastyczne kieszenie na karty SD zapobiegaj\u0105 zgubieniu kart SD. Dwuwarstwowa torba podr\u00f3\u017cna na sprz\u0119t elektroniczny pozwala uporz\u0105dkowa\u0107 wszystkie kable, \u0142adowarki do laptop\u00f3w, dyski twarde, tablety i inne akcesoria.<\/p>\n<p>&nbsp;<\/p>\n<p><b>KOMPAKTOWO\u015a\u0106 I PRZENO\u015aNO\u015a\u0106<\/b>: Lekki przeno\u015bny organizer na przewody, \u0142atwy do przenoszenia i mieszcz\u0105cy si\u0119 w plecaku lub torebce bez zajmowania du\u017co miejsca. \u015awietny towarzysz jako organizer elektroniki podr\u00f3\u017cnej i organizer przewod\u00f3w podr\u00f3\u017cnych.<\/p>\n<p>&nbsp;<\/p>\n<p><b>WIELOZADANIOWO\u015a\u0106<\/b>: Wszechstronna torba podr\u00f3\u017cna zaprojektowana specjalnie dla os\u00f3b dobrze zorganizowanych w podr\u00f3\u017cy; Wiele kieszeni o r\u00f3\u017cnych rozmiarach zapewnia du\u017c\u0105 elastyczno\u015b\u0107 organizera elektronicznego. Przednia zewn\u0119trzna kiesze\u0144 na suwak dla \u0142atwego dost\u0119pu.<\/p>\n<p>&nbsp;<\/p>\n<p><b>PODR\u00d3\u017b S\u0141U\u017bBOWA I CODZIENNE U\u017bYTKOWANIE<\/b>: Wszechstronny organizer na akcesoria elektroniczne do u\u017cytku biurowego i w podr\u00f3\u017cy. Pozwala utrzyma\u0107 porz\u0105dek bez ba\u0142aganu. \u015awietna torba podr\u00f3\u017cna do podr\u00f3\u017cy s\u0142u\u017cbowych i codziennego u\u017cytku (TYLKO torba! Nie zawiera kabli, akcesori\u00f3w elektronicznych)<\/p>\n<p><img fetchpriority=\"high\" decoding=\"async\" class=\"aligncenter wp-image-7502\" src=\"https:\/\/www.sellersunionagent.com\/wp-content\/uploads\/2022\/06\/wholesale-electronic-organizer-bag-3.jpg\" alt=\"Producent hurtowy z Chin\" width=\"600\" height=\"600\" \/><img decoding=\"async\" class=\"aligncenter wp-image-7504\" src=\"https:\/\/www.sellersunionagent.com\/wp-content\/uploads\/2022\/06\/wholesale-electronic-organizer-bag-1.jpg\" alt=\"Producent hurtowy z Chin\" width=\"600\" height=\"742\" \/><img decoding=\"async\" class=\"aligncenter wp-image-7505\" src=\"https:\/\/www.sellersunionagent.com\/wp-content\/uploads\/2022\/06\/wholesale-electronic-organizer-bag.jpg\" alt=\"Producent hurtowy z Chin\" width=\"600\" height=\"718\" \/><\/p>","protected":false},"excerpt":{"rendered":"<p><strong>Typ<\/strong>: Torba do przechowywania akcesori\u00f3w elektronicznych<\/p>\n<p><strong>Rozmiar elementu<\/strong>28*22*4cm<\/p>\n<p><strong>Waga przedmiotu<\/strong>: 220g<br \/>\n<b data-spm-anchor-id=\"a2700.wholesale.0.i30.19ef5692iiqQHz\">Kolory:<\/b>Czarny, szary, wino, fioletowy, ciemnoniebieski, b\u0142\u0119kitny<\/p>\n<p>Jeste\u015bmy hurtowym producentem produkt\u00f3w do przechowywania z Chin. Nasz\u0105 dzia\u0142alno\u015b\u0107 rozpocz\u0119li\u015bmy w 1997 roku. Utrzymujemy niezwykle wysok\u0105 wra\u017cliwo\u015b\u0107 rynku na r\u00f3\u017cne towary. Wykonujemy OEM, ODM i zapewniamy kompleksow\u0105 us\u0142ug\u0119 kompleksowych zakup\u00f3w. Z przyjemno\u015bci\u0105 oferujemy najpopularniejsze produkty, kt\u00f3re pomog\u0105 rozwin\u0105\u0107 dzia\u0142alno\u015b\u0107.<\/p>","protected":false},"featured_media":7499,"comment_status":"open","ping_status":"closed","template":"","meta":{"_acf_changed":false},"product_brand":[],"product_cat":[32],"product_tag":[48,100,99],"class_list":{"0":"post-7498","1":"product","2":"type-product","3":"status-publish","4":"has-post-thumbnail","6":"product_cat-digital-bag","7":"product_tag-large-capacity","8":"product_tag-waterproof","9":"product_tag-wholesale-maker-from-china","11":"first","12":"instock","13":"shipping-taxable","14":"product-type-simple","15":"swiper-slide"},"acf":[],"_links":{"self":[{"href":"https:\/\/www.sellersunionagent.com\/pl\/wp-json\/wp\/v2\/product\/7498","targetHints":{"allow":["GET"]}}],"collection":[{"href":"https:\/\/www.sellersunionagent.com\/pl\/wp-json\/wp\/v2\/product"}],"about":[{"href":"https:\/\/www.sellersunionagent.com\/pl\/wp-json\/wp\/v2\/types\/product"}],"replies":[{"embeddable":true,"href":"https:\/\/www.sellersunionagent.com\/pl\/wp-json\/wp\/v2\/comments?post=7498"}],"wp:featuredmedia":[{"embeddable":true,"href":"https:\/\/www.sellersunionagent.com\/pl\/wp-json\/wp\/v2\/media\/7499"}],"wp:attachment":[{"href":"https:\/\/www.sellersunionagent.com\/pl\/wp-json\/wp\/v2\/media?parent=7498"}],"wp:term":[{"taxonomy":"product_brand","embeddable":true,"href":"https:\/\/www.sellersunionagent.com\/pl\/wp-json\/wp\/v2\/product_brand?post=7498"},{"taxonomy":"product_cat","embeddable":true,"href":"https:\/\/www.sellersunionagent.com\/pl\/wp-json\/wp\/v2\/product_cat?post=7498"},{"taxonomy":"product_tag","embeddable":true,"href":"https:\/\/www.sellersunionagent.com\/pl\/wp-json\/wp\/v2\/product_tag?post=7498"}],"curies":[{"name":"wp","href":"https:\/\/api.w.org\/{rel}","templated":true}]}}