{"id":7487,"date":"2022-06-26T23:33:33","date_gmt":"2022-06-26T15:33:33","guid":{"rendered":"https:\/\/sellersunionagent.com\/?post_type=product&#038;p=7487"},"modified":"2022-06-26T23:33:52","modified_gmt":"2022-06-26T15:33:52","slug":"wholesale-laptop-carrying-case-with-accessory-pocket","status":"publish","type":"product","link":"https:\/\/www.sellersunionagent.com\/pl\/wholesale-laptop-carrying-case-with-accessory-pocket\/","title":{"rendered":"Hurtowy futera\u0142 na laptopa z kieszeni\u0105 na akcesoria"},"content":{"rendered":"<h2>Hurtowy futera\u0142 na laptopa z kieszeni\u0105 na akcesoria<\/h2>\n<p><span class=\"skip\"><a data-keyword=\"appropriate\">Appropriate dimension: The portable design and ideal size is easy to carry and fit in your handbag and luggage. It will be an additional electronic accessories storage companion for your travels.<\/a><\/span><\/p>\n<p>&nbsp;<\/p>\n<p>Sleek design: This organizer bag is designed for office staffs, students &amp; travelers who need to store &amp; keep their electronics accessories or small school stationery supplies organized. It utilizes a water-repellant fabric and clean, streamlined design with strong carry handle, and smooth zipper.<\/p>\n<p>&nbsp;<\/p>\n<p>Du\u017ca pojemno\u015b\u0107: Du\u017ca pojemno\u015b\u0107 mo\u017ce pomie\u015bci\u0107 codzienne akcesoria elektroniczne, takie jak kable, r\u00f3\u017cne \u0142adowarki, s\u0142uchawki, adapter elektroniczny itp.<\/p>\n<p><img fetchpriority=\"high\" decoding=\"async\" class=\"aligncenter wp-image-7494\" src=\"https:\/\/www.sellersunionagent.com\/wp-content\/uploads\/2022\/06\/wholesale-laptop-carrying-case-2.jpg\" alt=\"hurtowy\" width=\"600\" height=\"493\" \/><img decoding=\"async\" class=\"aligncenter wp-image-7492\" src=\"https:\/\/www.sellersunionagent.com\/wp-content\/uploads\/2022\/06\/wholesale-laptop-carrying-case-5.jpg\" alt=\"hurtowy\" width=\"600\" height=\"860\" \/><img decoding=\"async\" class=\"aligncenter wp-image-7495\" src=\"https:\/\/www.sellersunionagent.com\/wp-content\/uploads\/2022\/06\/wholesale-laptop-carrying-case-3.jpg\" alt=\"hurtowy\" width=\"600\" height=\"664\" \/><img loading=\"lazy\" decoding=\"async\" class=\"aligncenter wp-image-7493\" src=\"https:\/\/www.sellersunionagent.com\/wp-content\/uploads\/2022\/06\/wholesale-laptop-carrying-case-4.jpg\" alt=\"hurtowy\" width=\"600\" height=\"734\" \/><\/p>","protected":false},"excerpt":{"rendered":"<p><strong>Typ<\/strong>: Etui do przenoszenia laptopa<\/p>\n<p><strong>Rozmiar elementu<\/strong>: 13inch\uff0f13.3inch<\/p>\n<p><strong>Waga przedmiotu<\/strong>: 500g<br \/>\n<strong>Zdolno\u015b\u0107 dostawcza<\/strong>: 50000 sztuk na miesi\u0105c<br \/>\n<strong>MOQ<\/strong>: 100szt.<\/p>\n<p>&nbsp;<\/p>\n<p>Od 1997 roku rozpocz\u0119li\u015bmy nasz\u0105 dzia\u0142alno\u015b\u0107. Utrzymujemy niezwykle wysok\u0105 wra\u017cliwo\u015b\u0107 rynku na r\u00f3\u017cne towary. Specjalizujemy si\u0119 w sprzeda\u017cy hurtowej artyku\u0142\u00f3w do przechowywania, wykonujemy OEM, ODM i zapewniamy kompleksow\u0105 us\u0142ug\u0119 kompleksowych zakup\u00f3w. Z przyjemno\u015bci\u0105 oferujemy najpopularniejsze produkty, kt\u00f3re pomog\u0105 rozwin\u0105\u0107 dzia\u0142alno\u015b\u0107.<\/p>","protected":false},"featured_media":7488,"comment_status":"open","ping_status":"closed","template":"","meta":{"_acf_changed":false},"product_brand":[],"product_cat":[32],"product_tag":[98,50],"class_list":{"0":"post-7487","1":"product","2":"type-product","3":"status-publish","4":"has-post-thumbnail","6":"product_cat-digital-bag","7":"product_tag-laptop-carrying-case","8":"product_tag-wholesale","10":"first","11":"instock","12":"shipping-taxable","13":"product-type-simple","14":"swiper-slide"},"acf":[],"_links":{"self":[{"href":"https:\/\/www.sellersunionagent.com\/pl\/wp-json\/wp\/v2\/product\/7487","targetHints":{"allow":["GET"]}}],"collection":[{"href":"https:\/\/www.sellersunionagent.com\/pl\/wp-json\/wp\/v2\/product"}],"about":[{"href":"https:\/\/www.sellersunionagent.com\/pl\/wp-json\/wp\/v2\/types\/product"}],"replies":[{"embeddable":true,"href":"https:\/\/www.sellersunionagent.com\/pl\/wp-json\/wp\/v2\/comments?post=7487"}],"wp:featuredmedia":[{"embeddable":true,"href":"https:\/\/www.sellersunionagent.com\/pl\/wp-json\/wp\/v2\/media\/7488"}],"wp:attachment":[{"href":"https:\/\/www.sellersunionagent.com\/pl\/wp-json\/wp\/v2\/media?parent=7487"}],"wp:term":[{"taxonomy":"product_brand","embeddable":true,"href":"https:\/\/www.sellersunionagent.com\/pl\/wp-json\/wp\/v2\/product_brand?post=7487"},{"taxonomy":"product_cat","embeddable":true,"href":"https:\/\/www.sellersunionagent.com\/pl\/wp-json\/wp\/v2\/product_cat?post=7487"},{"taxonomy":"product_tag","embeddable":true,"href":"https:\/\/www.sellersunionagent.com\/pl\/wp-json\/wp\/v2\/product_tag?post=7487"}],"curies":[{"name":"wp","href":"https:\/\/api.w.org\/{rel}","templated":true}]}}