{"id":7477,"date":"2022-06-26T23:11:52","date_gmt":"2022-06-26T15:11:52","guid":{"rendered":"https:\/\/sellersunionagent.com\/?post_type=product&#038;p=7477"},"modified":"2022-06-26T23:12:11","modified_gmt":"2022-06-26T15:12:11","slug":"china-wholesale-digital-accessories-storage-bag-maker","status":"publish","type":"product","link":"https:\/\/www.sellersunionagent.com\/pl\/china-wholesale-digital-accessories-storage-bag-maker\/","title":{"rendered":"Chiny Hurtownia akcesori\u00f3w cyfrowych Producent toreb do przechowywania"},"content":{"rendered":"<h2>Chiny Hurtownia akcesori\u00f3w cyfrowych Producent toreb do przechowywania<\/h2>\n<ul>\n<li>Przeno\u015bna, lekka i du\u017ca pojemno\u015b\u0107 sprawia, \u017ce podr\u00f3\u017c jest wygodniejsza i przyjemniejsza<\/li>\n<li>Siatka perspektywy pomaga \u0142atwo znale\u017a\u0107 rzeczy<\/li>\n<li>Cationic material, tight wiring, anti splash design to better protect objects<\/li>\n<li>Velcro, portable design and SBS quality zipper<\/li>\n<li>Du\u017ca pojemno\u015b\u0107 mo\u017ce pomie\u015bci\u0107 wiele przedmiot\u00f3w<\/li>\n<\/ul>\n<p><img fetchpriority=\"high\" decoding=\"async\" class=\"aligncenter wp-image-7478\" src=\"https:\/\/www.sellersunionagent.com\/wp-content\/uploads\/2022\/06\/digital-accessories-storage-bag-maker-8.jpg\" alt=\"Sprzeda\u017c hurtowa w Chinach\" width=\"600\" height=\"600\" \/><img decoding=\"async\" class=\"aligncenter wp-image-7482\" src=\"https:\/\/www.sellersunionagent.com\/wp-content\/uploads\/2022\/06\/digital-accessories-storage-bag-maker-4.jpg\" alt=\"Sprzeda\u017c hurtowa w Chinach\" width=\"600\" height=\"600\" \/><img decoding=\"async\" class=\"aligncenter wp-image-7486\" src=\"https:\/\/www.sellersunionagent.com\/wp-content\/uploads\/2022\/06\/digital-accessories-storage-bag-maker.jpg\" alt=\"Sprzeda\u017c hurtowa w Chinach\" width=\"600\" height=\"600\" \/><img loading=\"lazy\" decoding=\"async\" class=\"aligncenter wp-image-7481\" src=\"https:\/\/www.sellersunionagent.com\/wp-content\/uploads\/2022\/06\/digital-accessories-storage-bag-maker-5.jpg\" alt=\"Sprzeda\u017c hurtowa w Chinach\" width=\"600\" height=\"601\" \/><\/p>","protected":false},"excerpt":{"rendered":"<p><strong>Typ<\/strong>: Digital\u00a0accessories storage bag<\/p>\n<p><strong>Rozmiar elementu<\/strong>: 19*12*3.52cm<\/p>\n<p><strong>Waga przedmiotu<\/strong>: 800g<br \/>\n<b data-spm-anchor-id=\"a2700.wholesale.0.i30.19ef5692iiqQHz\">Kolory: <\/b>Granatowy, szary, fioletowy, czarny, niebieski, wino<\/p>\n<p>We are China wholesale trader. Since 1997, we started our business. We keep extremely high market sensitivity to the various commodities. We specialize in storage items wholesale, do OEM, ODM and provide you with a comprehensive one-stop shopping service. It is our pleasure to offer you the most popular product to help to expand your business.<\/p>","protected":false},"featured_media":7478,"comment_status":"open","ping_status":"closed","template":"","meta":{"_acf_changed":false},"product_brand":[],"product_cat":[32],"product_tag":[97,89],"class_list":{"0":"post-7477","1":"product","2":"type-product","3":"status-publish","4":"has-post-thumbnail","6":"product_cat-digital-bag","7":"product_tag-china-wholesale-maker","8":"product_tag-multi-function","10":"first","11":"instock","12":"shipping-taxable","13":"product-type-simple","14":"swiper-slide"},"acf":[],"_links":{"self":[{"href":"https:\/\/www.sellersunionagent.com\/pl\/wp-json\/wp\/v2\/product\/7477","targetHints":{"allow":["GET"]}}],"collection":[{"href":"https:\/\/www.sellersunionagent.com\/pl\/wp-json\/wp\/v2\/product"}],"about":[{"href":"https:\/\/www.sellersunionagent.com\/pl\/wp-json\/wp\/v2\/types\/product"}],"replies":[{"embeddable":true,"href":"https:\/\/www.sellersunionagent.com\/pl\/wp-json\/wp\/v2\/comments?post=7477"}],"wp:featuredmedia":[{"embeddable":true,"href":"https:\/\/www.sellersunionagent.com\/pl\/wp-json\/wp\/v2\/media\/7478"}],"wp:attachment":[{"href":"https:\/\/www.sellersunionagent.com\/pl\/wp-json\/wp\/v2\/media?parent=7477"}],"wp:term":[{"taxonomy":"product_brand","embeddable":true,"href":"https:\/\/www.sellersunionagent.com\/pl\/wp-json\/wp\/v2\/product_brand?post=7477"},{"taxonomy":"product_cat","embeddable":true,"href":"https:\/\/www.sellersunionagent.com\/pl\/wp-json\/wp\/v2\/product_cat?post=7477"},{"taxonomy":"product_tag","embeddable":true,"href":"https:\/\/www.sellersunionagent.com\/pl\/wp-json\/wp\/v2\/product_tag?post=7477"}],"curies":[{"name":"wp","href":"https:\/\/api.w.org\/{rel}","templated":true}]}}