{"id":7465,"date":"2022-06-27T00:28:42","date_gmt":"2022-06-26T16:28:42","guid":{"rendered":"https:\/\/sellersunionagent.com\/?post_type=product&#038;p=7465"},"modified":"2026-01-06T14:29:42","modified_gmt":"2026-01-06T06:29:42","slug":"torba-na-dokumenty-od-best-wholesale-inc","status":"publish","type":"product","link":"https:\/\/www.sellersunionagent.com\/pl\/documents-bag-from-best-wholesale-inc\/","title":{"rendered":"Torba na dokumenty od Best Wholesale Inc"},"content":{"rendered":"<h2>Torba na dokumenty od Best Wholesale Inc<\/h2>\n<p><strong>Typ<\/strong>: Torba na dokumenty<\/p>\n<p><strong>Numer pozycji<\/strong>: RH237<\/p>\n<p><strong>Rozmiar elementu<\/strong>24*18,5*1,6 cm<\/p>\n<p><strong>Waga przedmiotu<\/strong>: 234g<br \/>\n<b data-spm-anchor-id=\"a2700.wholesale.0.i30.19ef5692iiqQHz\">Kolory:\u00a0<\/b>Szary, czarny, niebieski, r\u00f3\u017cowo-czerwony, r\u00f3\u017cowy, pomara\u0144czowy, bia\u0142y<\/p>\n<p>&nbsp;<\/p>\n<p>&nbsp;<\/p>\n<ul>\n<li>Wytrzyma\u0142a teczka z materia\u0142u Oxford: Wykonana z tkaniny 300D Oxford, wygodna w dotyku, \u0142atwa w czyszczeniu, wytrzyma\u0142a, wodoodporna, chroni\u0105ca rzeczy w torbie przed uszkodzeniem. Uwaga: Ta torba na dokumenty pasuje tylko do cienkiego notatnika A5 lub ma\u0142ego notatnika.<\/li>\n<li>Wielofunkcyjne Padfolio: Minimalne, lekkie etui do przechowywania mini IPAD-a, o\u0142\u00f3wk\u00f3w, cienkiego notatnika A5, d\u0142ugopis\u00f3w, o\u0142\u00f3wk\u00f3w, wizyt\u00f3wek, kabli do \u0142adowania i w zasadzie wszystkiego innego, co ulega\u0142o zniszczeniu i zagraca\u0142o dno torby lub plecaka.<\/li>\n<li>Rozmiar organizera portfela: 9,6 * 7,3 cala, d\u0142ugo\u015b\u0107 paska: 7,1 cala, niezbyt du\u017cy ani zbyt ma\u0142y, mo\u017cna go trzyma\u0107 w d\u0142oni lub w\u0142o\u017cy\u0107 do wi\u0119kszej torby. Z odpinanym paskiem, przeno\u015bny dla nastolatk\u00f3w, doros\u0142ych, zar\u00f3wno m\u0119\u017cczyzn, jak i kobiet, idealny do organizowania dokument\u00f3w podr\u00f3\u017cnych i dokument\u00f3w do pracy \/ nauki.<\/li>\n<li>Zapewnia bezpiecze\u0144stwo: Elegancki, stylowy i praktyczny, ten mi\u0119kki wy\u015bcie\u0142any portfel ZABEZPIECZA WSZYSTKO, czego potrzebujesz, aby wygl\u0105da\u0107 jak dyrektor podczas wa\u017cnych spotka\u0144 biznesowych lub rozm\u00f3w kwalifikacyjnych - kluczyki do samochodu, telefon kom\u00f3rkowy, d\u0142ugopis, mini ipad lub mini tablet lub cienki notatnik A5, foldery, portfel, planer, pakiet prezentacji, CV, poufne dokumenty, wizyt\u00f3wki, karty kredytowe i inne - nie jest wymagana torebka ani teczka!<\/li>\n<li>Humanizowany przeno\u015bny pasek o zdejmowanej konstrukcji: Jest elegancki, pi\u0119kny, ale trudny do z\u0142amania i wygodny do wyjmowania i przenoszenia tego, czego potrzebujesz.<\/li>\n<li><img fetchpriority=\"high\" decoding=\"async\" class=\"aligncenter wp-image-7471\" src=\"https:\/\/www.sellersunionagent.com\/wp-content\/uploads\/2022\/06\/documents-bag-from-best-wholesale-inc-5.jpg\" alt=\"Wholesale Inc\" width=\"600\" height=\"600\" \/><img decoding=\"async\" class=\"aligncenter wp-image-7469\" src=\"https:\/\/www.sellersunionagent.com\/wp-content\/uploads\/2022\/06\/documents-bag-from-best-wholesale-inc-7.png\" alt=\"Wholesale Inc\" width=\"600\" height=\"600\" \/><img decoding=\"async\" class=\"aligncenter wp-image-7476 size-full\" src=\"https:\/\/www.sellersunionagent.com\/wp-content\/uploads\/2022\/06\/documents-bag-from-best-wholesale-inc.jpg\" alt=\"Wholesale Inc\" width=\"602\" height=\"412\" \/><img loading=\"lazy\" decoding=\"async\" class=\"aligncenter wp-image-7467\" src=\"https:\/\/www.sellersunionagent.com\/wp-content\/uploads\/2022\/06\/documents-bag-from-best-wholesale-inc-9.jpg\" alt=\"Wholesale Inc\" width=\"600\" height=\"371\" \/><img loading=\"lazy\" decoding=\"async\" class=\"aligncenter wp-image-7472\" src=\"https:\/\/www.sellersunionagent.com\/wp-content\/uploads\/2022\/06\/documents-bag-from-best-wholesale-inc-4.jpg\" alt=\"Wholesale Inc\" width=\"600\" height=\"600\" \/><img loading=\"lazy\" decoding=\"async\" class=\"aligncenter wp-image-7473\" src=\"https:\/\/www.sellersunionagent.com\/wp-content\/uploads\/2022\/06\/documents-bag-from-best-wholesale-inc-3.jpg\" alt=\"Wholesale Inc\" width=\"600\" height=\"598\" \/><img loading=\"lazy\" decoding=\"async\" class=\"aligncenter wp-image-7474\" src=\"https:\/\/www.sellersunionagent.com\/wp-content\/uploads\/2022\/06\/documents-bag-from-best-wholesale-inc-2.png\" alt=\"Wholesale Inc\" width=\"600\" height=\"600\" \/><\/li>\n<\/ul>","protected":false},"excerpt":{"rendered":"<p><strong>MOQ<\/strong>:  500 szt.<br \/>\n<strong>Bezp\u0142atna pr\u00f3bka<\/strong>:  Obs\u0142ugiwane<br \/>\n<strong>Personalizacja<\/strong>logo \/ kolor \/ materia\u0142y \/ opakowanie itp.<br \/>\n<strong>Zni\u017cka<\/strong>:  Pierwsze zam\u00f3wienia ju\u017c od 10% taniej.<br \/>\n<strong>Wska\u017anik terminowo\u015bci dostaw<\/strong>:\u00a0 100%<br \/>\n<strong>Przesy\u0142ki og\u00f3\u0142em<\/strong>:  10000 szt.<br \/>\n<strong>Wysy\u0142ka<\/strong>: Fracht morski Fracht l\u0105dowy<\/p>\n<p>&nbsp;<\/p>\n<p>&nbsp;<\/p>\n<p>Od 1997 roku rozpocz\u0119li\u015bmy nasz\u0105 dzia\u0142alno\u015b\u0107. Utrzymujemy niezwykle wysok\u0105 wra\u017cliwo\u015b\u0107 rynku na r\u00f3\u017cne towary. Specjalizujemy si\u0119 w sprzeda\u017cy hurtowej artyku\u0142\u00f3w do przechowywania, wykonujemy OEM, ODM i zapewniamy kompleksow\u0105 us\u0142ug\u0119 kompleksowych zakup\u00f3w. Z przyjemno\u015bci\u0105 oferujemy najpopularniejsze produkty, kt\u00f3re pomog\u0105 rozwin\u0105\u0107 dzia\u0142alno\u015b\u0107.<\/p>","protected":false},"featured_media":7466,"comment_status":"open","ping_status":"closed","template":"","meta":{"_acf_changed":false},"product_brand":[],"product_cat":[32],"product_tag":[96,50],"class_list":{"0":"post-7465","1":"product","2":"type-product","3":"status-publish","4":"has-post-thumbnail","6":"product_cat-digital-bag","7":"product_tag-documents-storage","8":"product_tag-wholesale","10":"first","11":"instock","12":"shipping-taxable","13":"purchasable","14":"product-type-simple","15":"swiper-slide"},"acf":[],"_links":{"self":[{"href":"https:\/\/www.sellersunionagent.com\/pl\/wp-json\/wp\/v2\/product\/7465","targetHints":{"allow":["GET"]}}],"collection":[{"href":"https:\/\/www.sellersunionagent.com\/pl\/wp-json\/wp\/v2\/product"}],"about":[{"href":"https:\/\/www.sellersunionagent.com\/pl\/wp-json\/wp\/v2\/types\/product"}],"replies":[{"embeddable":true,"href":"https:\/\/www.sellersunionagent.com\/pl\/wp-json\/wp\/v2\/comments?post=7465"}],"wp:featuredmedia":[{"embeddable":true,"href":"https:\/\/www.sellersunionagent.com\/pl\/wp-json\/wp\/v2\/media\/7466"}],"wp:attachment":[{"href":"https:\/\/www.sellersunionagent.com\/pl\/wp-json\/wp\/v2\/media?parent=7465"}],"wp:term":[{"taxonomy":"product_brand","embeddable":true,"href":"https:\/\/www.sellersunionagent.com\/pl\/wp-json\/wp\/v2\/product_brand?post=7465"},{"taxonomy":"product_cat","embeddable":true,"href":"https:\/\/www.sellersunionagent.com\/pl\/wp-json\/wp\/v2\/product_cat?post=7465"},{"taxonomy":"product_tag","embeddable":true,"href":"https:\/\/www.sellersunionagent.com\/pl\/wp-json\/wp\/v2\/product_tag?post=7465"}],"curies":[{"name":"wp","href":"https:\/\/api.w.org\/{rel}","templated":true}]}}