{"id":7453,"date":"2022-06-27T00:29:31","date_gmt":"2022-06-26T16:29:31","guid":{"rendered":"https:\/\/sellersunionagent.com\/?post_type=product&#038;p=7453"},"modified":"2022-08-01T15:07:20","modified_gmt":"2022-08-01T07:07:20","slug":"przenosne-etui-na-paszport-z-zamkiem-blyskawicznym-od-best-wholesale-inc","status":"publish","type":"product","link":"https:\/\/www.sellersunionagent.com\/pl\/portable-passport-holder-with-zipper-from-best-wholesale-inc\/","title":{"rendered":"Przeno\u015bne etui na paszport z zamkiem b\u0142yskawicznym od Best Wholesale Inc"},"content":{"rendered":"<h2>Przeno\u015bne etui na paszport z zamkiem b\u0142yskawicznym od Best Wholesale Inc<\/h2>\n<ul>\n<li>Znakomity wygl\u0105d<\/li>\n<li>Pe\u0142na funkcjonalno\u015b\u0107<\/li>\n<li>Wybrane materia\u0142y<\/li>\n<li>Modny kolor<\/li>\n<li>Wodoodporny materia\u0142<\/li>\n<li>Du\u017ca pojemno\u015b\u0107<\/li>\n<li><img fetchpriority=\"high\" decoding=\"async\" class=\"aligncenter wp-image-7454\" src=\"https:\/\/www.sellersunionagent.com\/wp-content\/uploads\/2022\/06\/portable-passport-holder-with-zipper-9.jpg\" alt=\"Wholesale Inc\" width=\"600\" height=\"600\" \/><img decoding=\"async\" class=\"aligncenter wp-image-7456\" src=\"https:\/\/www.sellersunionagent.com\/wp-content\/uploads\/2022\/06\/portable-passport-holder-with-zipper-7.jpg\" alt=\"Wholesale Inc\" width=\"600\" height=\"600\" \/><img decoding=\"async\" class=\"aligncenter wp-image-7460 size-full\" src=\"https:\/\/www.sellersunionagent.com\/wp-content\/uploads\/2022\/06\/portable-passport-holder-with-zipper-4.jpg\" alt=\"Wholesale Inc\" width=\"685\" height=\"356\" \/><br \/>\n<img loading=\"lazy\" decoding=\"async\" class=\"aligncenter wp-image-7462\" src=\"https:\/\/www.sellersunionagent.com\/wp-content\/uploads\/2022\/06\/portable-passport-holder-with-zipper-2.png\" alt=\"\" width=\"600\" height=\"288\" \/><img loading=\"lazy\" decoding=\"async\" class=\"aligncenter wp-image-7464\" src=\"https:\/\/www.sellersunionagent.com\/wp-content\/uploads\/2022\/06\/portable-passport-holder-with-zipper.jpg\" alt=\"Wholesale Inc\" width=\"600\" height=\"400\" \/><img loading=\"lazy\" decoding=\"async\" class=\"aligncenter wp-image-7463\" src=\"https:\/\/www.sellersunionagent.com\/wp-content\/uploads\/2022\/06\/portable-passport-holder-with-zipper-1.jpg\" alt=\"Wholesale Inc\" width=\"600\" height=\"425\" \/><\/li>\n<\/ul>","protected":false},"excerpt":{"rendered":"<p><strong>Typ: <\/strong>Posiadacz paszportu<\/p>\n<p><strong>Rozmiar przedmiotu:<\/strong> 24*15cm<br \/>\n<strong>Waga przedmiotu:<\/strong> 130g<br \/>\n<strong>Kolory:<\/strong>\u00a0Szary, fioletowy, czarny, ciemnoniebieski, r\u00f3\u017cowoczerwony, pomara\u0144czowy<\/p>\n<p>&nbsp;<\/p>\n<p>Od 1997 roku rozpocz\u0119li\u015bmy nasz\u0105 dzia\u0142alno\u015b\u0107. Utrzymujemy niezwykle wysok\u0105 wra\u017cliwo\u015b\u0107 rynku na r\u00f3\u017cne towary. Przechowywanie przedmiot\u00f3w od nas - najlepszej hurtowni Inc, daje wspania\u0142e do\u015bwiadczenie produktu i us\u0142ugi. Z przyjemno\u015bci\u0105 oferujemy najpopularniejsze produkty, kt\u00f3re pomog\u0105 rozwin\u0105\u0107 Tw\u00f3j biznes.<\/p>","protected":false},"featured_media":7454,"comment_status":"open","ping_status":"closed","template":"","meta":{"_acf_changed":false},"product_brand":[],"product_cat":[32],"product_tag":[95,50],"class_list":{"0":"post-7453","1":"product","2":"type-product","3":"status-publish","4":"has-post-thumbnail","6":"product_cat-digital-bag","7":"product_tag-passport-holder","8":"product_tag-wholesale","10":"first","11":"instock","12":"shipping-taxable","13":"product-type-simple","14":"swiper-slide"},"acf":[],"_links":{"self":[{"href":"https:\/\/www.sellersunionagent.com\/pl\/wp-json\/wp\/v2\/product\/7453","targetHints":{"allow":["GET"]}}],"collection":[{"href":"https:\/\/www.sellersunionagent.com\/pl\/wp-json\/wp\/v2\/product"}],"about":[{"href":"https:\/\/www.sellersunionagent.com\/pl\/wp-json\/wp\/v2\/types\/product"}],"replies":[{"embeddable":true,"href":"https:\/\/www.sellersunionagent.com\/pl\/wp-json\/wp\/v2\/comments?post=7453"}],"wp:featuredmedia":[{"embeddable":true,"href":"https:\/\/www.sellersunionagent.com\/pl\/wp-json\/wp\/v2\/media\/7454"}],"wp:attachment":[{"href":"https:\/\/www.sellersunionagent.com\/pl\/wp-json\/wp\/v2\/media?parent=7453"}],"wp:term":[{"taxonomy":"product_brand","embeddable":true,"href":"https:\/\/www.sellersunionagent.com\/pl\/wp-json\/wp\/v2\/product_brand?post=7453"},{"taxonomy":"product_cat","embeddable":true,"href":"https:\/\/www.sellersunionagent.com\/pl\/wp-json\/wp\/v2\/product_cat?post=7453"},{"taxonomy":"product_tag","embeddable":true,"href":"https:\/\/www.sellersunionagent.com\/pl\/wp-json\/wp\/v2\/product_tag?post=7453"}],"curies":[{"name":"wp","href":"https:\/\/api.w.org\/{rel}","templated":true}]}}