{"id":7443,"date":"2022-06-26T20:13:38","date_gmt":"2022-06-26T12:13:38","guid":{"rendered":"https:\/\/sellersunionagent.com\/?post_type=product&#038;p=7443"},"modified":"2022-06-26T20:13:58","modified_gmt":"2022-06-26T12:13:58","slug":"travel-makeup-for-women-large-capacity-makeup-organizer-bag-waterproof","status":"publish","type":"product","link":"https:\/\/www.sellersunionagent.com\/pl\/travel-makeup-for-women-large-capacity-makeup-organizer-bag-waterproof\/","title":{"rendered":"Makija\u017c podr\u00f3\u017cny dla kobiet Wodoodporna kosmetyczka o du\u017cej pojemno\u015bci"},"content":{"rendered":"<h2>Makija\u017c podr\u00f3\u017cny dla kobiet Wodoodporna kosmetyczka o du\u017cej pojemno\u015bci<\/h2>\n<p>&lt;Large Capacity&gt; This Makeup bag has large capacity with large opening zipper on top to help user pack, perfect design, easy to place all cosmetics, skin care products, makeup brushes, makeup tools.<\/p>\n<p>&nbsp;<\/p>\n<p>&nbsp;<\/p>\n<p>&lt;Premium Quality&gt; It was made of high-quality polyester\u00a0material, it has good waterproof performance and easy to wipe.It use SBS zipper, it is more durable and not easy to damage.<\/p>\n<p>&nbsp;<\/p>\n<p>&nbsp;<\/p>\n<p>&lt;Multifunctional Situation&gt; Not just for storage the makeup products at home, it can also be your travel bag because it is really easy to fold and save your space.<\/p>\n<p>&nbsp;<\/p>\n<p><img fetchpriority=\"high\" decoding=\"async\" class=\"aligncenter wp-image-7448\" src=\"https:\/\/www.sellersunionagent.com\/wp-content\/uploads\/2022\/06\/large-capacity-makeup-organizer-bag.jpg\" alt=\"\" width=\"600\" height=\"600\" \/><\/p>\n<p><img decoding=\"async\" class=\"aligncenter wp-image-7446\" src=\"https:\/\/www.sellersunionagent.com\/wp-content\/uploads\/2022\/06\/large-capacity-makeup-organizer-bag-2.jpg\" alt=\"\" width=\"600\" height=\"600\" \/><\/p>\n<p>&nbsp;<\/p>","protected":false},"excerpt":{"rendered":"<p>Typ: Torba do makija\u017cu<\/p>\n<p>Color: Purple\/Black\/Grey\/Pink\/Dark Blue\/Light Blue<\/p>\n<p>OEM\/ODM: zaakceptowane<\/p>","protected":false},"featured_media":7444,"comment_status":"open","ping_status":"closed","template":"","meta":{"_acf_changed":false},"product_brand":[],"product_cat":[30],"product_tag":[78,93],"class_list":{"0":"post-7443","1":"product","2":"type-product","3":"status-publish","4":"has-post-thumbnail","6":"product_cat-makeup-bag","7":"product_tag-makeup-bag","8":"product_tag-storage","10":"first","11":"instock","12":"shipping-taxable","13":"product-type-simple","14":"swiper-slide"},"acf":[],"_links":{"self":[{"href":"https:\/\/www.sellersunionagent.com\/pl\/wp-json\/wp\/v2\/product\/7443","targetHints":{"allow":["GET"]}}],"collection":[{"href":"https:\/\/www.sellersunionagent.com\/pl\/wp-json\/wp\/v2\/product"}],"about":[{"href":"https:\/\/www.sellersunionagent.com\/pl\/wp-json\/wp\/v2\/types\/product"}],"replies":[{"embeddable":true,"href":"https:\/\/www.sellersunionagent.com\/pl\/wp-json\/wp\/v2\/comments?post=7443"}],"wp:featuredmedia":[{"embeddable":true,"href":"https:\/\/www.sellersunionagent.com\/pl\/wp-json\/wp\/v2\/media\/7444"}],"wp:attachment":[{"href":"https:\/\/www.sellersunionagent.com\/pl\/wp-json\/wp\/v2\/media?parent=7443"}],"wp:term":[{"taxonomy":"product_brand","embeddable":true,"href":"https:\/\/www.sellersunionagent.com\/pl\/wp-json\/wp\/v2\/product_brand?post=7443"},{"taxonomy":"product_cat","embeddable":true,"href":"https:\/\/www.sellersunionagent.com\/pl\/wp-json\/wp\/v2\/product_cat?post=7443"},{"taxonomy":"product_tag","embeddable":true,"href":"https:\/\/www.sellersunionagent.com\/pl\/wp-json\/wp\/v2\/product_tag?post=7443"}],"curies":[{"name":"wp","href":"https:\/\/api.w.org\/{rel}","templated":true}]}}