{"id":7435,"date":"2022-06-26T19:44:03","date_gmt":"2022-06-26T11:44:03","guid":{"rendered":"https:\/\/sellersunionagent.com\/?post_type=product&#038;p=7435"},"modified":"2022-07-11T14:05:51","modified_gmt":"2022-07-11T06:05:51","slug":"kosmetyczka-z-duza-pojemnoscia-i-przegrodkami-z-chinskiego-lancuszka-dostaw","status":"publish","type":"product","link":"https:\/\/www.sellersunionagent.com\/pl\/cosmetic-bag-with-large-capacity-and-compartments-from-china-suppy-chain\/","title":{"rendered":"Kosmetyczka z du\u017c\u0105 pojemno\u015bci\u0105 i przegr\u00f3dkami z chi\u0144skiego \u0142a\u0144cucha dostaw"},"content":{"rendered":"<p>Kosmetyczka z du\u017c\u0105 pojemno\u015bci\u0105 i przegr\u00f3dkami z chi\u0144skiego \u0142a\u0144cucha dostaw<\/p>\n<p>&nbsp;<\/p>\n<p>Kompaktowe pude\u0142ko do makija\u017cu wykonane jest z wodoodpornego materia\u0142u, trwa\u0142e metalowe zamki b\u0142yskawiczne mog\u0105 by\u0107 u\u017cywane wielokrotnie i nie s\u0105 \u0142atwe do uszkodzenia.<\/p>\n<p>&nbsp;<\/p>\n<p>&nbsp;<\/p>\n<p>Kosmetyczk\u0119 mo\u017cna z\u0142o\u017cy\u0107 i spakowa\u0107 do baga\u017cu podr\u0119cznego.<\/p>\n<p>&nbsp;<\/p>\n<p>&nbsp;<\/p>\n<p>nasze etui podr\u00f3\u017cne na kosmetyki do makija\u017cu jest wyposa\u017cone w kilka regulowanych przegr\u00f3dek EVA, dzi\u0119ki czemu mo\u017cesz samodzielnie zaprojektowa\u0107 wewn\u0119trzne przegr\u00f3dki, dostosowuj\u0105c je do r\u00f3\u017cnych kosmetyk\u00f3w i utrzymuj\u0105c je idealnie oddzielone i uporz\u0105dkowane.<\/p>\n<p>&nbsp;<\/p>\n<p><img fetchpriority=\"high\" decoding=\"async\" class=\"aligncenter wp-image-7439\" src=\"https:\/\/www.sellersunionagent.com\/wp-content\/uploads\/2022\/06\/cosmetic-bag-with-large-capacity-3.jpg\" alt=\"\" width=\"600\" height=\"600\" \/><\/p>\n<p><img decoding=\"async\" class=\"aligncenter wp-image-7438\" src=\"https:\/\/www.sellersunionagent.com\/wp-content\/uploads\/2022\/06\/cosmetic-bag-with-large-capacity-4.jpg\" alt=\"\" width=\"600\" height=\"600\" \/><\/p>\n<p><img decoding=\"async\" class=\"aligncenter wp-image-7442\" src=\"https:\/\/www.sellersunionagent.com\/wp-content\/uploads\/2022\/06\/cosmetic-bag-with-large-capacity.jpg\" alt=\"\" width=\"600\" height=\"600\" \/><\/p>","protected":false},"excerpt":{"rendered":"<p>Typ: Torba do makija\u017cu<\/p>\n<p>Rozmiar przedmiotu: 26 * 19 * 8,5 CM<\/p>\n<p>Kolor: zielony\/czarny\/szary\/r\u00f3\u017cowy\/ciemnoniebieski\/jasnoniebieski<\/p>\n<p>OEM\/ODM: zaakceptowane<\/p>","protected":false},"featured_media":7440,"comment_status":"open","ping_status":"closed","template":"","meta":{"_acf_changed":false},"product_brand":[],"product_cat":[30],"product_tag":[78,93],"class_list":{"0":"post-7435","1":"product","2":"type-product","3":"status-publish","4":"has-post-thumbnail","6":"product_cat-makeup-bag","7":"product_tag-makeup-bag","8":"product_tag-storage","10":"first","11":"instock","12":"shipping-taxable","13":"product-type-simple","14":"swiper-slide"},"acf":[],"_links":{"self":[{"href":"https:\/\/www.sellersunionagent.com\/pl\/wp-json\/wp\/v2\/product\/7435","targetHints":{"allow":["GET"]}}],"collection":[{"href":"https:\/\/www.sellersunionagent.com\/pl\/wp-json\/wp\/v2\/product"}],"about":[{"href":"https:\/\/www.sellersunionagent.com\/pl\/wp-json\/wp\/v2\/types\/product"}],"replies":[{"embeddable":true,"href":"https:\/\/www.sellersunionagent.com\/pl\/wp-json\/wp\/v2\/comments?post=7435"}],"wp:featuredmedia":[{"embeddable":true,"href":"https:\/\/www.sellersunionagent.com\/pl\/wp-json\/wp\/v2\/media\/7440"}],"wp:attachment":[{"href":"https:\/\/www.sellersunionagent.com\/pl\/wp-json\/wp\/v2\/media?parent=7435"}],"wp:term":[{"taxonomy":"product_brand","embeddable":true,"href":"https:\/\/www.sellersunionagent.com\/pl\/wp-json\/wp\/v2\/product_brand?post=7435"},{"taxonomy":"product_cat","embeddable":true,"href":"https:\/\/www.sellersunionagent.com\/pl\/wp-json\/wp\/v2\/product_cat?post=7435"},{"taxonomy":"product_tag","embeddable":true,"href":"https:\/\/www.sellersunionagent.com\/pl\/wp-json\/wp\/v2\/product_tag?post=7435"}],"curies":[{"name":"wp","href":"https:\/\/api.w.org\/{rel}","templated":true}]}}