{"id":7419,"date":"2022-06-26T17:57:58","date_gmt":"2022-06-26T09:57:58","guid":{"rendered":"https:\/\/sellersunionagent.com\/?post_type=product&#038;p=7419"},"modified":"2026-01-06T14:29:44","modified_gmt":"2026-01-06T06:29:44","slug":"portable-makeup-case-with-cute-looking-for-women-and-girls","status":"publish","type":"product","link":"https:\/\/www.sellersunionagent.com\/pl\/portable-makeup-case-with-cute-looking-for-women-and-girls\/","title":{"rendered":"Przeno\u015bna kosmetyczka o \u0142adnym wygl\u0105dzie dla kobiet i dziewcz\u0105t"},"content":{"rendered":"<h2>Portable Cosmetic Bag With Cute Looking for Women and Girls<\/h2>\n<p>&nbsp;<\/p>\n<p>&nbsp;<\/p>\n<p>&lt;Large Capacity&gt; Size-21*14*13cm; Weight-110g only, easy to carry and fold<\/p>\n<p>&nbsp;<\/p>\n<p>&lt;Perfect for Daily use or take it to travel&gt; Easily fit travel-size toiletries or large skin-care products such as lotion, cream, facial cleanser, foundation, concealer, mascara, eye shadow, powder, blush, lipstick, makeup brushes.<\/p>\n<p>&nbsp;<\/p>\n<p>&lt;Separate Compartment&gt; It comes with a separate space to hold brushes and protect them from dust.\u00a0Help you to manage your makeups well.<\/p>\n<p>&nbsp;<\/p>\n<p style=\"text-align: center\"><strong>Typ:<\/strong> Torebka do makija\u017cu<\/p>\n<p style=\"text-align: center\"><strong>Pozycja nr:<\/strong> RH243<\/p>\n<p style=\"text-align: center\"><strong>Rozmiar przedmiotu:<\/strong> 21*14*13cm<\/p>\n<p style=\"text-align: center\"><strong>Kolor:<\/strong> Green\/Pink\/Black\/Grey<\/p>\n<p style=\"text-align: center\"><strong>OEM\/ODM:<\/strong> Zaakceptowany<\/p>\n<p style=\"text-align: center\"><img fetchpriority=\"high\" decoding=\"async\" class=\"aligncenter wp-image-7421\" src=\"https:\/\/www.sellersunionagent.com\/wp-content\/uploads\/2022\/06\/portable-makeup-case-5.jpg\" alt=\"\" width=\"600\" height=\"600\" \/><\/p>\n<p><img decoding=\"async\" class=\"aligncenter wp-image-7422\" src=\"https:\/\/www.sellersunionagent.com\/wp-content\/uploads\/2022\/06\/portable-makeup-case-4.jpg\" alt=\"\" width=\"600\" height=\"600\" \/><\/p>\n<p><img decoding=\"async\" class=\"aligncenter wp-image-7423\" src=\"https:\/\/www.sellersunionagent.com\/wp-content\/uploads\/2022\/06\/portable-makeup-case-3.jpg\" alt=\"\" width=\"600\" height=\"600\" \/><img loading=\"lazy\" decoding=\"async\" class=\"aligncenter wp-image-7425\" src=\"https:\/\/www.sellersunionagent.com\/wp-content\/uploads\/2022\/06\/portable-makeup-case-1.jpg\" alt=\"\" width=\"600\" height=\"555\" \/> <img loading=\"lazy\" decoding=\"async\" class=\"aligncenter wp-image-9247\" src=\"https:\/\/www.sellersunionagent.com\/wp-content\/uploads\/2022\/06\/02a3cc89115eba8755581b2061a69cd.png\" alt=\"\" width=\"600\" height=\"359\" \/> <img loading=\"lazy\" decoding=\"async\" class=\"aligncenter wp-image-9242\" src=\"https:\/\/www.sellersunionagent.com\/wp-content\/uploads\/2022\/06\/2a380eb1e66df7e8028b1cd13426170.png\" alt=\"\" width=\"600\" height=\"600\" \/><\/p>\n<p>&nbsp;<\/p>","protected":false},"excerpt":{"rendered":"<p><strong>MOQ<\/strong>:  100 szt.<br \/>\n<strong>Bezp\u0142atna pr\u00f3bka<\/strong>:  Obs\u0142ugiwane<br \/>\n<strong>Personalizacja<\/strong>logo \/ kolor \/ materia\u0142y \/ opakowanie itp.<br \/>\n<strong>Zni\u017cka<\/strong>:  Pierwsze zam\u00f3wienia ju\u017c od 10% taniej.<br \/>\n<strong>Wska\u017anik terminowo\u015bci dostaw<\/strong>:\u00a0 100%<br \/>\n<strong>Przesy\u0142ki og\u00f3\u0142em<\/strong>75500 sztuk<br \/>\n<strong>Wysy\u0142ka<\/strong>: Fracht morski Fracht l\u0105dowy<\/p>","protected":false},"featured_media":7424,"comment_status":"open","ping_status":"closed","template":"","meta":{"_acf_changed":false},"product_brand":[],"product_cat":[30],"product_tag":[171,78,93],"class_list":{"0":"post-7419","1":"product","2":"type-product","3":"status-publish","4":"has-post-thumbnail","6":"product_cat-makeup-bag","7":"product_tag-make-up-hot","8":"product_tag-makeup-bag","9":"product_tag-storage","11":"first","12":"instock","13":"shipping-taxable","14":"purchasable","15":"product-type-simple","16":"swiper-slide"},"acf":[],"_links":{"self":[{"href":"https:\/\/www.sellersunionagent.com\/pl\/wp-json\/wp\/v2\/product\/7419","targetHints":{"allow":["GET"]}}],"collection":[{"href":"https:\/\/www.sellersunionagent.com\/pl\/wp-json\/wp\/v2\/product"}],"about":[{"href":"https:\/\/www.sellersunionagent.com\/pl\/wp-json\/wp\/v2\/types\/product"}],"replies":[{"embeddable":true,"href":"https:\/\/www.sellersunionagent.com\/pl\/wp-json\/wp\/v2\/comments?post=7419"}],"wp:featuredmedia":[{"embeddable":true,"href":"https:\/\/www.sellersunionagent.com\/pl\/wp-json\/wp\/v2\/media\/7424"}],"wp:attachment":[{"href":"https:\/\/www.sellersunionagent.com\/pl\/wp-json\/wp\/v2\/media?parent=7419"}],"wp:term":[{"taxonomy":"product_brand","embeddable":true,"href":"https:\/\/www.sellersunionagent.com\/pl\/wp-json\/wp\/v2\/product_brand?post=7419"},{"taxonomy":"product_cat","embeddable":true,"href":"https:\/\/www.sellersunionagent.com\/pl\/wp-json\/wp\/v2\/product_cat?post=7419"},{"taxonomy":"product_tag","embeddable":true,"href":"https:\/\/www.sellersunionagent.com\/pl\/wp-json\/wp\/v2\/product_tag?post=7419"}],"curies":[{"name":"wp","href":"https:\/\/api.w.org\/{rel}","templated":true}]}}